{"id":4372,"date":"2025-06-05T11:58:29","date_gmt":"2025-06-05T14:58:29","guid":{"rendered":"https:\/\/www.ellogo.com.uy\/web\/?post_type=product&#038;p=4372"},"modified":"2025-06-05T16:22:25","modified_gmt":"2025-06-05T19:22:25","slug":"impresora-canon-g3110","status":"publish","type":"product","link":"https:\/\/www.ellogo.com.uy\/web\/producto\/impresora-canon-g3110\/","title":{"rendered":"Impresora Canon G3110"},"content":{"rendered":"<div class=\"ui-pdp-container__row ui-pdp-container__row--highlighted-specs-title\">\r\n<h2 class=\"ui-vpp-text-alignment--left ui-pdp-color--BLACK ui-pdp-size--XLARGE ui-pdp-family--REGULAR highlighted-specs-title\">Caracter\u00edsticas del producto<\/h2>\r\n<\/div>\r\n<div class=\"ui-pdp-container__row ui-pdp-container__row--attributes\">\r\n<div class=\"ui-vpp-highlighted-specs__attribute-columns\">\r\n<div class=\"ui-vpp-highlighted-specs__attribute-columns__column\">\r\n<div class=\"ui-pdp-container__row ui-vpp-highlighted-specs__attribute-columns__row\">\r\n<div class=\"ui-vpp-highlighted-specs__key-value\">\r\n<div class=\"ui-vpp-highlighted-specs__key-value__labels\">\r\n<p class=\"ui-pdp-family--REGULAR ui-vpp-highlighted-specs__key-value__labels__key-value\"><span class=\"ui-pdp-color--BLACK ui-pdp-size--XSMALL ui-pdp-family--REGULAR\">Tipo de impresora:<\/span>\u00a0<span class=\"ui-pdp-color--BLACK ui-pdp-size--XSMALL ui-pdp-family--SEMIBOLD\">Multifunci\u00f3n<\/span><\/p>\r\n\r\n<\/div>\r\n<\/div>\r\n<\/div>\r\n<div class=\"ui-pdp-container__row ui-vpp-highlighted-specs__attribute-columns__row\">\r\n<div class=\"ui-vpp-highlighted-specs__key-value\">\r\n<div class=\"ui-vpp-highlighted-specs__key-value__labels\">\r\n<p class=\"ui-pdp-family--REGULAR ui-vpp-highlighted-specs__key-value__labels__key-value\"><span class=\"ui-pdp-color--BLACK ui-pdp-size--XSMALL ui-pdp-family--REGULAR\">Tipo de impresi\u00f3n:<\/span>\u00a0<span class=\"ui-pdp-color--BLACK ui-pdp-size--XSMALL ui-pdp-family--SEMIBOLD\">Color<\/span><\/p>\r\n\r\n<\/div>\r\n<\/div>\r\n<\/div>\r\n<div class=\"ui-pdp-container__row ui-vpp-highlighted-specs__attribute-columns__row\">\r\n<div class=\"ui-vpp-highlighted-specs__key-value\">\r\n<div class=\"ui-vpp-highlighted-specs__key-value__labels\">\r\n<p class=\"ui-pdp-family--REGULAR ui-vpp-highlighted-specs__key-value__labels__key-value\"><span class=\"ui-pdp-color--BLACK ui-pdp-size--XSMALL ui-pdp-family--REGULAR\">Con WI-Fi :<\/span>\u00a0<span class=\"ui-pdp-color--BLACK ui-pdp-size--XSMALL ui-pdp-family--SEMIBOLD\">S\u00ed<\/span><\/p>\r\n\r\n<\/div>\r\n<\/div>\r\n<\/div>\r\n<\/div>\r\n<div class=\"ui-vpp-highlighted-specs__attribute-columns__column\">\r\n<div class=\"ui-pdp-container__row ui-vpp-highlighted-specs__attribute-columns__row\">\r\n<div class=\"ui-vpp-highlighted-specs__key-value\">\r\n<div class=\"ui-vpp-highlighted-specs__key-value__labels\">\r\n<p class=\"ui-pdp-family--REGULAR ui-vpp-highlighted-specs__key-value__labels__key-value\"><span class=\"ui-pdp-color--BLACK ui-pdp-size--XSMALL ui-pdp-family--REGULAR\">Tecnolog\u00eda de impresi\u00f3n:<\/span>\u00a0<span class=\"ui-pdp-color--BLACK ui-pdp-size--XSMALL ui-pdp-family--SEMIBOLD\">Inyecci\u00f3n de tinta<\/span><\/p>\r\n\r\n<\/div>\r\n<\/div>\r\n<\/div>\r\n<div class=\"ui-pdp-container__row ui-vpp-highlighted-specs__attribute-columns__row\">\r\n<div class=\"ui-vpp-highlighted-specs__key-value\">\r\n<div class=\"ui-vpp-highlighted-specs__key-value__labels\">\r\n<p class=\"ui-pdp-family--REGULAR ui-vpp-highlighted-specs__key-value__labels__key-value\"><span class=\"ui-pdp-color--BLACK ui-pdp-size--XSMALL ui-pdp-family--REGULAR\">Funciones de la impresora:<\/span>\u00a0<span class=\"ui-pdp-color--BLACK ui-pdp-size--XSMALL ui-pdp-family--SEMIBOLD\">Impresi\u00f3n, Copia, Escaneo<\/span><\/p>\r\n\r\n<\/div>\r\n<\/div>\r\n<\/div>\r\n<\/div>\r\n<\/div>\r\n<\/div>\r\n<div class=\"ui-pdp-container__row ui-pdp-container__row--technical-specifications\">\r\n<div class=\"ui-pdp-collapsable ui-vpp-highlighted-specs__striped-collapsed__action\">\r\n<div class=\"ui-pdp-collapsable__container\">\r\n<div class=\"ui-vpp-highlighted-specs__striped-specs\">\r\n<div class=\"ui-vpp-striped-specs\">\r\n<div class=\"ui-vpp-striped-specs__table\">\r\n<h3 class=\"ui-vpp-striped-specs__header\">Caracter\u00edsticas generales<\/h3>\r\n<table class=\"andes-table\">\r\n<tbody class=\"andes-table__body\">\r\n<tr class=\"andes-table__row ui-vpp-striped-specs__row\">\r\n<th class=\"andes-table__header andes-table__header--left ui-vpp-striped-specs__row__column ui-vpp-striped-specs__row__column--id\" scope=\"row\">\r\n<div class=\"andes-table__header__container\">Marca<\/div><\/th>\r\n<td id=\":R2if5bil99gm:\" class=\"andes-table__column andes-table__column--left andes-table__column--vertical-align-center ui-vpp-striped-specs__row__column\"><span id=\":R2if5bil99gm:-value\" class=\"andes-table__column--value\">Canon<\/span><\/td>\r\n<\/tr>\r\n<tr class=\"andes-table__row ui-vpp-striped-specs__row\">\r\n<th class=\"andes-table__header andes-table__header--left ui-vpp-striped-specs__row__column ui-vpp-striped-specs__row__column--id\" scope=\"row\">\r\n<div class=\"andes-table__header__container\">L\u00ednea<\/div><\/th>\r\n<td id=\":R2in5bil99gm:\" class=\"andes-table__column andes-table__column--left andes-table__column--vertical-align-center ui-vpp-striped-specs__row__column\"><span id=\":R2in5bil99gm:-value\" class=\"andes-table__column--value\">Pixma<\/span><\/td>\r\n<\/tr>\r\n<tr class=\"andes-table__row ui-vpp-striped-specs__row\">\r\n<th class=\"andes-table__header andes-table__header--left ui-vpp-striped-specs__row__column ui-vpp-striped-specs__row__column--id\" scope=\"row\">\r\n<div class=\"andes-table__header__container\">Modelo<\/div><\/th>\r\n<td id=\":R2iv5bil99gm:\" class=\"andes-table__column andes-table__column--left andes-table__column--vertical-align-center ui-vpp-striped-specs__row__column\"><span id=\":R2iv5bil99gm:-value\" class=\"andes-table__column--value\">G3110<\/span><\/td>\r\n<\/tr>\r\n<tr class=\"andes-table__row ui-vpp-striped-specs__row\">\r\n<th class=\"andes-table__header andes-table__header--left ui-vpp-striped-specs__row__column ui-vpp-striped-specs__row__column--id\" scope=\"row\">\r\n<div class=\"andes-table__header__container\">Modelo alfanum\u00e9rico<\/div><\/th>\r\n<td id=\":R2j75bil99gm:\" class=\"andes-table__column andes-table__column--left andes-table__column--vertical-align-center ui-vpp-striped-specs__row__column\"><span id=\":R2j75bil99gm:-value\" class=\"andes-table__column--value\">G3110<\/span><\/td>\r\n<\/tr>\r\n<tr class=\"andes-table__row ui-vpp-striped-specs__row\">\r\n<th class=\"andes-table__header andes-table__header--left ui-vpp-striped-specs__row__column ui-vpp-striped-specs__row__column--id\" scope=\"row\">\r\n<div class=\"andes-table__header__container\">Color<\/div><\/th>\r\n<td id=\":R2jf5bil99gm:\" class=\"andes-table__column andes-table__column--left andes-table__column--vertical-align-center ui-vpp-striped-specs__row__column\"><span id=\":R2jf5bil99gm:-value\" class=\"andes-table__column--value\">Negro<\/span><\/td>\r\n<\/tr>\r\n<tr class=\"andes-table__row ui-vpp-striped-specs__row\">\r\n<th class=\"andes-table__header andes-table__header--left ui-vpp-striped-specs__row__column ui-vpp-striped-specs__row__column--id\" scope=\"row\">\r\n<div class=\"andes-table__header__container\">Voltaje<\/div><\/th>\r\n<td id=\":R2jn5bil99gm:\" class=\"andes-table__column andes-table__column--left andes-table__column--vertical-align-center ui-vpp-striped-specs__row__column\"><span id=\":R2jn5bil99gm:-value\" class=\"andes-table__column--value\">220V<\/span><\/td>\r\n<\/tr>\r\n<\/tbody>\r\n<\/table>\r\n<\/div>\r\n<div class=\"ui-vpp-striped-specs__table\">\r\n<h3 class=\"ui-vpp-striped-specs__header\">Conectividad<\/h3>\r\n<table class=\"andes-table\">\r\n<tbody class=\"andes-table__body\">\r\n<tr class=\"andes-table__row ui-vpp-striped-specs__row\">\r\n<th class=\"andes-table__header andes-table__header--left ui-vpp-striped-specs__row__column ui-vpp-striped-specs__row__column--id\" scope=\"row\">\r\n<div class=\"andes-table__header__container\">Con Wi-Fi<\/div><\/th>\r\n<td id=\":R2if9bil99gm:\" class=\"andes-table__column andes-table__column--left andes-table__column--vertical-align-center ui-vpp-striped-specs__row__column\"><span id=\":R2if9bil99gm:-value\" class=\"andes-table__column--value\">S\u00ed<\/span><\/td>\r\n<\/tr>\r\n<tr class=\"andes-table__row ui-vpp-striped-specs__row\">\r\n<th class=\"andes-table__header andes-table__header--left ui-vpp-striped-specs__row__column ui-vpp-striped-specs__row__column--id\" scope=\"row\">\r\n<div class=\"andes-table__header__container\">Con puerto USB<\/div><\/th>\r\n<td id=\":R2in9bil99gm:\" class=\"andes-table__column andes-table__column--left andes-table__column--vertical-align-center ui-vpp-striped-specs__row__column\"><span id=\":R2in9bil99gm:-value\" class=\"andes-table__column--value\">S\u00ed<\/span><\/td>\r\n<\/tr>\r\n<tr class=\"andes-table__row ui-vpp-striped-specs__row\">\r\n<th class=\"andes-table__header andes-table__header--left ui-vpp-striped-specs__row__column ui-vpp-striped-specs__row__column--id\" scope=\"row\">\r\n<div class=\"andes-table__header__container\">Con Bluetooth<\/div><\/th>\r\n<td id=\":R2iv9bil99gm:\" class=\"andes-table__column andes-table__column--left andes-table__column--vertical-align-center ui-vpp-striped-specs__row__column\"><span id=\":R2iv9bil99gm:-value\" class=\"andes-table__column--value\">No<\/span><\/td>\r\n<\/tr>\r\n<tr class=\"andes-table__row ui-vpp-striped-specs__row\">\r\n<th class=\"andes-table__header andes-table__header--left ui-vpp-striped-specs__row__column ui-vpp-striped-specs__row__column--id\" scope=\"row\">\r\n<div class=\"andes-table__header__container\">Conexiones m\u00f3viles<\/div><\/th>\r\n<td id=\":R2j79bil99gm:\" class=\"andes-table__column andes-table__column--left andes-table__column--vertical-align-center ui-vpp-striped-specs__row__column\"><span id=\":R2j79bil99gm:-value\" class=\"andes-table__column--value\">Canon Print, Pixma Cloud Link, Google Cloud Print, Easy-PhotoPrint+, Message In Print<\/span><\/td>\r\n<\/tr>\r\n<\/tbody>\r\n<\/table>\r\n<\/div>\r\n<div class=\"ui-vpp-striped-specs__table\">\r\n<h3 class=\"ui-vpp-striped-specs__header\">Papel<\/h3>\r\n<table class=\"andes-table\">\r\n<tbody class=\"andes-table__body\">\r\n<tr class=\"andes-table__row ui-vpp-striped-specs__row\">\r\n<th class=\"andes-table__header andes-table__header--left ui-vpp-striped-specs__row__column ui-vpp-striped-specs__row__column--id\" scope=\"row\">\r\n<div class=\"andes-table__header__container\">Tipos de papel<\/div><\/th>\r\n<td id=\":R19fdbil99gm:\" class=\"andes-table__column andes-table__column--left andes-table__column--vertical-align-center ui-vpp-striped-specs__row__column\"><span id=\":R19fdbil99gm:-value\" class=\"andes-table__column--value\">Normal, Alta resoluci\u00f3n, Fotogr\u00e1fico mate, Sobre, Fotogr\u00e1fico brillante, Fotogr\u00e1fico satinado plus II<\/span><\/td>\r\n<\/tr>\r\n<tr class=\"andes-table__row ui-vpp-striped-specs__row\">\r\n<th class=\"andes-table__header andes-table__header--left ui-vpp-striped-specs__row__column ui-vpp-striped-specs__row__column--id\" scope=\"row\">\r\n<div class=\"andes-table__header__container\">Tama\u00f1os de papel<\/div><\/th>\r\n<td id=\":R19ndbil99gm:\" class=\"andes-table__column andes-table__column--left andes-table__column--vertical-align-center ui-vpp-striped-specs__row__column\"><span id=\":R19ndbil99gm:-value\" class=\"andes-table__column--value\">A4, A5, B5, Carta, Oficio, Sobre N10, 4 x 6 \u00ab, 5 x 7 \u00ab, Personalizado (101.6 x 152.4 mm &#8211; 215.9 x 676 mm)<\/span><\/td>\r\n<\/tr>\r\n<tr class=\"andes-table__row ui-vpp-striped-specs__row\">\r\n<th class=\"andes-table__header andes-table__header--left ui-vpp-striped-specs__row__column ui-vpp-striped-specs__row__column--id\" scope=\"row\">\r\n<div class=\"andes-table__header__container\">Capacidad m\u00e1xima de hojas<\/div><\/th>\r\n<td id=\":R19vdbil99gm:\" class=\"andes-table__column andes-table__column--left andes-table__column--vertical-align-center ui-vpp-striped-specs__row__column\"><span id=\":R19vdbil99gm:-value\" class=\"andes-table__column--value\">100<\/span><\/td>\r\n<\/tr>\r\n<\/tbody>\r\n<\/table>\r\n<\/div>\r\n<\/div>\r\n<div class=\"ui-vpp-striped-specs\">\r\n<div class=\"ui-vpp-striped-specs__table\">\r\n<h3 class=\"ui-vpp-striped-specs__header\">Impresi\u00f3n<\/h3>\r\n<table class=\"andes-table\">\r\n<tbody class=\"andes-table__body\">\r\n<tr class=\"andes-table__row ui-vpp-striped-specs__row\">\r\n<th class=\"andes-table__header andes-table__header--left ui-vpp-striped-specs__row__column ui-vpp-striped-specs__row__column--id\" scope=\"row\">\r\n<div class=\"andes-table__header__container\">Tipo de impresora<\/div><\/th>\r\n<td id=\":R2if6bil99gm:\" class=\"andes-table__column andes-table__column--left andes-table__column--vertical-align-center ui-vpp-striped-specs__row__column\"><span id=\":R2if6bil99gm:-value\" class=\"andes-table__column--value\">Multifunci\u00f3n<\/span><\/td>\r\n<\/tr>\r\n<tr class=\"andes-table__row ui-vpp-striped-specs__row\">\r\n<th class=\"andes-table__header andes-table__header--left ui-vpp-striped-specs__row__column ui-vpp-striped-specs__row__column--id\" scope=\"row\">\r\n<div class=\"andes-table__header__container\">Tecnolog\u00eda de impresi\u00f3n<\/div><\/th>\r\n<td id=\":R2in6bil99gm:\" class=\"andes-table__column andes-table__column--left andes-table__column--vertical-align-center ui-vpp-striped-specs__row__column\"><span id=\":R2in6bil99gm:-value\" class=\"andes-table__column--value\">Inyecci\u00f3n de tinta<\/span><\/td>\r\n<\/tr>\r\n<tr class=\"andes-table__row ui-vpp-striped-specs__row\">\r\n<th class=\"andes-table__header andes-table__header--left ui-vpp-striped-specs__row__column ui-vpp-striped-specs__row__column--id\" scope=\"row\">\r\n<div class=\"andes-table__header__container\">Tipo de impresi\u00f3n<\/div><\/th>\r\n<td id=\":R2iv6bil99gm:\" class=\"andes-table__column andes-table__column--left andes-table__column--vertical-align-center ui-vpp-striped-specs__row__column\"><span id=\":R2iv6bil99gm:-value\" class=\"andes-table__column--value\">Color<\/span><\/td>\r\n<\/tr>\r\n<tr class=\"andes-table__row ui-vpp-striped-specs__row\">\r\n<th class=\"andes-table__header andes-table__header--left ui-vpp-striped-specs__row__column ui-vpp-striped-specs__row__column--id\" scope=\"row\">\r\n<div class=\"andes-table__header__container\">Funciones de la impresora<\/div><\/th>\r\n<td id=\":R2j76bil99gm:\" class=\"andes-table__column andes-table__column--left andes-table__column--vertical-align-center ui-vpp-striped-specs__row__column\"><span id=\":R2j76bil99gm:-value\" class=\"andes-table__column--value\">Impresi\u00f3n, Copia, Escaneo<\/span><\/td>\r\n<\/tr>\r\n<tr class=\"andes-table__row ui-vpp-striped-specs__row\">\r\n<th class=\"andes-table__header andes-table__header--left ui-vpp-striped-specs__row__column ui-vpp-striped-specs__row__column--id\" scope=\"row\">\r\n<div class=\"andes-table__header__container\">Velocidad m\u00e1xima de impresi\u00f3n en blanco y negro<\/div><\/th>\r\n<td id=\":R2jf6bil99gm:\" class=\"andes-table__column andes-table__column--left andes-table__column--vertical-align-center ui-vpp-striped-specs__row__column\"><span id=\":R2jf6bil99gm:-value\" class=\"andes-table__column--value\">8,8 ppm<\/span><\/td>\r\n<\/tr>\r\n<tr class=\"andes-table__row ui-vpp-striped-specs__row\">\r\n<th class=\"andes-table__header andes-table__header--left ui-vpp-striped-specs__row__column ui-vpp-striped-specs__row__column--id\" scope=\"row\">\r\n<div class=\"andes-table__header__container\">Velocidad m\u00e1xima de impresi\u00f3n en color<\/div><\/th>\r\n<td id=\":R2jn6bil99gm:\" class=\"andes-table__column andes-table__column--left andes-table__column--vertical-align-center ui-vpp-striped-specs__row__column\"><span id=\":R2jn6bil99gm:-value\" class=\"andes-table__column--value\">5 ppm<\/span><\/td>\r\n<\/tr>\r\n<tr class=\"andes-table__row ui-vpp-striped-specs__row\">\r\n<th class=\"andes-table__header andes-table__header--left ui-vpp-striped-specs__row__column ui-vpp-striped-specs__row__column--id\" scope=\"row\">\r\n<div class=\"andes-table__header__container\">M\u00e9todo de impresi\u00f3n doble faz<\/div><\/th>\r\n<td id=\":R2jv6bil99gm:\" class=\"andes-table__column andes-table__column--left andes-table__column--vertical-align-center ui-vpp-striped-specs__row__column\"><span id=\":R2jv6bil99gm:-value\" class=\"andes-table__column--value\">Manual<\/span><\/td>\r\n<\/tr>\r\n<\/tbody>\r\n<\/table>\r\n<\/div>\r\n<div class=\"ui-vpp-striped-specs__table\">\r\n<h3 class=\"ui-vpp-striped-specs__header\">Especificaciones<\/h3>\r\n<table class=\"andes-table\">\r\n<tbody class=\"andes-table__body\">\r\n<tr class=\"andes-table__row ui-vpp-striped-specs__row\">\r\n<th class=\"andes-table__header andes-table__header--left ui-vpp-striped-specs__row__column ui-vpp-striped-specs__row__column--id\" scope=\"row\">\r\n<div class=\"andes-table__header__container\">Es port\u00e1til<\/div><\/th>\r\n<td id=\":R2ifabil99gm:\" class=\"andes-table__column andes-table__column--left andes-table__column--vertical-align-center ui-vpp-striped-specs__row__column\"><span id=\":R2ifabil99gm:-value\" class=\"andes-table__column--value\">No<\/span><\/td>\r\n<\/tr>\r\n<tr class=\"andes-table__row ui-vpp-striped-specs__row\">\r\n<th class=\"andes-table__header andes-table__header--left ui-vpp-striped-specs__row__column ui-vpp-striped-specs__row__column--id\" scope=\"row\">\r\n<div class=\"andes-table__header__container\">Cantidad de cartuchos<\/div><\/th>\r\n<td id=\":R2inabil99gm:\" class=\"andes-table__column andes-table__column--left andes-table__column--vertical-align-center ui-vpp-striped-specs__row__column\"><span id=\":R2inabil99gm:-value\" class=\"andes-table__column--value\">4<\/span><\/td>\r\n<\/tr>\r\n<tr class=\"andes-table__row ui-vpp-striped-specs__row\">\r\n<th class=\"andes-table__header andes-table__header--left ui-vpp-striped-specs__row__column ui-vpp-striped-specs__row__column--id\" scope=\"row\">\r\n<div class=\"andes-table__header__container\">Tipo de pantalla<\/div><\/th>\r\n<td id=\":R2ivabil99gm:\" class=\"andes-table__column andes-table__column--left andes-table__column--vertical-align-center ui-vpp-striped-specs__row__column\"><span id=\":R2ivabil99gm:-value\" class=\"andes-table__column--value\">LCD<\/span><\/td>\r\n<\/tr>\r\n<tr class=\"andes-table__row ui-vpp-striped-specs__row\">\r\n<th class=\"andes-table__header andes-table__header--left ui-vpp-striped-specs__row__column ui-vpp-striped-specs__row__column--id\" scope=\"row\">\r\n<div class=\"andes-table__header__container\">Accesorios incluidos<\/div><\/th>\r\n<td id=\":R2j7abil99gm:\" class=\"andes-table__column andes-table__column--left andes-table__column--vertical-align-center ui-vpp-striped-specs__row__column\"><span id=\":R2j7abil99gm:-value\" class=\"andes-table__column--value\">Botella de tinta negra, Botella de tinta cian, Botella de tinta magenta, Botella de tinta amarilla, Cable USB, Cable de alimentaci\u00f3n, Manual<\/span><\/td>\r\n<\/tr>\r\n<\/tbody>\r\n<\/table>\r\n<\/div>\r\n<div class=\"ui-vpp-striped-specs__table\">\r\n<h3 class=\"ui-vpp-striped-specs__header\">Otros<\/h3>\r\n<table class=\"andes-table\">\r\n<tbody class=\"andes-table__body\">\r\n<tr class=\"andes-table__row ui-vpp-striped-specs__row\">\r\n<th class=\"andes-table__header andes-table__header--left ui-vpp-striped-specs__row__column ui-vpp-striped-specs__row__column--id\" scope=\"row\">\r\n<div class=\"andes-table__header__container\">Resoluci\u00f3n m\u00e1xima de impresi\u00f3n en blanco y negro<\/div><\/th>\r\n<td id=\":R2ifebil99gm:\" class=\"andes-table__column andes-table__column--left andes-table__column--vertical-align-center ui-vpp-striped-specs__row__column\"><span id=\":R2ifebil99gm:-value\" class=\"andes-table__column--value\">600 dpi x 600 dpi<\/span><\/td>\r\n<\/tr>\r\n<tr class=\"andes-table__row ui-vpp-striped-specs__row\">\r\n<th class=\"andes-table__header andes-table__header--left ui-vpp-striped-specs__row__column ui-vpp-striped-specs__row__column--id\" scope=\"row\">\r\n<div class=\"andes-table__header__container\">Resoluci\u00f3n m\u00e1xima de impresi\u00f3n en color<\/div><\/th>\r\n<td id=\":R2inebil99gm:\" class=\"andes-table__column andes-table__column--left andes-table__column--vertical-align-center ui-vpp-striped-specs__row__column\"><span id=\":R2inebil99gm:-value\" class=\"andes-table__column--value\">4800 dpi x 1200 dpi<\/span><\/td>\r\n<\/tr>\r\n<tr class=\"andes-table__row ui-vpp-striped-specs__row\">\r\n<th class=\"andes-table__header andes-table__header--left ui-vpp-striped-specs__row__column ui-vpp-striped-specs__row__column--id\" scope=\"row\">\r\n<div class=\"andes-table__header__container\">Formatos de archivos soportados<\/div><\/th>\r\n<td id=\":R2ivebil99gm:\" class=\"andes-table__column andes-table__column--left andes-table__column--vertical-align-center ui-vpp-striped-specs__row__column\"><span id=\":R2ivebil99gm:-value\" class=\"andes-table__column--value\">JPEG, PDF, PNG, TIFF<\/span><\/td>\r\n<\/tr>\r\n<tr class=\"andes-table__row ui-vpp-striped-specs__row\">\r\n<th class=\"andes-table__header andes-table__header--left ui-vpp-striped-specs__row__column ui-vpp-striped-specs__row__column--id\" scope=\"row\">\r\n<div class=\"andes-table__header__container\">Altura<\/div><\/th>\r\n<td id=\":R2j7ebil99gm:\" class=\"andes-table__column andes-table__column--left andes-table__column--vertical-align-center ui-vpp-striped-specs__row__column\"><span id=\":R2j7ebil99gm:-value\" class=\"andes-table__column--value\">16,3 cm<\/span><\/td>\r\n<\/tr>\r\n<tr class=\"andes-table__row ui-vpp-striped-specs__row\">\r\n<th class=\"andes-table__header andes-table__header--left ui-vpp-striped-specs__row__column ui-vpp-striped-specs__row__column--id\" scope=\"row\">\r\n<div class=\"andes-table__header__container\">Ancho<\/div><\/th>\r\n<td id=\":R2jfebil99gm:\" class=\"andes-table__column andes-table__column--left andes-table__column--vertical-align-center ui-vpp-striped-specs__row__column\"><span id=\":R2jfebil99gm:-value\" class=\"andes-table__column--value\">44,5 cm<\/span><\/td>\r\n<\/tr>\r\n<tr class=\"andes-table__row ui-vpp-striped-specs__row\">\r\n<th class=\"andes-table__header andes-table__header--left ui-vpp-striped-specs__row__column ui-vpp-striped-specs__row__column--id\" scope=\"row\">\r\n<div class=\"andes-table__header__container\">Profundidad<\/div><\/th>\r\n<td id=\":R2jnebil99gm:\" class=\"andes-table__column andes-table__column--left andes-table__column--vertical-align-center ui-vpp-striped-specs__row__column\"><span id=\":R2jnebil99gm:-value\" class=\"andes-table__column--value\">33 cm<\/span><\/td>\r\n<\/tr>\r\n<tr class=\"andes-table__row ui-vpp-striped-specs__row\">\r\n<th class=\"andes-table__header andes-table__header--left ui-vpp-striped-specs__row__column ui-vpp-striped-specs__row__column--id\" scope=\"row\">\r\n<div class=\"andes-table__header__container\">Peso<\/div><\/th>\r\n<td id=\":R2jvebil99gm:\" class=\"andes-table__column andes-table__column--left andes-table__column--vertical-align-center ui-vpp-striped-specs__row__column\"><span id=\":R2jvebil99gm:-value\" class=\"andes-table__column--value\">6,3 kg<\/span><\/td>\r\n<\/tr>\r\n<\/tbody>\r\n<\/table>\r\n<\/div>\r\n<\/div>\r\n<\/div>\r\n<\/div>\r\n<\/div>\r\n<\/div>","protected":false},"excerpt":{"rendered":"La impresora Canon G3110 proporciona la capacidad de imprimir, copiar y escanear y una pantalla LCD de 1.2 pulgadas el cual permite f\u00e1cilmente hacer copias y verificar la conexi\u00f3n de la red. Resoluci\u00f3n M\u00e1xima: 4800 x 1200 dpi. Cantidad de boquillas: Color: 1,152\/ Pigmento Negro: 320\/total: 1,492.\r\n\r\n&nbsp;\r\n\r\nImagen Ilustrativa, disponibilidad sujeta a stock.","protected":false},"featured_media":4373,"comment_status":"open","ping_status":"closed","template":"","meta":[],"_links":{"self":[{"href":"https:\/\/www.ellogo.com.uy\/web\/wp-json\/wp\/v2\/product\/4372"}],"collection":[{"href":"https:\/\/www.ellogo.com.uy\/web\/wp-json\/wp\/v2\/product"}],"about":[{"href":"https:\/\/www.ellogo.com.uy\/web\/wp-json\/wp\/v2\/types\/product"}],"replies":[{"embeddable":true,"href":"https:\/\/www.ellogo.com.uy\/web\/wp-json\/wp\/v2\/comments?post=4372"}],"wp:featuredmedia":[{"embeddable":true,"href":"https:\/\/www.ellogo.com.uy\/web\/wp-json\/wp\/v2\/media\/4373"}],"wp:attachment":[{"href":"https:\/\/www.ellogo.com.uy\/web\/wp-json\/wp\/v2\/media?parent=4372"}],"curies":[{"name":"wp","href":"https:\/\/api.w.org\/{rel}","templated":true}]}}