{"id":4389,"date":"2025-06-05T15:34:33","date_gmt":"2025-06-05T18:34:33","guid":{"rendered":"https:\/\/www.ellogo.com.uy\/web\/?post_type=product&#038;p=4389"},"modified":"2025-06-05T16:29:36","modified_gmt":"2025-06-05T19:29:36","slug":"aurigulares-lightning","status":"publish","type":"product","link":"https:\/\/www.ellogo.com.uy\/web\/producto\/aurigulares-lightning\/","title":{"rendered":"Auriculares lightning"},"content":{"rendered":"<div class=\"WaaZC\">\r\n<div class=\"RJPOee EIJn2\">\r\n<div class=\"rPeykc pyPiTc\" data-hveid=\"CAsQAQ\" data-ved=\"2ahUKEwjpwd3H9dqNAxWdrZUCHTaaM2kQo_EKegQICxAB\"><span data-huuid=\"7475411453977659480\">Caracter\u00edsticas clave:<\/span><\/div>\r\n<\/div>\r\n<\/div>\r\n<div class=\"WaaZC\">\r\n<div class=\"RJPOee EIJn2\">\r\n<ul data-hveid=\"CDAQAQ\" data-ved=\"2ahUKEwjpwd3H9dqNAxWdrZUCHTaaM2kQm_YKegQIMBAB\">\r\n \t<li class=\"K3KsMc\">\r\n<div class=\"zMgcWd dSKvsb\" data-il=\"\">\r\n<div data-crb-p=\"\">\r\n<div class=\"xFTqob\">\r\n<div class=\"Gur8Ad\"><span data-huuid=\"7475411453977659881\"><strong>Conector Lightning:<\/strong><\/span><\/div>\r\n<div class=\"vM0jzc\">\r\n\r\n<span data-huuid=\"7475411453977661380\">La conexi\u00f3n digital entre los auriculares y el dispositivo permite una transmisi\u00f3n de audio m\u00e1s limpia y de mejor calidad.<span class=\"pjBG2e\" data-cid=\"a3360567-be5f-4fe8-b799-693ad219d685\"><span class=\"UV3uM\">\u00a0<\/span><\/span><\/span>\r\n<div class=\"NPrrbc\" data-cid=\"a3360567-be5f-4fe8-b799-693ad219d685\" data-uuids=\"7475411453977659881,7475411453977661380\">\r\n<div class=\"BMebGe btku5b fCrZyc LwdV0e FR7ZSc OJeuxf\" tabindex=\"0\" role=\"button\" aria-label=\"Ver v\u00ednculos relacionados\" data-hveid=\"CCEQAQ\" data-ved=\"2ahUKEwjpwd3H9dqNAxWdrZUCHTaaM2kQ3fYKegQIIRAB\">\r\n<div class=\"niO4u\">\r\n<div class=\"kHtcsd\"><\/div>\r\n<\/div>\r\n<\/div>\r\n<\/div>\r\n<\/div>\r\n<\/div>\r\n<\/div>\r\n<\/div><\/li>\r\n \t<li class=\"K3KsMc\">\r\n<div class=\"zMgcWd dSKvsb\" data-il=\"\">\r\n<div data-crb-p=\"\">\r\n<div class=\"xFTqob\">\r\n<div class=\"Gur8Ad\"><span data-huuid=\"7475411453977660282\"><strong>Controles remotos:<\/strong><\/span><\/div>\r\n<div class=\"vM0jzc\">\r\n\r\n<span data-huuid=\"7475411453977657685\">Muchos modelos incluyen controles integrados para ajustar el volumen, reproducir\/pausar m\u00fasica, cambiar de pista y contestar\/colgar llamadas.<span class=\"pjBG2e\" data-cid=\"f6daa959-350b-47e2-8a49-e971e0718402\"><span class=\"UV3uM\">\u00a0<\/span><\/span><\/span>\r\n<div class=\"NPrrbc\" data-cid=\"f6daa959-350b-47e2-8a49-e971e0718402\" data-uuids=\"7475411453977660282,7475411453977657685\">\r\n<div class=\"BMebGe btku5b fCrZyc LwdV0e FR7ZSc OJeuxf\" tabindex=\"0\" role=\"button\" aria-label=\"Ver v\u00ednculos relacionados\" data-hveid=\"CB4QAQ\" data-ved=\"2ahUKEwjpwd3H9dqNAxWdrZUCHTaaM2kQ3fYKegQIHhAB\">\r\n<div class=\"niO4u\">\r\n<div class=\"kHtcsd\"><\/div>\r\n<\/div>\r\n<\/div>\r\n<\/div>\r\n<\/div>\r\n<\/div>\r\n<\/div>\r\n<\/div><\/li>\r\n \t<li class=\"K3KsMc\">\r\n<div class=\"zMgcWd dSKvsb\" data-il=\"\">\r\n<div data-crb-p=\"\">\r\n<div class=\"xFTqob\">\r\n<div class=\"Gur8Ad\"><span data-huuid=\"7475411453977660683\"><strong>Micr\u00f3fono integrado:<\/strong><\/span><\/div>\r\n<div class=\"vM0jzc\">\r\n\r\n<span data-huuid=\"7475411453977658086\">Permite realizar llamadas y usar asistentes virtuales como Siri.<span class=\"pjBG2e\" data-cid=\"5ff262f9-3b26-40bc-80d7-6cec3e1dcff7\"><span class=\"UV3uM\">\u00a0<\/span><\/span><\/span>\r\n<div class=\"NPrrbc\" data-cid=\"5ff262f9-3b26-40bc-80d7-6cec3e1dcff7\" data-uuids=\"7475411453977660683,7475411453977658086\">\r\n<div class=\"BMebGe btku5b fCrZyc LwdV0e FR7ZSc OJeuxf\" tabindex=\"0\" role=\"button\" aria-label=\"Ver v\u00ednculos relacionados\" data-hveid=\"CB8QAQ\" data-ved=\"2ahUKEwjpwd3H9dqNAxWdrZUCHTaaM2kQ3fYKegQIHxAB\">\r\n<div class=\"niO4u\">\r\n<div class=\"kHtcsd\"><\/div>\r\n<\/div>\r\n<\/div>\r\n<\/div>\r\n<\/div>\r\n<\/div>\r\n<\/div>\r\n<\/div><\/li>\r\n \t<li class=\"K3KsMc\">\r\n<div class=\"zMgcWd dSKvsb\" data-il=\"\">\r\n<div data-crb-p=\"\">\r\n<div class=\"xFTqob\">\r\n<div class=\"Gur8Ad\"><span data-huuid=\"7475411453977661084\"><strong>Dise\u00f1o ergon\u00f3mico:<\/strong><\/span><\/div>\r\n<div class=\"vM0jzc\">\r\n\r\n<span data-huuid=\"7475411453977658487\">Muchos auriculares Lightning est\u00e1n dise\u00f1ados para adaptarse c\u00f3modamente a la anatom\u00eda del o\u00eddo, lo que los hace c\u00f3modos incluso durante largos per\u00edodos de uso.<span class=\"pjBG2e\" data-cid=\"48a156e7-3d66-4a7c-8433-1b6b3f62cc96\"><span class=\"UV3uM\">\u00a0<\/span><\/span><\/span>\r\n<div class=\"NPrrbc\" data-cid=\"48a156e7-3d66-4a7c-8433-1b6b3f62cc96\" data-uuids=\"7475411453977661084,7475411453977658487\">\r\n<div class=\"BMebGe btku5b fCrZyc LwdV0e FR7ZSc OJeuxf\" tabindex=\"0\" role=\"button\" aria-label=\"Ver v\u00ednculos relacionados\" data-hveid=\"CCwQAQ\" data-ved=\"2ahUKEwjpwd3H9dqNAxWdrZUCHTaaM2kQ3fYKegQILBAB\">\r\n<div class=\"niO4u\">\r\n<div class=\"kHtcsd\"><\/div>\r\n<\/div>\r\n<\/div>\r\n<\/div>\r\n<\/div>\r\n<\/div>\r\n<\/div>\r\n<\/div><\/li>\r\n \t<li class=\"K3KsMc\">\r\n<div class=\"zMgcWd dSKvsb\" data-il=\"\">\r\n<div data-crb-p=\"\">\r\n<div class=\"xFTqob\">\r\n<div class=\"Gur8Ad\"><span data-huuid=\"7475411453977657389\"><strong>Compatibilidad:<\/strong><\/span><\/div>\r\n<div class=\"vM0jzc\">\r\n\r\n<span data-huuid=\"7475411453977658888\">Son compatibles con dispositivos Apple que tienen puerto Lightning, como iPhone, iPad y iPod touch.<span class=\"pjBG2e\" data-cid=\"45c0d7a9-334e-48fb-91d7-a3355f8b6f57\"><span class=\"UV3uM\">\u00a0<\/span><\/span><\/span>\r\n<div class=\"NPrrbc\" data-cid=\"45c0d7a9-334e-48fb-91d7-a3355f8b6f57\" data-uuids=\"7475411453977657389,7475411453977658888\">\r\n<div class=\"BMebGe btku5b fCrZyc LwdV0e FR7ZSc OJeuxf\" tabindex=\"0\" role=\"button\" aria-label=\"Ver v\u00ednculos relacionados\" data-hveid=\"CCgQAQ\" data-ved=\"2ahUKEwjpwd3H9dqNAxWdrZUCHTaaM2kQ3fYKegQIKBAB\">\r\n<div class=\"niO4u\">\r\n<div class=\"kHtcsd\"><\/div>\r\n<\/div>\r\n<\/div>\r\n<\/div>\r\n<\/div>\r\n<\/div>\r\n<\/div>\r\n<\/div><\/li>\r\n \t<li class=\"K3KsMc\">\r\n<div class=\"zMgcWd dSKvsb\" data-il=\"\">\r\n<div data-crb-p=\"\">\r\n<div class=\"xFTqob\">\r\n<div class=\"Gur8Ad\"><span data-huuid=\"7475411453977657790\"><strong>Variedad de estilos:<\/strong><\/span><\/div>\r\n<div class=\"vM0jzc\">\r\n\r\n<span data-huuid=\"7475411453977659289\">Los auriculares Lightning vienen en diferentes estilos, desde modelos in-ear como los EarPods hasta modelos con mayor peso y tama\u00f1o.<span class=\"pjBG2e\" data-cid=\"3a443c7d-05b6-42b0-9458-e559b560092d\"><span class=\"UV3uM\">\u00a0<\/span><\/span><\/span>\r\n<div class=\"NPrrbc\" data-cid=\"3a443c7d-05b6-42b0-9458-e559b560092d\" data-uuids=\"7475411453977657790,7475411453977659289\">\r\n<div class=\"BMebGe btku5b fCrZyc LwdV0e FR7ZSc OJeuxf\" tabindex=\"0\" role=\"button\" aria-label=\"Ver v\u00ednculos relacionados\" data-hveid=\"CCsQAQ\" data-ved=\"2ahUKEwjpwd3H9dqNAxWdrZUCHTaaM2kQ3fYKegQIKxAB\">\r\n<div class=\"niO4u\">\r\n<div class=\"kHtcsd\"><\/div>\r\n<\/div>\r\n<\/div>\r\n<\/div>\r\n<\/div>\r\n<\/div>\r\n<\/div>\r\n<\/div><\/li>\r\n \t<li class=\"K3KsMc\">\r\n<div class=\"zMgcWd dSKvsb\" data-il=\"\">\r\n<div data-crb-p=\"\">\r\n<div class=\"xFTqob\">\r\n<div class=\"Gur8Ad\"><span data-huuid=\"7475411453977658191\"><strong>Opci\u00f3n inal\u00e1mbrica:<\/strong><\/span><\/div>\r\n<div class=\"vM0jzc\">\r\n\r\n<span data-huuid=\"7475411453977659690\">Los AirPods y AirPods Pro, aunque no se conectan directamente a trav\u00e9s de Lightning, s\u00ed se recargan en un estuche que se carga con Lightning.<span class=\"pjBG2e\" data-cid=\"c4174871-9c37-47cd-b156-9c740178c5e6\"><span class=\"UV3uM\">\u00a0<\/span><\/span><\/span>\r\n<div class=\"NPrrbc\" data-cid=\"c4174871-9c37-47cd-b156-9c740178c5e6\" data-uuids=\"7475411453977658191,7475411453977659690\">\r\n<div class=\"BMebGe btku5b fCrZyc LwdV0e FR7ZSc OJeuxf\" tabindex=\"0\" role=\"button\" aria-label=\"Ver v\u00ednculos relacionados\" data-hveid=\"CCIQAQ\" data-ved=\"2ahUKEwjpwd3H9dqNAxWdrZUCHTaaM2kQ3fYKegQIIhAB\">\r\n<div class=\"niO4u\">\r\n<div class=\"kHtcsd\"><\/div>\r\n<\/div>\r\n<\/div>\r\n<\/div>\r\n<\/div>\r\n<\/div>\r\n<\/div>\r\n<\/div><\/li>\r\n<\/ul>\r\n<\/div>\r\n<\/div>\r\n<div class=\"WaaZC\">\r\n<div class=\"RJPOee EIJn2\">\r\n<div class=\"rPeykc\" data-hveid=\"CDgQAQ\" data-ved=\"2ahUKEwjpwd3H9dqNAxWdrZUCHTaaM2kQo_EKegQIOBAB\"><span data-huuid=\"3175028506534379941\">En resumen, los auriculares Lightning ofrecen una experiencia auditiva de calidad con la comodidad de una conexi\u00f3n directa a dispositivos Apple, y muchos modelos incluyen funciones adicionales como controles remotos y micr\u00f3fonos integrados.<span class=\"pjBG2e\" data-cid=\"98851e55-68d5-4c3e-9182-b54dcfb68044\"><span class=\"UV3uM\">\u00a0<\/span><\/span><\/span><\/div>\r\n<\/div>\r\n<\/div>","protected":false},"excerpt":{"rendered":"<span data-huuid=\"18077640658060458610\">Los auriculares Lightning\u00a0<\/span>son un tipo de aud\u00edfonos que se conectan a dispositivos Apple (iPhone, iPad, iPod touch) a trav\u00e9s del puerto Lightning<span data-huuid=\"18077640658060458610\">.\u00a0<\/span><span data-huuid=\"18077640658060459757\">A diferencia de los auriculares tradicionales con conector de 3.5mm, los auriculares Lightning se conectan digitalmente al dispositivo, lo que puede resultar en una mejor calidad de sonido y funciones adicionales como controles remotos integrados.<span class=\"pjBG2e\" data-cid=\"47adf9dc-115c-406b-b29f-a6c046b5a77f\"><span class=\"UV3uM\">\u00a0<\/span><\/span><\/span>\r\n\r\n&nbsp;\r\n\r\nImagen Ilustrativa, disponibilidad sujeta a stock.","protected":false},"featured_media":4390,"comment_status":"open","ping_status":"closed","template":"","meta":[],"_links":{"self":[{"href":"https:\/\/www.ellogo.com.uy\/web\/wp-json\/wp\/v2\/product\/4389"}],"collection":[{"href":"https:\/\/www.ellogo.com.uy\/web\/wp-json\/wp\/v2\/product"}],"about":[{"href":"https:\/\/www.ellogo.com.uy\/web\/wp-json\/wp\/v2\/types\/product"}],"replies":[{"embeddable":true,"href":"https:\/\/www.ellogo.com.uy\/web\/wp-json\/wp\/v2\/comments?post=4389"}],"wp:featuredmedia":[{"embeddable":true,"href":"https:\/\/www.ellogo.com.uy\/web\/wp-json\/wp\/v2\/media\/4390"}],"wp:attachment":[{"href":"https:\/\/www.ellogo.com.uy\/web\/wp-json\/wp\/v2\/media?parent=4389"}],"curies":[{"name":"wp","href":"https:\/\/api.w.org\/{rel}","templated":true}]}}