{"id":4391,"date":"2025-06-05T15:41:19","date_gmt":"2025-06-05T18:41:19","guid":{"rendered":"https:\/\/www.ellogo.com.uy\/web\/?post_type=product&#038;p=4391"},"modified":"2025-06-05T16:30:14","modified_gmt":"2025-06-05T19:30:14","slug":"televisor-enxuta-32-smart-tv","status":"publish","type":"product","link":"https:\/\/www.ellogo.com.uy\/web\/producto\/televisor-enxuta-32-smart-tv\/","title":{"rendered":"Televisor Enxuta 32&#8243; SMART TV"},"content":{"rendered":"Resoluci\u00f3n HD: 1366 x 768 pixeles\r\nSintonizador Digital ISDB-T\r\nHDMI x2\r\nUSB x2\r\nWi-Fi incorporado\r\nAndroid 12\r\n4 Core A53 1.4 GHz\r\nRam: 1 GB\r\nFlash: 8 GB\r\nBrowser\r\nMedidas con patas:\r\nAn.: 73,15 cm Pr.: 20,72 cm Al.: 47,55 cm\r\nMedidas sin patas:\r\nAn.: 73,15 cm Pr.: 8,1 cm Al.: 43,34 cm","protected":false},"excerpt":{"rendered":"El Smart TV Enxuta de 32&#8243;\u00a0es un televisor LED con resoluci\u00f3n HD (1366 x 768 p\u00edxeles) que incluye funciones de Smart TV como acceso a aplicaciones de streaming. Tambi\u00e9n cuenta con sintonizador digital ISDB-T para ver canales locales.<span class=\"pjBG2e\" data-cid=\"e2105912-cf46-4cfc-8fcf-6f4d2ebb4fa0\"><span class=\"UV3uM\">\u00a0<\/span><\/span>\r\n\r\n&nbsp;\r\n\r\nImagen Ilustrativa, disponibilidad sujeta a stock.","protected":false},"featured_media":4392,"comment_status":"open","ping_status":"closed","template":"","meta":[],"_links":{"self":[{"href":"https:\/\/www.ellogo.com.uy\/web\/wp-json\/wp\/v2\/product\/4391"}],"collection":[{"href":"https:\/\/www.ellogo.com.uy\/web\/wp-json\/wp\/v2\/product"}],"about":[{"href":"https:\/\/www.ellogo.com.uy\/web\/wp-json\/wp\/v2\/types\/product"}],"replies":[{"embeddable":true,"href":"https:\/\/www.ellogo.com.uy\/web\/wp-json\/wp\/v2\/comments?post=4391"}],"wp:featuredmedia":[{"embeddable":true,"href":"https:\/\/www.ellogo.com.uy\/web\/wp-json\/wp\/v2\/media\/4392"}],"wp:attachment":[{"href":"https:\/\/www.ellogo.com.uy\/web\/wp-json\/wp\/v2\/media?parent=4391"}],"curies":[{"name":"wp","href":"https:\/\/api.w.org\/{rel}","templated":true}]}}