{"id":4394,"date":"2025-06-05T15:44:09","date_gmt":"2025-06-05T18:44:09","guid":{"rendered":"https:\/\/www.ellogo.com.uy\/web\/?post_type=product&#038;p=4394"},"modified":"2025-06-05T16:30:41","modified_gmt":"2025-06-05T19:30:41","slug":"barra-de-sonido-xion-2-1","status":"publish","type":"product","link":"https:\/\/www.ellogo.com.uy\/web\/producto\/barra-de-sonido-xion-2-1\/","title":{"rendered":"Barra de sonido Xion 2.1"},"content":{"rendered":"<div class=\"WaaZC\">\r\n<div class=\"RJPOee EIJn2\">\r\n<div class=\"rPeykc pyPiTc\" data-hveid=\"CAsQAQ\" data-ved=\"2ahUKEwiU6t7a99qNAxWdrZUCHTaaM2kQo_EKegQICxAB\"><span data-huuid=\"8227832613525782365\">Caracter\u00edsticas principales:<\/span><\/div>\r\n<\/div>\r\n<\/div>\r\n<div class=\"WaaZC\">\r\n<div class=\"RJPOee EIJn2\">\r\n<ul data-hveid=\"CCoQAQ\" data-ved=\"2ahUKEwiU6t7a99qNAxWdrZUCHTaaM2kQm_YKegQIKhAB\">\r\n \t<li><span data-huuid=\"1216355805670109701\"><strong>Configuraci\u00f3n 2.1:<\/strong>\u00a0<\/span><span data-huuid=\"1216355805670112840\">La barra de sonido con dos canales y un subwoofer separado para graves.<span class=\"pjBG2e\" data-cid=\"9763b962-c281-4498-8d82-01db85d17aa0\"><span class=\"UV3uM\">\u00a0<\/span><\/span><\/span>\r\n<div class=\"NPrrbc\" data-cid=\"9763b962-c281-4498-8d82-01db85d17aa0\" data-uuids=\"1216355805670109701,1216355805670112840\">\r\n<div class=\"BMebGe btku5b fCrZyc LwdV0e FR7ZSc OJeuxf\" tabindex=\"0\" role=\"button\" aria-label=\"Ver v\u00ednculos relacionados\" data-hveid=\"CBwQAQ\" data-ved=\"2ahUKEwiU6t7a99qNAxWdrZUCHTaaM2kQ3fYKegQIHBAB\">\r\n<div class=\"niO4u\">\r\n<div class=\"kHtcsd\"><\/div>\r\n<\/div>\r\n<\/div>\r\n<\/div><\/li>\r\n \t<li><span data-huuid=\"1216355805670110926\"><strong>Conectividad:<\/strong>\u00a0<\/span><span data-huuid=\"1216355805670109969\">Bluetooth 5.0, entrada HDMI (ARC), entrada \u00f3ptica, entrada auxiliar y puerto USB.<span class=\"pjBG2e\" data-cid=\"8a83b452-5774-4a69-9d8b-7012927b654b\"><span class=\"UV3uM\">\u00a0<\/span><\/span><\/span>\r\n<div class=\"NPrrbc\" data-cid=\"8a83b452-5774-4a69-9d8b-7012927b654b\" data-uuids=\"1216355805670110926,1216355805670109969\">\r\n<div class=\"BMebGe btku5b fCrZyc LwdV0e FR7ZSc OJeuxf\" tabindex=\"0\" role=\"button\" aria-label=\"Ver v\u00ednculos relacionados\" data-hveid=\"CCYQAQ\" data-ved=\"2ahUKEwiU6t7a99qNAxWdrZUCHTaaM2kQ3fYKegQIJhAB\">\r\n<div class=\"niO4u\">\r\n<div class=\"kHtcsd\"><\/div>\r\n<\/div>\r\n<\/div>\r\n<\/div><\/li>\r\n \t<li><span data-huuid=\"1216355805670112151\"><strong>Potencia:<\/strong>\u00a0<\/span><span data-huuid=\"1216355805670111194\">Varios modelos ofrecen potencia de 4000W PMPO hasta 8000W PMPO.<span class=\"pjBG2e\" data-cid=\"0dc96dbe-10e5-46e8-807d-0118f853017b\"><span class=\"UV3uM\">\u00a0<\/span><\/span><\/span>\r\n<div class=\"NPrrbc\" data-cid=\"0dc96dbe-10e5-46e8-807d-0118f853017b\" data-uuids=\"1216355805670112151,1216355805670111194\">\r\n<div class=\"BMebGe btku5b fCrZyc LwdV0e FR7ZSc OJeuxf\" tabindex=\"0\" role=\"button\" aria-label=\"Ver v\u00ednculos relacionados\" data-hveid=\"CB0QAQ\" data-ved=\"2ahUKEwiU6t7a99qNAxWdrZUCHTaaM2kQ3fYKegQIHRAB\">\r\n<div class=\"niO4u\">\r\n<div class=\"kHtcsd\"><\/div>\r\n<\/div>\r\n<\/div>\r\n<\/div><\/li>\r\n \t<li><span data-huuid=\"1216355805670109280\"><strong>Caracter\u00edsticas adicionales:<\/strong>\u00a0<\/span><span data-huuid=\"1216355805670112419\">Algunos modelos incluyen radio FM, soporte para pared, control remoto y ajuste de graves y agudos.<span class=\"pjBG2e\" data-cid=\"25a72164-2333-4611-a3ba-90d55060ce02\"><span class=\"UV3uM\">\u00a0<\/span><\/span><\/span>\r\n<div class=\"NPrrbc\" data-cid=\"25a72164-2333-4611-a3ba-90d55060ce02\" data-uuids=\"1216355805670109280,1216355805670112419\">\r\n<div class=\"BMebGe btku5b fCrZyc LwdV0e FR7ZSc OJeuxf\" tabindex=\"0\" role=\"button\" aria-label=\"Ver v\u00ednculos relacionados\" data-hveid=\"CCUQAQ\" data-ved=\"2ahUKEwiU6t7a99qNAxWdrZUCHTaaM2kQ3fYKegQIJRAB\">\r\n<div class=\"niO4u\">\r\n<div class=\"kHtcsd\"><\/div>\r\n<\/div>\r\n<\/div>\r\n<\/div><\/li>\r\n \t<li><span data-huuid=\"1216355805670110505\"><strong>Versatilidad:<\/strong>\u00a0<\/span><span data-huuid=\"1216355805670109548\">Ideal para mejorar el sonido de la televisi\u00f3n, pel\u00edculas, m\u00fasica y m\u00e1s.<span class=\"pjBG2e\" data-cid=\"81ac3242-39b4-49d5-9d94-9b6e26ee5a8b\"><span class=\"UV3uM\">\u00a0<\/span><\/span><\/span><\/li>\r\n<\/ul>\r\n<\/div>\r\n<\/div>","protected":false},"excerpt":{"rendered":"<span data-huuid=\"6595653574356276290\">La barra de sonido Xion 2.1\u00a0<\/span>es un sistema de audio que ofrece un sonido mejorado, especialmente para televisiones<span data-huuid=\"6595653574356276290\">.\u00a0<\/span><span data-huuid=\"6595653574356278695\">Su configuraci\u00f3n 2.1 incluye una barra de sonido con dos canales (izquierdo y derecho) y un subwoofer inal\u00e1mbrico para graves profundos.<span class=\"pjBG2e\" data-cid=\"5cfb4f31-8139-4789-8c37-f15cc8377ce0\"><span class=\"UV3uM\">\u00a0<\/span><\/span><\/span>\r\n\r\n&nbsp;\r\n\r\nImagen Ilustrativa, disponibilidad sujeta a stock.","protected":false},"featured_media":4395,"comment_status":"open","ping_status":"closed","template":"","meta":[],"_links":{"self":[{"href":"https:\/\/www.ellogo.com.uy\/web\/wp-json\/wp\/v2\/product\/4394"}],"collection":[{"href":"https:\/\/www.ellogo.com.uy\/web\/wp-json\/wp\/v2\/product"}],"about":[{"href":"https:\/\/www.ellogo.com.uy\/web\/wp-json\/wp\/v2\/types\/product"}],"replies":[{"embeddable":true,"href":"https:\/\/www.ellogo.com.uy\/web\/wp-json\/wp\/v2\/comments?post=4394"}],"wp:featuredmedia":[{"embeddable":true,"href":"https:\/\/www.ellogo.com.uy\/web\/wp-json\/wp\/v2\/media\/4395"}],"wp:attachment":[{"href":"https:\/\/www.ellogo.com.uy\/web\/wp-json\/wp\/v2\/media?parent=4394"}],"curies":[{"name":"wp","href":"https:\/\/api.w.org\/{rel}","templated":true}]}}