{"id":4401,"date":"2025-06-05T17:26:51","date_gmt":"2025-06-05T20:26:51","guid":{"rendered":"https:\/\/www.ellogo.com.uy\/web\/?post_type=product&#038;p=4401"},"modified":"2025-06-06T09:52:32","modified_gmt":"2025-06-06T12:52:32","slug":"reloj-inteligente-smartw-1612-vidvie","status":"publish","type":"product","link":"https:\/\/www.ellogo.com.uy\/web\/producto\/reloj-inteligente-smartw-1612-vidvie\/","title":{"rendered":"Reloj inteligente Smartwatch 1612 VIDVIE"},"content":{"rendered":"Aleaci\u00f3n de zinc \/ Silicona\r\nRAM: 640+32 KB, ROM: 128M (Flash externo)\r\nPantalla: 2.01&#8243; IPS 240 x 296\r\nBT: BT3.0\/Ble5.1\r\nBater\u00eda: 3.7V\/210 mAh\r\nResistente al agua IP67\r\nTiempo de carga: 160 min\r\nAutonom\u00eda: 3 d\u00edas\r\nCarga inal\u00e1mbrica\r\nAdmite llamadas","protected":false},"excerpt":{"rendered":"Dise\u00f1o deportivo y elegante, este smartwatch te acompa\u00f1a en todas tus actividades. Monitoriza tu frecuencia card\u00edaca, sue\u00f1o y actividad f\u00edsica, y recibe todas tus notificaciones.\r\n\r\n&nbsp;\r\n\r\nImagen Ilustrativa, disponibilidad sujeta a stock.","protected":false},"featured_media":4402,"comment_status":"open","ping_status":"closed","template":"","meta":[],"_links":{"self":[{"href":"https:\/\/www.ellogo.com.uy\/web\/wp-json\/wp\/v2\/product\/4401"}],"collection":[{"href":"https:\/\/www.ellogo.com.uy\/web\/wp-json\/wp\/v2\/product"}],"about":[{"href":"https:\/\/www.ellogo.com.uy\/web\/wp-json\/wp\/v2\/types\/product"}],"replies":[{"embeddable":true,"href":"https:\/\/www.ellogo.com.uy\/web\/wp-json\/wp\/v2\/comments?post=4401"}],"wp:featuredmedia":[{"embeddable":true,"href":"https:\/\/www.ellogo.com.uy\/web\/wp-json\/wp\/v2\/media\/4402"}],"wp:attachment":[{"href":"https:\/\/www.ellogo.com.uy\/web\/wp-json\/wp\/v2\/media?parent=4401"}],"curies":[{"name":"wp","href":"https:\/\/api.w.org\/{rel}","templated":true}]}}