{"id":4404,"date":"2025-06-05T17:34:51","date_gmt":"2025-06-05T20:34:51","guid":{"rendered":"https:\/\/www.ellogo.com.uy\/web\/?post_type=product&#038;p=4404"},"modified":"2025-06-06T09:52:14","modified_gmt":"2025-06-06T12:52:14","slug":"4404","status":"publish","type":"product","link":"https:\/\/www.ellogo.com.uy\/web\/producto\/4404\/","title":{"rendered":"Reloj inteligente Smartwatch 1617 VIDVIE"},"content":{"rendered":"<p style=\"font-weight: 600 !important;\">Descripci\u00f3n<\/p>\r\n\r\n<ul>\r\n \t<li>Reloj inteligente inal\u00e1mbrico con pantalla ultra clara<\/li>\r\n \t<li>APP: Co Fit<\/li>\r\n \t<li>Chip de control principal CPU: JL7013A<\/li>\r\n \t<li>Peso del producto (incluida la correa): 41,25 g<\/li>\r\n \t<li>Material de la caja: ABS + PC<\/li>\r\n \t<li>Material de la pulsera: Correa de silicona<\/li>\r\n \t<li>Memoria: Flash: 128 Mb<\/li>\r\n \t<li>Tama\u00f1o de la pantalla: 1,43 pulgadas<\/li>\r\n \t<li>Resoluci\u00f3n: 466 * 466<\/li>\r\n \t<li>Tipo t\u00e1ctil (Tipo): AMOLED<\/li>\r\n \t<li>Versi\u00f3n inal\u00e1mbrica: BT5.3<\/li>\r\n \t<li>Tipo de bater\u00eda: Bater\u00eda de pol\u00edmero de litio<\/li>\r\n \t<li>Capacidad: 300 mAh<\/li>\r\n \t<li>Clasificaci\u00f3n de impermeabilidad: IP68<\/li>\r\n \t<li>Tiempo de carga: 2 h<\/li>\r\n \t<li>Duraci\u00f3n: 4-7 d\u00edas<\/li>\r\n \t<li>M\u00e9todo de carga: Magn\u00e9tico<\/li>\r\n \t<li>Nombre de emparejamiento Bluetooth: VIDVIE-1617<\/li>\r\n \t<li>Llamada Bluetooth: Llamada 1617\u2033<\/li>\r\n \t<li>1, IP68 a prueba de agua, llamada inal\u00e1mbrica<\/li>\r\n \t<li>2, Pantalla AMOLED, resoluci\u00f3n 466 * 466 (alta saturaci\u00f3n de color, visualizaci\u00f3n de fuente<\/li>\r\n<\/ul>","protected":false},"excerpt":{"rendered":"<p id=\"tw-target-text\" class=\"tw-data-text tw-text-large tw-ta\" dir=\"ltr\" data-placeholder=\"Traducci\u00f3n\" data-ved=\"2ahUKEwiJoLuskNuNAxUlF7kGHSuzD4wQ3ewLegQICRAV\" aria-label=\"Texto traducido: Mejora tu rendimiento con el reloj inteligente SW1617 AMOLED: la combinaci\u00f3n perfecta de estilo, innovaci\u00f3n y rendimiento. Dise\u00f1ado para amantes del fitness, entusiastas de la tecnolog\u00eda y usuarios a la moda, este reloj cuenta con una vibrante pantalla AMOLED de 1.43&quot;, llamadas inal\u00e1mbricas Bluetooth 5.3, certificaci\u00f3n de impermeabilidad IP68 y un dise\u00f1o elegante y ligero.\"><span class=\"Y2IQFc\" lang=\"es\">M<\/span><span lang=\"es\">ejora tu rendimiento con el reloj inteligente SW1617 AMOLED: la combinaci\u00f3n perfecta de estilo,innovaci\u00f3n y rendimiento.\r\nDise\u00f1ado para amantes del fitness, entusiastas de la tecnolog\u00eda y usuarios a la moda, este reloj cuenta con una vibrante\r\npantalla AMOLED de 1.43&#8243;, llamadas inal\u00e1mbricas Bluetooth 5.3, certificaci\u00f3n de impermeabilidad IP68\r\ny un dise\u00f1o elegante y ligero.<\/span><\/p>\r\n<p dir=\"ltr\" data-placeholder=\"Traducci\u00f3n\" data-ved=\"2ahUKEwiJoLuskNuNAxUlF7kGHSuzD4wQ3ewLegQICRAV\" aria-label=\"Texto traducido: Mejora tu rendimiento con el reloj inteligente SW1617 AMOLED: la combinaci\u00f3n perfecta de estilo, innovaci\u00f3n y rendimiento. Dise\u00f1ado para amantes del fitness, entusiastas de la tecnolog\u00eda y usuarios a la moda, este reloj cuenta con una vibrante pantalla AMOLED de 1.43&quot;, llamadas inal\u00e1mbricas Bluetooth 5.3, certificaci\u00f3n de impermeabilidad IP68 y un dise\u00f1o elegante y ligero.\">Imagen Ilustrativa, disponibilidad sujeta a stock.<\/p>","protected":false},"featured_media":4405,"comment_status":"open","ping_status":"closed","template":"","meta":[],"_links":{"self":[{"href":"https:\/\/www.ellogo.com.uy\/web\/wp-json\/wp\/v2\/product\/4404"}],"collection":[{"href":"https:\/\/www.ellogo.com.uy\/web\/wp-json\/wp\/v2\/product"}],"about":[{"href":"https:\/\/www.ellogo.com.uy\/web\/wp-json\/wp\/v2\/types\/product"}],"replies":[{"embeddable":true,"href":"https:\/\/www.ellogo.com.uy\/web\/wp-json\/wp\/v2\/comments?post=4404"}],"wp:featuredmedia":[{"embeddable":true,"href":"https:\/\/www.ellogo.com.uy\/web\/wp-json\/wp\/v2\/media\/4405"}],"wp:attachment":[{"href":"https:\/\/www.ellogo.com.uy\/web\/wp-json\/wp\/v2\/media?parent=4404"}],"curies":[{"name":"wp","href":"https:\/\/api.w.org\/{rel}","templated":true}]}}