{"id":4406,"date":"2025-06-05T17:54:25","date_gmt":"2025-06-05T20:54:25","guid":{"rendered":"https:\/\/www.ellogo.com.uy\/web\/?post_type=product&#038;p=4406"},"modified":"2025-06-06T09:51:57","modified_gmt":"2025-06-06T12:51:57","slug":"reloj-inteligente-smartw-1606-vidvie","status":"publish","type":"product","link":"https:\/\/www.ellogo.com.uy\/web\/producto\/reloj-inteligente-smartw-1606-vidvie\/","title":{"rendered":"Reloj inteligente Smartwatch 1606 VIDVIE"},"content":{"rendered":"<ul>\r\n \t<li><strong>Modelo:<\/strong>\u00a0SW1606<\/li>\r\n \t<li><strong>Colores disponibles:<\/strong>\u00a0Negro, Naranja y Blanco<\/li>\r\n \t<li><strong>Dimensiones del producto:<\/strong>\u00a049 x 44 x 12 mm<\/li>\r\n \t<li><strong>Dimensiones de la pulsera:<\/strong>\u00a0Longitud total: 226.6 mm, Ancho: 21 mm<\/li>\r\n \t<li><strong>Tipo de pantalla:<\/strong>\u00a0Pantalla t\u00e1ctil completa con una pantalla de 1.96 pulgadas y una resoluci\u00f3n IPS de 320*390<\/li>\r\n \t<li><strong>Versi\u00f3n inal\u00e1mbrica:<\/strong>\u00a05.0<\/li>\r\n \t<li><strong>Frecuencia card\u00edaca:<\/strong>\u00a0HX3605<\/li>\r\n \t<li><strong>Tipo de bater\u00eda:<\/strong>\u00a0Bater\u00eda de pol\u00edmero de litio con capacidad de 3.7 V\/320 mAh<\/li>\r\n \t<li><strong>Temperatura de trabajo:<\/strong>\u00a0De 0 a 50 grados Celsius<\/li>\r\n \t<li><strong>Compatibilidad con chip de llamada inal\u00e1mbrica:<\/strong>\u00a0Android 5.0 y versiones superiores, iOS 9.0 y versiones superiores<\/li>\r\n \t<li><strong>Material de la carcasa:<\/strong>\u00a0Aleaci\u00f3n de zinc<\/li>\r\n \t<li><strong>Material de la pulsera:<\/strong>\u00a0Correa de silicona<\/li>\r\n \t<li><strong>Memoria flash:<\/strong>\u00a0128 MB<\/li>\r\n \t<li><strong>Grado impermeable:<\/strong>\u00a0IP68<\/li>\r\n \t<li><strong>Tiempo de carga:<\/strong>\u00a0Aproximadamente 3.5 horas mediante carga inal\u00e1mbrica<\/li>\r\n \t<li><strong>Peso del producto:<\/strong>\u00a072 gramos<\/li>\r\n<\/ul>","protected":false},"excerpt":{"rendered":"Reloj inteligente Smartw 1606 VIDVIE sensores de seguimiento que monitorizan la frecuencia card\u00edaca, la saturaci\u00f3n de ox\u00edgeno, la presi\u00f3n arterial, el sue\u00f1o y la temperatura. Registra la distancia recorrida y cuenta los pasos dados. Pantalla siempre activa que muestra informaci\u00f3n constante. Capacidad para realizar y recibir llamadas telef\u00f3nicas.\r\n\r\n&nbsp;\r\n\r\nImagen Ilustrativa, disponibilidad sujeta a stock.","protected":false},"featured_media":4407,"comment_status":"open","ping_status":"closed","template":"","meta":[],"_links":{"self":[{"href":"https:\/\/www.ellogo.com.uy\/web\/wp-json\/wp\/v2\/product\/4406"}],"collection":[{"href":"https:\/\/www.ellogo.com.uy\/web\/wp-json\/wp\/v2\/product"}],"about":[{"href":"https:\/\/www.ellogo.com.uy\/web\/wp-json\/wp\/v2\/types\/product"}],"replies":[{"embeddable":true,"href":"https:\/\/www.ellogo.com.uy\/web\/wp-json\/wp\/v2\/comments?post=4406"}],"wp:featuredmedia":[{"embeddable":true,"href":"https:\/\/www.ellogo.com.uy\/web\/wp-json\/wp\/v2\/media\/4407"}],"wp:attachment":[{"href":"https:\/\/www.ellogo.com.uy\/web\/wp-json\/wp\/v2\/media?parent=4406"}],"curies":[{"name":"wp","href":"https:\/\/api.w.org\/{rel}","templated":true}]}}