{"id":4409,"date":"2025-06-05T18:01:20","date_gmt":"2025-06-05T21:01:20","guid":{"rendered":"https:\/\/www.ellogo.com.uy\/web\/?post_type=product&#038;p=4409"},"modified":"2025-06-06T09:51:38","modified_gmt":"2025-06-06T12:51:38","slug":"reloj-inteligente-smartw-1610-vidvie","status":"publish","type":"product","link":"https:\/\/www.ellogo.com.uy\/web\/producto\/reloj-inteligente-smartw-1610-vidvie\/","title":{"rendered":"Reloj inteligente Smartwatch 1610 VIDVIE"},"content":{"rendered":"<ul>\r\n \t<li>Incluye 2 correas intercambiables: formal y deportiva.<\/li>\r\n \t<li>Con 2 carcasas para el dial, creando diferentes estilos<\/li>\r\n \t<li>Contesta y realiza llamadas desde el reloj<\/li>\r\n \t<li>NFC multifunci\u00f3n<\/li>\r\n \t<li>Notificaciones inteligentes y monitoreo de salud\/deportes.<\/li>\r\n \t<li>Tiempo de trabajo: 3 a 5 d\u00edas<\/li>\r\n \t<li>Bater\u00eda 250 mAh<\/li>\r\n \t<li>Tiempo de carga: 180 minutos<\/li>\r\n \t<li>Grado de impermeabilidad: IP67<\/li>\r\n \t<li>Tama\u00f1o del producto: 1.39 pulgadas<\/li>\r\n \t<li>Resoluci\u00f3n de pantalla: ips 240*240<\/li>\r\n \t<li>M\u00e9todo de carga: inal\u00e1mbrica<\/li>\r\n \t<li>Versi\u00f3n Bluetooth 5.1<\/li>\r\n<\/ul>","protected":false},"excerpt":{"rendered":"Estilo personalizado y conectividad avanzada. Con el VIDVIE SW1610, la personalizaci\u00f3n es la clave. Equipado con dos correas intercambiables para adaptarse a cualquier ocasi\u00f3n, ya sea formal o deportiva, y dos carcasas de dial para crear diferentes estilos seg\u00fan tu estado de \u00e1nimo. Adem\u00e1s, su capacidad para contestar y realizar llamadas directamente desde el reloj, junto con su funci\u00f3n NFC multifunci\u00f3n y sistema IP67, te mantienen conectado y en control en todo momento. Adem\u00e1s, con notificaciones inteligentes y un avanzado monitoreo de salud y deportes, este smartwatch te ayuda a llevar tu rendimiento al siguiente nivel, ya sea en el gimnasio o en la oficina.\r\n\r\n&nbsp;\r\n\r\nImagen Ilustrativa, disponibilidad sujeta a stock.","protected":false},"featured_media":4410,"comment_status":"open","ping_status":"closed","template":"","meta":[],"_links":{"self":[{"href":"https:\/\/www.ellogo.com.uy\/web\/wp-json\/wp\/v2\/product\/4409"}],"collection":[{"href":"https:\/\/www.ellogo.com.uy\/web\/wp-json\/wp\/v2\/product"}],"about":[{"href":"https:\/\/www.ellogo.com.uy\/web\/wp-json\/wp\/v2\/types\/product"}],"replies":[{"embeddable":true,"href":"https:\/\/www.ellogo.com.uy\/web\/wp-json\/wp\/v2\/comments?post=4409"}],"wp:featuredmedia":[{"embeddable":true,"href":"https:\/\/www.ellogo.com.uy\/web\/wp-json\/wp\/v2\/media\/4410"}],"wp:attachment":[{"href":"https:\/\/www.ellogo.com.uy\/web\/wp-json\/wp\/v2\/media?parent=4409"}],"curies":[{"name":"wp","href":"https:\/\/api.w.org\/{rel}","templated":true}]}}