{"id":4412,"date":"2025-06-05T18:13:21","date_gmt":"2025-06-05T21:13:21","guid":{"rendered":"https:\/\/www.ellogo.com.uy\/web\/?post_type=product&#038;p=4412"},"modified":"2025-06-06T09:51:16","modified_gmt":"2025-06-06T12:51:16","slug":"reloj-inteligente-smartw-1615-vidvie","status":"publish","type":"product","link":"https:\/\/www.ellogo.com.uy\/web\/producto\/reloj-inteligente-smartw-1615-vidvie\/","title":{"rendered":"Reloj inteligente Smartwatch 1615 VIDVIE"},"content":{"rendered":"Pantalla: 2.1 pulgadas \/ IPS 330*390\r\nBT 3.0\/5.0\r\nResistencia al agua: Uso diario b\u00e1sico (No apto para ducha)\r\nBater\u00eda de de litio \/ 3.7 V\/220 mAh\r\nTiempo de carga: 2-3 horas\r\nDuraci\u00f3n de la bater\u00eda: 3-4 d\u00edas\r\nCarga inal\u00e1mbrica\r\nIncluye: correa de silicona y correa magn\u00e9tica\r\nCompatibilidad con llamadas inal\u00e1mbricas\r\nAdmite llamadas\r\nAURICULARES TWS BL109 FONENG\r\nVersi\u00f3n Bluetooth 5.1\r\nTiempo de m\u00fasica 5 horas\r\nTiempo de marcaci\u00f3n 4,5 horas\r\nTiempo de caja de bater\u00eda 12 horas\r\nPuerto USB-C\r\nTiempo de carga 1 hora \/ Caja de bateria 2 horas\r\nBater\u00eda del auricular Li-on 3,7 V\/30 mAh (protecci\u00f3n de energ\u00eda)\r\nCaja de bateria Li-on 3,7 V\/320 mAh (protecci\u00f3n de energ\u00eda)","protected":false},"excerpt":{"rendered":"Tiempo de carga: 2-3 horas. Notificaciones Inteligentes: Recibe alertas de WhatsApp, llamadas, redes sociales y m\u00e1s sin sacar el tel\u00e9fono. Carga Inal\u00e1mbrica R\u00e1pida: Carga sencilla con tecnolog\u00eda inal\u00e1mbrica de \u00faltima generaci\u00f3n. Material: Aleaci\u00f3n de aluminio con correa magn\u00e9tica ajustable.\r\n\r\n&nbsp;\r\n\r\n&nbsp;\r\n\r\nImagen Ilustrativa, disponibilidad sujeta a stock.","protected":false},"featured_media":4413,"comment_status":"open","ping_status":"closed","template":"","meta":[],"_links":{"self":[{"href":"https:\/\/www.ellogo.com.uy\/web\/wp-json\/wp\/v2\/product\/4412"}],"collection":[{"href":"https:\/\/www.ellogo.com.uy\/web\/wp-json\/wp\/v2\/product"}],"about":[{"href":"https:\/\/www.ellogo.com.uy\/web\/wp-json\/wp\/v2\/types\/product"}],"replies":[{"embeddable":true,"href":"https:\/\/www.ellogo.com.uy\/web\/wp-json\/wp\/v2\/comments?post=4412"}],"wp:featuredmedia":[{"embeddable":true,"href":"https:\/\/www.ellogo.com.uy\/web\/wp-json\/wp\/v2\/media\/4413"}],"wp:attachment":[{"href":"https:\/\/www.ellogo.com.uy\/web\/wp-json\/wp\/v2\/media?parent=4412"}],"curies":[{"name":"wp","href":"https:\/\/api.w.org\/{rel}","templated":true}]}}