{"id":4418,"date":"2025-06-06T10:03:43","date_gmt":"2025-06-06T13:03:43","guid":{"rendered":"https:\/\/www.ellogo.com.uy\/web\/?post_type=product&#038;p=4418"},"modified":"2025-06-06T10:05:58","modified_gmt":"2025-06-06T13:05:58","slug":"reloj-inteligente-smar-band-7-xiaomi","status":"publish","type":"product","link":"https:\/\/www.ellogo.com.uy\/web\/producto\/reloj-inteligente-smar-band-7-xiaomi\/","title":{"rendered":"Reloj inteligente Smar band 7 Xiaomi"},"content":{"rendered":"\u00b7 Pantalla t\u00e1ctil AMOLED de 1,62&#8243;\r\n\u00b7 Resoluci\u00f3n: 192 x 490 p\u00edxeles, 326ppp\r\n\u00b7 Brillo: hasta 500 nits, ajustable\r\n\u00b7 Cristal templado con revestimiento antihuellas\r\n\u00b7 Dise\u00f1os de pantalla: m\u00e1s de 100\r\n\u00b7 \u00c1rea de visualizaci\u00f3n aproximadamente un 25 % mayor\r\n\u00b7 Sensor de 6 ejes de alta precisi\u00f3n y sensor de frecuencia cardiaca PPG: Aceler\u00f3metro de 3 ejes de bajo consumo y giroscopio de 3 ejes\r\n\u00b7 Sensor de frecuencia card\u00edaca PPG\r\n\u00b7 Tipo de carga: carga magn\u00e9tica\r\n\u00b7 Tiempo de carga: \u22642 horas\r\n\u00b7 Tiempo de uso t\u00edpico: \u226514 d\u00edas\r\n\u00b7 Capacidad de la bater\u00eda: 180mAh\r\n\u00b7 M\u00e1s de 110 modos deportivos\r\n\u00b7 5 modos de detecci\u00f3n autom\u00e1tica: correr al aire libre, caminar, cinta de correr, m\u00e1quina de remo y el\u00edptica\r\n\u00b7 M\u00e1s funciones: VO\u2082 m\u00e1x, efecto de entrenamiento, carga de entrenamiento, duraci\u00f3n de la recuperaci\u00f3n\r\n\u00b7 Monitorizaci\u00f3n de la frecuencia cardiaca\r\n\u00b7 Seguimiento del SpO\u2082\r\n\u00b7 Seguimiento del sue\u00f1o (sue\u00f1o profundo, sue\u00f1o ligero, REM y siestas)\r\n\u00b7 Seguimiento de la calidad de la respiraci\u00f3n durante el sue\u00f1o\r\n\u00b7 Seguimiento de la salud femenina\r\n\u00b7 Monitorizaci\u00f3n del estr\u00e9s, ejercicios de respiraci\u00f3n\r\n\u00b7 PAI (inteligencia de actividad personal)\r\n\u00b7 Resistencia al agua de 5 ATM\r\n\u00b7 Aplicaci\u00f3n: Mi Fitness\r\n\u00b7 Bluetooth 5.2 BLE\r\n\u00b7 Sistema operativo: Android 6.0 o versiones posteriores; iOS 10 o versiones posteriores\r\n\u00b7 Idioma del sistema: ingl\u00e9s, alem\u00e1n, italiano, franc\u00e9s, espa\u00f1ol, ruso y chino tradicional\/chino sencillo, entre otros\r\n\u00b7 Correa: de TPU con hebilla de aleaci\u00f3n de aluminio. Medida 16-22.4cm\r\n\u00b7 Dimensiones (excluyen la correa y los salientes): 4.6 x 2 x 1.2cm\r\n\u00b7 Peso: 13.5g","protected":false},"excerpt":{"rendered":"La Xiaomi Smart Band 7\u00a0realiza un seguimiento de tu frecuencia card\u00edaca en tiempo real durante todo el d\u00eda y ofrece informaci\u00f3n precisa en gr\u00e1ficos f\u00e1ciles de entender. La pulsera vibrar\u00e1 para avisarte cuando la frecuencia card\u00edaca se salga de la zona segura.\r\n\r\n&nbsp;\r\n\r\nImagen Ilustrativa, disponibilidad sujeta a stock.","protected":false},"featured_media":4419,"comment_status":"open","ping_status":"closed","template":"","meta":[],"_links":{"self":[{"href":"https:\/\/www.ellogo.com.uy\/web\/wp-json\/wp\/v2\/product\/4418"}],"collection":[{"href":"https:\/\/www.ellogo.com.uy\/web\/wp-json\/wp\/v2\/product"}],"about":[{"href":"https:\/\/www.ellogo.com.uy\/web\/wp-json\/wp\/v2\/types\/product"}],"replies":[{"embeddable":true,"href":"https:\/\/www.ellogo.com.uy\/web\/wp-json\/wp\/v2\/comments?post=4418"}],"wp:featuredmedia":[{"embeddable":true,"href":"https:\/\/www.ellogo.com.uy\/web\/wp-json\/wp\/v2\/media\/4419"}],"wp:attachment":[{"href":"https:\/\/www.ellogo.com.uy\/web\/wp-json\/wp\/v2\/media?parent=4418"}],"curies":[{"name":"wp","href":"https:\/\/api.w.org\/{rel}","templated":true}]}}