{"id":4424,"date":"2025-06-06T10:41:42","date_gmt":"2025-06-06T13:41:42","guid":{"rendered":"https:\/\/www.ellogo.com.uy\/web\/?post_type=product&#038;p=4424"},"modified":"2025-06-06T10:42:16","modified_gmt":"2025-06-06T13:42:16","slug":"reloj-inteligente-smart-band-9-active-redmi","status":"publish","type":"product","link":"https:\/\/www.ellogo.com.uy\/web\/producto\/reloj-inteligente-smart-band-9-active-redmi\/","title":{"rendered":"Reloj inteligente Smart band 9 Active Redmi"},"content":{"rendered":"Pantalla: 1,47\u00bb TFT, 60 Hz, 172 x 320 p\u00edxeles.\r\nConectividad: BLUETOOTH 5.3.\r\nCompatibilidad: ANDROID 8 o superior \/ IOS 12 o superior.\r\nSensores: Aceler\u00f3metro, PPG, Motor ERM.\r\nDimensiones Correa: 135 &#8211; 215 mm.\r\nMateriales: TPU (correa).\r\nPeso: 16,5 g APROX.\r\nDimensiones: 45,9 x\u00a026,94 x 9,99 mm APROX.\r\nBater\u00eda: 300 mAh.\r\nTiempo de Uso: 18 d\u00edas APROX (uso normal), 9 d\u00edas APROX (uso intensivo).\r\nM\u00e9todo de Carga: Magn\u00e9tica.\r\nTiempo de Carga: &lt; 2 h APROX.\r\nAPP: Mi Fitness.\r\n\r\n50 MODOS DEPORTIVOS.\r\nMONITOREO DE FRECUENCIA CARD\u00cdACA.\r\nMONITOREO DE OX\u00cdGENO EN SANGRE.\r\nMONITOREO DE LA SALUD FEMENINA.\r\nMONITOREO DEL SUE\u00d1O.\r\nMONITORIZACI\u00d3N DEL ESTR\u00c9S.\r\n+100 ESFERAS DE RELOJ.\r\nGRADO DE IMPERMEABILIDAD: 5 ATM.","protected":false},"excerpt":{"rendered":"La Xiaomi Smart Band 9 Active es una pulsera inteligente con pantalla TFT de 1.47&#8243; y hasta 18 d\u00edas de bater\u00eda. Resistente al agua con certificaci\u00f3n 5 ATM, es perfecta para actividades acu\u00e1ticas. Monitorea la frecuencia card\u00edaca, el sue\u00f1o, el estr\u00e9s y ofrece m\u00e1s de 50 modos deportivos. Compatible con la app Mi Fitness, permite un seguimiento completo de tu salud y actividad.\r\n\r\n&nbsp;\r\n\r\nImagen Ilustrativa, disponibilidad sujeta a stock.","protected":false},"featured_media":4425,"comment_status":"open","ping_status":"closed","template":"","meta":[],"_links":{"self":[{"href":"https:\/\/www.ellogo.com.uy\/web\/wp-json\/wp\/v2\/product\/4424"}],"collection":[{"href":"https:\/\/www.ellogo.com.uy\/web\/wp-json\/wp\/v2\/product"}],"about":[{"href":"https:\/\/www.ellogo.com.uy\/web\/wp-json\/wp\/v2\/types\/product"}],"replies":[{"embeddable":true,"href":"https:\/\/www.ellogo.com.uy\/web\/wp-json\/wp\/v2\/comments?post=4424"}],"wp:featuredmedia":[{"embeddable":true,"href":"https:\/\/www.ellogo.com.uy\/web\/wp-json\/wp\/v2\/media\/4425"}],"wp:attachment":[{"href":"https:\/\/www.ellogo.com.uy\/web\/wp-json\/wp\/v2\/media?parent=4424"}],"curies":[{"name":"wp","href":"https:\/\/api.w.org\/{rel}","templated":true}]}}