{"id":4427,"date":"2025-06-06T10:46:28","date_gmt":"2025-06-06T13:46:28","guid":{"rendered":"https:\/\/www.ellogo.com.uy\/web\/?post_type=product&#038;p=4427"},"modified":"2025-06-06T10:47:03","modified_gmt":"2025-06-06T13:47:03","slug":"reloj-inteligente-smartwatch-1800-ultra","status":"publish","type":"product","link":"https:\/\/www.ellogo.com.uy\/web\/producto\/reloj-inteligente-smartwatch-1800-ultra\/","title":{"rendered":"Reloj inteligente SmartWatch 1800 Ultra"},"content":{"rendered":"Pantalla TFT de 1.99&#8243;\r\n\r\nResoluci\u00f3n de 320 x 385 p\u00edxeles\r\n\r\nMaterial de la pantalla: cristal zafiro\r\n\r\nBluetooth 5.0\r\n\r\nCuerpo de aleaci\u00f3n de titanio de 49mm\r\n\r\nCorrea de silicona\r\n\r\nProtecci\u00f3n IP67\r\n\r\nCarga inal\u00e1mbrica\r\n\r\nBater\u00eda de 360mAh\r\n\r\nAlmacenamiento de 128 MB\r\n\r\nFunciones: Seguimiento de sue\u00f1o, velocidad, pod\u00f3metro, seguimiento de actividad\r\n\r\nMonitoreo: Ritmo card\u00edaco, nivel de ox\u00edgeno en sangre\r\n\r\nCalculadora, cron\u00f3metro, calendario, tiempo, alarma, juegos\r\n\r\nModos de deporte: correr, tenis, bicicleta, pesas, basketball, voleyball, footbal\r\n\r\nCompatibilidad: Android 5.0+\/ iOS 9.0+\r\n\r\nLa app que utiliza es FIT PRO\r\n\r\nIncluye: Cable de carga USB\r\n\r\nDimensiones: 49 x 44 x 14 mm\r\n\r\nColor: Negro\r\n\r\nPeso: 100g","protected":false},"excerpt":{"rendered":"<span class=\"d9FyLd\" role=\"heading\" aria-level=\"3\">Smartwatch 1800 ultra con pantalla t\u00e1ctil de 1.99&#8243; y carga inal\u00e1mbrica, c<\/span><span class=\"hgKElc\">on conexi\u00f3n Bluetooth 5.0, garantiza una sincronizaci\u00f3n r\u00e1pida y eficiente con tu tel\u00e9fono para que puedas recibir notificaciones en tiempo real. Te brinda la posibilidad de monitorear tu actividad f\u00edsica, ritmo card\u00edaco y ox\u00edgeno en sangre.<\/span>\r\n\r\n&nbsp;\r\n\r\nImagen Ilustrativa, disponibilidad sujeta a stock.","protected":false},"featured_media":4428,"comment_status":"open","ping_status":"closed","template":"","meta":[],"_links":{"self":[{"href":"https:\/\/www.ellogo.com.uy\/web\/wp-json\/wp\/v2\/product\/4427"}],"collection":[{"href":"https:\/\/www.ellogo.com.uy\/web\/wp-json\/wp\/v2\/product"}],"about":[{"href":"https:\/\/www.ellogo.com.uy\/web\/wp-json\/wp\/v2\/types\/product"}],"replies":[{"embeddable":true,"href":"https:\/\/www.ellogo.com.uy\/web\/wp-json\/wp\/v2\/comments?post=4427"}],"wp:featuredmedia":[{"embeddable":true,"href":"https:\/\/www.ellogo.com.uy\/web\/wp-json\/wp\/v2\/media\/4428"}],"wp:attachment":[{"href":"https:\/\/www.ellogo.com.uy\/web\/wp-json\/wp\/v2\/media?parent=4427"}],"curies":[{"name":"wp","href":"https:\/\/api.w.org\/{rel}","templated":true}]}}