{"id":4430,"date":"2025-06-06T12:00:43","date_gmt":"2025-06-06T15:00:43","guid":{"rendered":"https:\/\/www.ellogo.com.uy\/web\/?post_type=product&#038;p=4430"},"modified":"2025-06-06T12:01:23","modified_gmt":"2025-06-06T15:01:23","slug":"router-archer-c86","status":"publish","type":"product","link":"https:\/\/www.ellogo.com.uy\/web\/producto\/router-archer-c86\/","title":{"rendered":"Router Archer C86"},"content":{"rendered":"Frecuencia: 2,4 GHz y 5 GHz.\r\nControles parentales.\r\nNotificaciones de nueva conexi\u00f3n.\r\nRedes de invitados 1 x 2,4 GHz, 1 x 5GHz.\r\nPuertos: x 1 puerto WAN Gigabit, x 4 puertos LAN Gigabit.\r\nAntenas:\u00a0x 6 Antenas fijas de alto rendimiento.\r\nTasa de se\u00f1al:\u00a01300 Mbps at 5 GHz, 600 Mbps at 2.4 GHz.\r\nTipo de conexi\u00f3n inal\u00e1mbrica: IEEE 802.11ac\/n\/a 5 GHz,\u00a0IEEE 802.11n\/b\/g 2,4 GHz.\r\nF\u00e1cil de configurar mediante Aplicaci\u00f3n Tether.\r\nDimensiones: 229,9 x 144,2 x 37,2 mm APROX.","protected":false},"excerpt":{"rendered":"<span data-huuid=\"10619017540850907524\">El TP-Link Archer C86\u00a0<\/span>es un router inal\u00e1mbrico de doble banda AC1900 con tecnolog\u00eda MU-MIMO y Beamforming.<span data-huuid=\"10619017540850908281\">Ofrece velocidades combinadas de hasta 1900 Mbps, permitiendo conexiones r\u00e1pidas y estables para tareas como juegos online, streaming en alta resoluci\u00f3n y navegaci\u00f3n web.<span class=\"pjBG2e\" data-cid=\"1fe9326c-440c-4db6-99d3-19d72f7981fe\"><span class=\"UV3uM\">\u00a0<\/span><\/span><\/span>\r\n\r\n&nbsp;\r\n\r\nImagen Ilustrativa, disponibilidad sujeta a stock.","protected":false},"featured_media":4431,"comment_status":"open","ping_status":"closed","template":"","meta":[],"_links":{"self":[{"href":"https:\/\/www.ellogo.com.uy\/web\/wp-json\/wp\/v2\/product\/4430"}],"collection":[{"href":"https:\/\/www.ellogo.com.uy\/web\/wp-json\/wp\/v2\/product"}],"about":[{"href":"https:\/\/www.ellogo.com.uy\/web\/wp-json\/wp\/v2\/types\/product"}],"replies":[{"embeddable":true,"href":"https:\/\/www.ellogo.com.uy\/web\/wp-json\/wp\/v2\/comments?post=4430"}],"wp:featuredmedia":[{"embeddable":true,"href":"https:\/\/www.ellogo.com.uy\/web\/wp-json\/wp\/v2\/media\/4431"}],"wp:attachment":[{"href":"https:\/\/www.ellogo.com.uy\/web\/wp-json\/wp\/v2\/media?parent=4430"}],"curies":[{"name":"wp","href":"https:\/\/api.w.org\/{rel}","templated":true}]}}