{"id":4447,"date":"2025-06-09T09:46:45","date_gmt":"2025-06-09T12:46:45","guid":{"rendered":"https:\/\/www.ellogo.com.uy\/web\/?post_type=product&#038;p=4447"},"modified":"2025-06-09T09:47:19","modified_gmt":"2025-06-09T12:47:19","slug":"joystick-serie-4","status":"publish","type":"product","link":"https:\/\/www.ellogo.com.uy\/web\/producto\/joystick-serie-4\/","title":{"rendered":"Joystick serie 4"},"content":{"rendered":"<div class=\"WaaZC\">\r\n<div class=\"RJPOee EIJn2\">\r\n<div class=\"rPeykc pyPiTc\" data-hveid=\"CAMQAQ\" data-ved=\"2ahUKEwjelviXr-SNAxWbRLgEHfqMAKoQo_EKegQIAxAB\"><span data-huuid=\"11462928719738127095\">Caracter\u00edsticas:<\/span><\/div>\r\n<\/div>\r\n<\/div>\r\n<div class=\"WaaZC\">\r\n<div class=\"RJPOee EIJn2\">\r\n<ul data-hveid=\"CDgQAQ\" data-ved=\"2ahUKEwjelviXr-SNAxWbRLgEHfqMAKoQm_YKegQIOBAB\">\r\n \t<li class=\"K3KsMc\">\r\n<div class=\"zMgcWd dSKvsb\" data-il=\"\">\r\n<div data-crb-p=\"\">\r\n<div class=\"xFTqob\">\r\n<div class=\"Gur8Ad\"><span data-huuid=\"11462928719738126482\"><strong>Dise\u00f1o Ergon\u00f3mico:<\/strong><\/span><\/div>\r\n<div class=\"vM0jzc\">\r\n\r\n<span data-huuid=\"11462928719738127643\">Su dise\u00f1o ergon\u00f3mico permite una experiencia de juego c\u00f3moda y de precisi\u00f3n.<span class=\"pjBG2e\" data-cid=\"9f81a1fa-ab09-44f4-8a0a-fd91c66581f4\"><span class=\"UV3uM\">\u00a0<\/span><\/span><\/span>\r\n<div class=\"NPrrbc\" data-cid=\"9f81a1fa-ab09-44f4-8a0a-fd91c66581f4\" data-uuids=\"11462928719738126482,11462928719738127643\">\r\n<div class=\"BMebGe btku5b fCrZyc LwdV0e FR7ZSc OJeuxf\" tabindex=\"0\" role=\"button\" aria-label=\"Ver v\u00ednculos relacionados\" data-hveid=\"CBoQAQ\" data-ved=\"2ahUKEwjelviXr-SNAxWbRLgEHfqMAKoQ3fYKegQIGhAB\">\r\n<div class=\"niO4u\">\r\n<div class=\"kHtcsd\"><\/div>\r\n<\/div>\r\n<\/div>\r\n<\/div>\r\n<\/div>\r\n<\/div>\r\n<\/div>\r\n<\/div><\/li>\r\n \t<li class=\"K3KsMc\">\r\n<div class=\"zMgcWd dSKvsb\" data-il=\"\">\r\n<div data-crb-p=\"\">\r\n<div class=\"xFTqob\">\r\n<div class=\"Gur8Ad\"><span data-huuid=\"11462928719738129965\"><strong>Almohadilla T\u00e1ctil:<\/strong><\/span><\/div>\r\n<div class=\"vM0jzc\">\r\n\r\n<span data-huuid=\"11462928719738127030\">La almohadilla t\u00e1ctil en la parte frontal del control ofrece nuevas formas de interacci\u00f3n con los juegos, como gestos y dibujo.<span class=\"pjBG2e\" data-cid=\"37de674d-173e-448a-b4ca-5e325c2181a6\"><span class=\"UV3uM\">\u00a0<\/span><\/span><\/span>\r\n<div class=\"NPrrbc\" data-cid=\"37de674d-173e-448a-b4ca-5e325c2181a6\" data-uuids=\"11462928719738129965,11462928719738127030\">\r\n<div class=\"BMebGe btku5b fCrZyc LwdV0e FR7ZSc OJeuxf\" tabindex=\"0\" role=\"button\" aria-label=\"Ver v\u00ednculos relacionados\" data-hveid=\"CC4QAQ\" data-ved=\"2ahUKEwjelviXr-SNAxWbRLgEHfqMAKoQ3fYKegQILhAB\">\r\n<div class=\"niO4u\">\r\n<div class=\"kHtcsd\"><\/div>\r\n<\/div>\r\n<\/div>\r\n<\/div>\r\n<\/div>\r\n<\/div>\r\n<\/div>\r\n<\/div><\/li>\r\n \t<li class=\"K3KsMc\">\r\n<div class=\"zMgcWd dSKvsb\" data-il=\"\">\r\n<div data-crb-p=\"\">\r\n<div class=\"xFTqob\">\r\n<div class=\"Gur8Ad\"><span data-huuid=\"11462928719738129352\"><strong>Botones de Acci\u00f3n:<\/strong><\/span><\/div>\r\n<div class=\"vM0jzc\">\r\n\r\n<span data-huuid=\"11462928719738126417\">Incluye los botones de acci\u00f3n tradicionales (tri\u00e1ngulo, c\u00edrculo, cruz, cuadrado) y los botones direccionales.<span class=\"pjBG2e\" data-cid=\"be13cdd8-04f1-4eb2-862a-f8b17f5d0bbf\"><span class=\"UV3uM\">\u00a0<\/span><\/span><\/span>\r\n<div class=\"NPrrbc\" data-cid=\"be13cdd8-04f1-4eb2-862a-f8b17f5d0bbf\" data-uuids=\"11462928719738129352,11462928719738126417\">\r\n<div class=\"BMebGe btku5b fCrZyc LwdV0e FR7ZSc OJeuxf\" tabindex=\"0\" role=\"button\" aria-label=\"Ver v\u00ednculos relacionados\" data-hveid=\"CBgQAQ\" data-ved=\"2ahUKEwjelviXr-SNAxWbRLgEHfqMAKoQ3fYKegQIGBAB\">\r\n<div class=\"niO4u\">\r\n<div class=\"kHtcsd\"><\/div>\r\n<\/div>\r\n<\/div>\r\n<\/div>\r\n<\/div>\r\n<\/div>\r\n<\/div>\r\n<\/div><\/li>\r\n \t<li class=\"K3KsMc\">\r\n<div class=\"zMgcWd dSKvsb\" data-il=\"\">\r\n<div data-crb-p=\"\">\r\n<div class=\"xFTqob\">\r\n<div class=\"Gur8Ad\"><span data-huuid=\"11462928719738128739\"><strong>Botones R1, L1, R2 y L2:<\/strong><\/span><\/div>\r\n<div class=\"vM0jzc\">\r\n\r\n<span data-huuid=\"11462928719738129900\">Permiten realizar acciones de juego, como disparar o interaccionar con el entorno.<span class=\"pjBG2e\" data-cid=\"8014b20c-a2c0-44eb-ad30-f5968e175a12\"><span class=\"UV3uM\">\u00a0<\/span><\/span><\/span>\r\n<div class=\"NPrrbc\" data-cid=\"8014b20c-a2c0-44eb-ad30-f5968e175a12\" data-uuids=\"11462928719738128739,11462928719738129900\">\r\n<div class=\"BMebGe btku5b fCrZyc LwdV0e FR7ZSc OJeuxf\" tabindex=\"0\" role=\"button\" aria-label=\"Ver v\u00ednculos relacionados\" data-hveid=\"CBkQAQ\" data-ved=\"2ahUKEwjelviXr-SNAxWbRLgEHfqMAKoQ3fYKegQIGRAB\">\r\n<div class=\"niO4u\">\r\n<div class=\"kHtcsd\"><\/div>\r\n<\/div>\r\n<\/div>\r\n<\/div>\r\n<\/div>\r\n<\/div>\r\n<\/div>\r\n<\/div><\/li>\r\n \t<li class=\"K3KsMc\">\r\n<div class=\"zMgcWd dSKvsb\" data-il=\"\">\r\n<div data-crb-p=\"\">\r\n<div class=\"xFTqob\">\r\n<div class=\"Gur8Ad\"><span data-huuid=\"11462928719738128126\"><strong>Joysticks Anal\u00f3gicos:<\/strong><\/span><\/div>\r\n<div class=\"vM0jzc\">\r\n\r\n<span data-huuid=\"11462928719738129287\">Los joysticks izquierdo y derecho permiten el movimiento y la interacci\u00f3n con el juego.<span class=\"pjBG2e\" data-cid=\"7c7a8580-8a89-4a8c-ad87-f910f97749b5\"><span class=\"UV3uM\">\u00a0<\/span><\/span><\/span>\r\n<div class=\"NPrrbc\" data-cid=\"7c7a8580-8a89-4a8c-ad87-f910f97749b5\" data-uuids=\"11462928719738128126,11462928719738129287\">\r\n<div class=\"BMebGe btku5b fCrZyc LwdV0e FR7ZSc OJeuxf\" tabindex=\"0\" role=\"button\" aria-label=\"Ver v\u00ednculos relacionados\" data-hveid=\"CC0QAQ\" data-ved=\"2ahUKEwjelviXr-SNAxWbRLgEHfqMAKoQ3fYKegQILRAB\">\r\n<div class=\"niO4u\">\r\n<div class=\"kHtcsd\"><\/div>\r\n<\/div>\r\n<\/div>\r\n<\/div>\r\n<\/div>\r\n<\/div>\r\n<\/div>\r\n<\/div><\/li>\r\n \t<li class=\"K3KsMc\">\r\n<div class=\"zMgcWd dSKvsb\" data-il=\"\">\r\n<div data-crb-p=\"\">\r\n<div class=\"xFTqob\">\r\n<div class=\"Gur8Ad\"><span data-huuid=\"11462928719738127513\"><strong>Barra de Luz:<\/strong><\/span><\/div>\r\n<div class=\"vM0jzc\">\r\n\r\n<span data-huuid=\"11462928719738128674\">Una barra de luz LED en la parte frontal del control puede mostrar informaci\u00f3n \u00fatil del juego o identificar a los jugadores.<span class=\"pjBG2e\" data-cid=\"3b06d62c-e8f3-4573-9400-c551a859cf5b\"><span class=\"UV3uM\">\u00a0<\/span><\/span><\/span>\r\n<div class=\"NPrrbc\" data-cid=\"3b06d62c-e8f3-4573-9400-c551a859cf5b\" data-uuids=\"11462928719738127513,11462928719738128674\">\r\n<div class=\"BMebGe btku5b fCrZyc LwdV0e FR7ZSc OJeuxf\" tabindex=\"0\" role=\"button\" aria-label=\"Ver v\u00ednculos relacionados\" data-hveid=\"CCsQAQ\" data-ved=\"2ahUKEwjelviXr-SNAxWbRLgEHfqMAKoQ3fYKegQIKxAB\">\r\n<div class=\"niO4u\">\r\n<div class=\"kHtcsd\"><\/div>\r\n<\/div>\r\n<\/div>\r\n<\/div>\r\n<\/div>\r\n<\/div>\r\n<\/div>\r\n<\/div><\/li>\r\n \t<li class=\"K3KsMc\">\r\n<div class=\"zMgcWd dSKvsb\" data-il=\"\">\r\n<div data-crb-p=\"\">\r\n<div class=\"xFTqob\">\r\n<div class=\"Gur8Ad\"><span data-huuid=\"11462928719738126900\"><strong>Vibraci\u00f3n:<\/strong><\/span><\/div>\r\n<div class=\"vM0jzc\">\r\n\r\n<span data-huuid=\"11462928719738128061\">El control ofrece vibraci\u00f3n para una experiencia de juego m\u00e1s inmersiva.<span class=\"pjBG2e\" data-cid=\"f17d4a01-b074-467d-8d89-f7df348dfaa0\"><span class=\"UV3uM\">\u00a0<\/span><\/span><\/span>\r\n<div class=\"NPrrbc\" data-cid=\"f17d4a01-b074-467d-8d89-f7df348dfaa0\" data-uuids=\"11462928719738126900,11462928719738128061\">\r\n<div class=\"BMebGe btku5b fCrZyc LwdV0e FR7ZSc OJeuxf\" tabindex=\"0\" role=\"button\" aria-label=\"Ver v\u00ednculos relacionados\" data-hveid=\"CBcQAQ\" data-ved=\"2ahUKEwjelviXr-SNAxWbRLgEHfqMAKoQ3fYKegQIFxAB\">\r\n<div class=\"niO4u\">\r\n<div class=\"kHtcsd\"><\/div>\r\n<\/div>\r\n<\/div>\r\n<\/div>\r\n<\/div>\r\n<\/div>\r\n<\/div>\r\n<\/div><\/li>\r\n \t<li class=\"K3KsMc\">\r\n<div class=\"zMgcWd dSKvsb\" data-il=\"\">\r\n<div data-crb-p=\"\">\r\n<div class=\"xFTqob\">\r\n<div class=\"Gur8Ad\"><span data-huuid=\"11462928719738130383\"><strong>Altavoz y Conector de Auriculares:<\/strong><\/span><\/div>\r\n<div class=\"vM0jzc\">\r\n\r\n<span data-huuid=\"11462928719738127448\">El control incluye un altavoz mono integrado y un conector para auriculares de 3.5mm, permitiendo escuchar el sonido del juego o chatear con otros jugadores.<span class=\"pjBG2e\" data-cid=\"0a448eb4-984d-43d9-8bc4-3a3dbe4b5480\"><span class=\"UV3uM\">\u00a0<\/span><\/span><\/span>\r\n<div class=\"NPrrbc\" data-cid=\"0a448eb4-984d-43d9-8bc4-3a3dbe4b5480\" data-uuids=\"11462928719738130383,11462928719738127448\">\r\n<div class=\"BMebGe btku5b fCrZyc LwdV0e FR7ZSc OJeuxf\" tabindex=\"0\" role=\"button\" aria-label=\"Ver v\u00ednculos relacionados\" data-hveid=\"CC8QAQ\" data-ved=\"2ahUKEwjelviXr-SNAxWbRLgEHfqMAKoQ3fYKegQILxAB\">\r\n<div class=\"niO4u\">\r\n<div class=\"kHtcsd\"><\/div>\r\n<\/div>\r\n<\/div>\r\n<\/div>\r\n<\/div>\r\n<\/div>\r\n<\/div>\r\n<\/div><\/li>\r\n \t<li class=\"K3KsMc\">\r\n<div class=\"zMgcWd dSKvsb\" data-il=\"\">\r\n<div data-crb-p=\"\">\r\n<div class=\"xFTqob\">\r\n<div class=\"Gur8Ad\"><span data-huuid=\"11462928719738129770\"><strong>Detecci\u00f3n de Movimiento:<\/strong><\/span><\/div>\r\n<div class=\"vM0jzc\">\r\n\r\n<span data-huuid=\"11462928719738126835\">El aceler\u00f3metro y giroscopio integrados detectan los movimientos, giros y rotaciones del control, llevando la experiencia de juego a un nuevo nivel.<span class=\"pjBG2e\" data-cid=\"0710c84d-faee-467c-a16f-8845cfa8ef0b\"><span class=\"UV3uM\">\u00a0<\/span><\/span><\/span>\r\n<div class=\"NPrrbc\" data-cid=\"0710c84d-faee-467c-a16f-8845cfa8ef0b\" data-uuids=\"11462928719738129770,11462928719738126835\">\r\n<div class=\"BMebGe btku5b fCrZyc LwdV0e FR7ZSc OJeuxf\" tabindex=\"0\" role=\"button\" aria-label=\"Ver v\u00ednculos relacionados\" data-hveid=\"CDAQAQ\" data-ved=\"2ahUKEwjelviXr-SNAxWbRLgEHfqMAKoQ3fYKegQIMBAB\">\r\n<div class=\"niO4u\">\r\n<div class=\"kHtcsd\"><\/div>\r\n<\/div>\r\n<\/div>\r\n<\/div>\r\n<\/div>\r\n<\/div>\r\n<\/div>\r\n<\/div><\/li>\r\n \t<li class=\"K3KsMc\">\r\n<div class=\"zMgcWd dSKvsb\" data-il=\"\">\r\n<div data-crb-p=\"\">\r\n<div class=\"xFTqob\">\r\n<div class=\"Gur8Ad\"><span data-huuid=\"11462928719738129157\"><strong>Bot\u00f3n SHARE:<\/strong><\/span><\/div>\r\n<div class=\"vM0jzc\">\r\n\r\n<span data-huuid=\"11462928719738130318\">Permite compartir instant\u00e1neamente logros y momentos de juego en redes sociales.<span class=\"pjBG2e\" data-cid=\"a1cf49da-6be4-4fd6-a7c4-4317ad9e1172\"><span class=\"UV3uM\">\u00a0<\/span><\/span><\/span>\r\n<div class=\"NPrrbc\" data-cid=\"a1cf49da-6be4-4fd6-a7c4-4317ad9e1172\" data-uuids=\"11462928719738129157,11462928719738130318\">\r\n<div class=\"BMebGe btku5b fCrZyc LwdV0e FR7ZSc OJeuxf\" tabindex=\"0\" role=\"button\" aria-label=\"Ver v\u00ednculos relacionados\" data-hveid=\"CBYQAQ\" data-ved=\"2ahUKEwjelviXr-SNAxWbRLgEHfqMAKoQ3fYKegQIFhAB\">\r\n<div class=\"niO4u\">\r\n<div class=\"kHtcsd\"><\/div>\r\n<\/div>\r\n<\/div>\r\n<\/div>\r\n<\/div>\r\n<\/div>\r\n<\/div>\r\n<\/div><\/li>\r\n \t<li class=\"K3KsMc\">\r\n<div class=\"zMgcWd dSKvsb\" data-il=\"\">\r\n<div data-crb-p=\"\">\r\n<div class=\"xFTqob\">\r\n<div class=\"Gur8Ad\"><span data-huuid=\"11462928719738128544\"><strong>Conectividad:<\/strong><\/span><\/div>\r\n<div class=\"vM0jzc\"><span data-huuid=\"11462928719738129705\">El control se conecta a la consola PS4 de forma inal\u00e1mbrica mediante Bluetooth, y tambi\u00e9n puede ser conectado a trav\u00e9s de un cable USB.<\/span><\/div>\r\n<\/div>\r\n<\/div>\r\n<\/div><\/li>\r\n<\/ul>\r\n<\/div>\r\n<\/div>","protected":false},"excerpt":{"rendered":"El DualShock 4 es el control est\u00e1ndar de PlayStation 4, un dispositivo inal\u00e1mbrico que ofrece una amplia gama de funciones para una experiencia de juego inmersiva.\r\n\r\n&nbsp;\r\n\r\nImagen Ilustrativa, disponibilidad sujeta a stock.","protected":false},"featured_media":4448,"comment_status":"open","ping_status":"closed","template":"","meta":[],"_links":{"self":[{"href":"https:\/\/www.ellogo.com.uy\/web\/wp-json\/wp\/v2\/product\/4447"}],"collection":[{"href":"https:\/\/www.ellogo.com.uy\/web\/wp-json\/wp\/v2\/product"}],"about":[{"href":"https:\/\/www.ellogo.com.uy\/web\/wp-json\/wp\/v2\/types\/product"}],"replies":[{"embeddable":true,"href":"https:\/\/www.ellogo.com.uy\/web\/wp-json\/wp\/v2\/comments?post=4447"}],"wp:featuredmedia":[{"embeddable":true,"href":"https:\/\/www.ellogo.com.uy\/web\/wp-json\/wp\/v2\/media\/4448"}],"wp:attachment":[{"href":"https:\/\/www.ellogo.com.uy\/web\/wp-json\/wp\/v2\/media?parent=4447"}],"curies":[{"name":"wp","href":"https:\/\/api.w.org\/{rel}","templated":true}]}}