{"id":4449,"date":"2025-06-09T09:55:33","date_gmt":"2025-06-09T12:55:33","guid":{"rendered":"https:\/\/www.ellogo.com.uy\/web\/?post_type=product&#038;p=4449"},"modified":"2025-06-09T09:56:03","modified_gmt":"2025-06-09T12:56:03","slug":"joystick-serie-5","status":"publish","type":"product","link":"https:\/\/www.ellogo.com.uy\/web\/producto\/joystick-serie-5\/","title":{"rendered":"Joystick serie 5"},"content":{"rendered":"<strong>Caracter\u00edsticas principales del Control PS5:<\/strong>\r\n<ul>\r\n \t<li><strong>Haptic Feedback:<\/strong>\u00a0Ofrece una respuesta t\u00e1ctil que simula sensaciones como la resistencia de una cuerda tensa o el impacto de un choque. Esto proporciona una experiencia m\u00e1s realista.<\/li>\r\n \t<li><strong>Adaptive Triggers:<\/strong>\u00a0Los gatillos adaptativos se ajustan a la resistencia seg\u00fan el juego, permitiendo sentir, por ejemplo, la tensi\u00f3n al disparar un arco.<\/li>\r\n \t<li><strong>Micr\u00f3fono integrado:<\/strong>\u00a0Facilita la comunicaci\u00f3n sin necesidad de auriculares adicionales.<\/li>\r\n \t<li><strong>Bater\u00eda recargable:<\/strong>\u00a0Permite largas horas de juego sin estar atado a cables.<\/li>\r\n<\/ul>","protected":false},"excerpt":{"rendered":"El control inal\u00e1mbrico DualSense para consolas PS5 trae una\u00a0respuesta h\u00e1ptica inmersiva, gatillos adaptativos din\u00e1micos\u00a0y un micr\u00f3fono, todo integrado en un dise\u00f1o ic\u00f3nico.\r\n\r\n&nbsp;\r\n\r\nImagen Ilustrativa, disponibilidad sujeta a stock.","protected":false},"featured_media":4450,"comment_status":"open","ping_status":"closed","template":"","meta":[],"_links":{"self":[{"href":"https:\/\/www.ellogo.com.uy\/web\/wp-json\/wp\/v2\/product\/4449"}],"collection":[{"href":"https:\/\/www.ellogo.com.uy\/web\/wp-json\/wp\/v2\/product"}],"about":[{"href":"https:\/\/www.ellogo.com.uy\/web\/wp-json\/wp\/v2\/types\/product"}],"replies":[{"embeddable":true,"href":"https:\/\/www.ellogo.com.uy\/web\/wp-json\/wp\/v2\/comments?post=4449"}],"wp:featuredmedia":[{"embeddable":true,"href":"https:\/\/www.ellogo.com.uy\/web\/wp-json\/wp\/v2\/media\/4450"}],"wp:attachment":[{"href":"https:\/\/www.ellogo.com.uy\/web\/wp-json\/wp\/v2\/media?parent=4449"}],"curies":[{"name":"wp","href":"https:\/\/api.w.org\/{rel}","templated":true}]}}