{"id":4451,"date":"2025-06-09T09:59:10","date_gmt":"2025-06-09T12:59:10","guid":{"rendered":"https:\/\/www.ellogo.com.uy\/web\/?post_type=product&#038;p=4451"},"modified":"2025-06-09T10:01:21","modified_gmt":"2025-06-09T13:01:21","slug":"xbox-360","status":"publish","type":"product","link":"https:\/\/www.ellogo.com.uy\/web\/producto\/xbox-360\/","title":{"rendered":"Xbox 360"},"content":{"rendered":"<div class=\"WaaZC\">\r\n<div class=\"RJPOee EIJn2\">\r\n<div class=\"rPeykc pyPiTc\" data-hveid=\"CAMQAQ\" data-ved=\"2ahUKEwjrk5zfseSNAxVbq5UCHXKULzcQo_EKegQIAxAB\"><span data-huuid=\"1454169190670057020\">Detalles de las caracter\u00edsticas:<\/span><\/div>\r\n<\/div>\r\n<\/div>\r\n<div class=\"WaaZC\">\r\n<div class=\"RJPOee EIJn2\">\r\n<ul data-hveid=\"CDMQAQ\" data-ved=\"2ahUKEwjrk5zfseSNAxVbq5UCHXKULzcQm_YKegQIMxAB\">\r\n \t<li class=\"K3KsMc\">\r\n<div class=\"zMgcWd dSKvsb\" data-il=\"\">\r\n<div data-crb-p=\"\">\r\n<div class=\"xFTqob\">\r\n<div class=\"Gur8Ad\"><span data-huuid=\"1454169190670053553\"><strong>Botones de acci\u00f3n:<\/strong><\/span><\/div>\r\n<div class=\"vM0jzc\">\r\n\r\n<span data-huuid=\"1454169190670055128\">Cuatro botones de acci\u00f3n ubicados en la cara derecha (A, B, X, Y), con colores distintos para facilitar la identificaci\u00f3n.<span class=\"pjBG2e\" data-cid=\"be66e24c-cb84-4902-924f-80d31234b348\"><span class=\"UV3uM\">\u00a0<\/span><\/span><\/span>\r\n<div class=\"NPrrbc\" data-cid=\"be66e24c-cb84-4902-924f-80d31234b348\" data-uuids=\"1454169190670053553,1454169190670055128\">\r\n<div class=\"BMebGe btku5b fCrZyc LwdV0e FR7ZSc OJeuxf\" tabindex=\"0\" role=\"button\" aria-label=\"Ver v\u00ednculos relacionados\" data-hveid=\"CBkQAQ\" data-ved=\"2ahUKEwjrk5zfseSNAxVbq5UCHXKULzcQ3fYKegQIGRAB\">\r\n<div class=\"niO4u\">\r\n<div class=\"kHtcsd\"><\/div>\r\n<\/div>\r\n<\/div>\r\n<\/div>\r\n<\/div>\r\n<\/div>\r\n<\/div>\r\n<\/div><\/li>\r\n \t<li class=\"K3KsMc\">\r\n<div class=\"zMgcWd dSKvsb\" data-il=\"\">\r\n<div data-crb-p=\"\">\r\n<div class=\"xFTqob\">\r\n<div class=\"Gur8Ad\"><span data-huuid=\"1454169190670054182\"><strong>Gatillos:<\/strong><\/span><\/div>\r\n<div class=\"vM0jzc\">\r\n\r\n<span data-huuid=\"1454169190670055757\">Dos gatillos anal\u00f3gicos, ubicados en la parte trasera del control, que se presionan para realizar acciones dentro del juego.<span class=\"pjBG2e\" data-cid=\"0172a195-11eb-4bcc-932d-d49c292ec771\"><span class=\"UV3uM\">\u00a0<\/span><\/span><\/span>\r\n<div class=\"NPrrbc\" data-cid=\"0172a195-11eb-4bcc-932d-d49c292ec771\" data-uuids=\"1454169190670054182,1454169190670055757\">\r\n<div class=\"BMebGe btku5b fCrZyc LwdV0e FR7ZSc OJeuxf\" tabindex=\"0\" role=\"button\" aria-label=\"Ver v\u00ednculos relacionados\" data-hveid=\"CCcQAQ\" data-ved=\"2ahUKEwjrk5zfseSNAxVbq5UCHXKULzcQ3fYKegQIJxAB\">\r\n<div class=\"niO4u\">\r\n<div class=\"kHtcsd\"><\/div>\r\n<\/div>\r\n<\/div>\r\n<\/div>\r\n<\/div>\r\n<\/div>\r\n<\/div>\r\n<\/div><\/li>\r\n \t<li class=\"K3KsMc\">\r\n<div class=\"zMgcWd dSKvsb\" data-il=\"\">\r\n<div data-crb-p=\"\">\r\n<div class=\"xFTqob\">\r\n<div class=\"Gur8Ad\"><span data-huuid=\"1454169190670054811\"><strong>Joysticks:<\/strong><\/span><\/div>\r\n<div class=\"vM0jzc\">\r\n\r\n<span data-huuid=\"1454169190670056386\">Dos joysticks anal\u00f3gicos, ubicados en la parte superior del control, que permiten controlar el movimiento del personaje o la c\u00e1mara.<span class=\"pjBG2e\" data-cid=\"3d75c260-9e49-4d11-a2d1-d5524731b240\"><span class=\"UV3uM\">\u00a0<\/span><\/span><\/span>\r\n<div class=\"NPrrbc\" data-cid=\"3d75c260-9e49-4d11-a2d1-d5524731b240\" data-uuids=\"1454169190670054811,1454169190670056386\">\r\n<div class=\"BMebGe btku5b fCrZyc LwdV0e FR7ZSc OJeuxf\" tabindex=\"0\" role=\"button\" aria-label=\"Ver v\u00ednculos relacionados\" data-hveid=\"CCgQAQ\" data-ved=\"2ahUKEwjrk5zfseSNAxVbq5UCHXKULzcQ3fYKegQIKBAB\">\r\n<div class=\"niO4u\">\r\n<div class=\"kHtcsd\"><\/div>\r\n<\/div>\r\n<\/div>\r\n<\/div>\r\n<\/div>\r\n<\/div>\r\n<\/div>\r\n<\/div><\/li>\r\n \t<li class=\"K3KsMc\">\r\n<div class=\"zMgcWd dSKvsb\" data-il=\"\">\r\n<div data-crb-p=\"\">\r\n<div class=\"xFTqob\">\r\n<div class=\"Gur8Ad\"><span data-huuid=\"1454169190670055440\"><strong>Pad direccional:<\/strong><\/span><\/div>\r\n<div class=\"vM0jzc\">\r\n\r\n<span data-huuid=\"1454169190670057015\">Un pad direccional digital, que permite la navegaci\u00f3n en men\u00fas o la realizaci\u00f3n de movimientos espec\u00edficos.<span class=\"pjBG2e\" data-cid=\"f124c8fa-4c07-4c71-93c1-6fc87b9d30f9\"><span class=\"UV3uM\">\u00a0<\/span><\/span><\/span>\r\n<div class=\"NPrrbc\" data-cid=\"f124c8fa-4c07-4c71-93c1-6fc87b9d30f9\" data-uuids=\"1454169190670055440,1454169190670057015\">\r\n<div class=\"BMebGe btku5b fCrZyc LwdV0e FR7ZSc OJeuxf\" tabindex=\"0\" role=\"button\" aria-label=\"Ver v\u00ednculos relacionados\" data-hveid=\"CCsQAQ\" data-ved=\"2ahUKEwjrk5zfseSNAxVbq5UCHXKULzcQ3fYKegQIKxAB\">\r\n<div class=\"niO4u\">\r\n<div class=\"kHtcsd\"><\/div>\r\n<\/div>\r\n<\/div>\r\n<\/div>\r\n<\/div>\r\n<\/div>\r\n<\/div>\r\n<\/div><\/li>\r\n \t<li class=\"K3KsMc\">\r\n<div class=\"zMgcWd dSKvsb\" data-il=\"\">\r\n<div data-crb-p=\"\">\r\n<div class=\"xFTqob\">\r\n<div class=\"Gur8Ad\"><span data-huuid=\"1454169190670056069\"><strong>Bot\u00f3n de gu\u00eda:<\/strong><\/span><\/div>\r\n<div class=\"vM0jzc\">\r\n\r\n<span data-huuid=\"1454169190670053548\">Un bot\u00f3n central que proporciona acceso a funciones como el men\u00fa de la Xbox, la gu\u00eda de la Xbox, la configuraci\u00f3n, y la posibilidad de apagar el control o la consola.<span class=\"pjBG2e\" data-cid=\"551cee1a-4024-4f3e-9fd9-57a6ad32f9eb\"><span class=\"UV3uM\">\u00a0<\/span><\/span><\/span>\r\n<div class=\"NPrrbc\" data-cid=\"551cee1a-4024-4f3e-9fd9-57a6ad32f9eb\" data-uuids=\"1454169190670056069,1454169190670053548\">\r\n<div class=\"BMebGe btku5b fCrZyc LwdV0e FR7ZSc OJeuxf\" tabindex=\"0\" role=\"button\" aria-label=\"Ver v\u00ednculos relacionados\" data-hveid=\"CCoQAQ\" data-ved=\"2ahUKEwjrk5zfseSNAxVbq5UCHXKULzcQ3fYKegQIKhAB\">\r\n<div class=\"niO4u\">\r\n<div class=\"kHtcsd\"><\/div>\r\n<\/div>\r\n<\/div>\r\n<\/div>\r\n<\/div>\r\n<\/div>\r\n<\/div>\r\n<\/div><\/li>\r\n \t<li class=\"K3KsMc\">\r\n<div class=\"zMgcWd dSKvsb\" data-il=\"\">\r\n<div data-crb-p=\"\">\r\n<div class=\"xFTqob\">\r\n<div class=\"Gur8Ad\"><span data-huuid=\"1454169190670056698\"><strong>Vibraci\u00f3n:<\/strong><\/span><\/div>\r\n<div class=\"vM0jzc\">\r\n\r\n<span data-huuid=\"1454169190670054177\">El control tiene dos motores de vibraci\u00f3n que permiten la respuesta h\u00e1ptica, aumentando la inmersi\u00f3n en el juego.<span class=\"pjBG2e\" data-cid=\"641251ae-cca6-4ad4-9a65-1d9c06664be1\"><span class=\"UV3uM\">\u00a0<\/span><\/span><\/span>\r\n<div class=\"NPrrbc\" data-cid=\"641251ae-cca6-4ad4-9a65-1d9c06664be1\" data-uuids=\"1454169190670056698,1454169190670054177\">\r\n<div class=\"BMebGe btku5b fCrZyc LwdV0e FR7ZSc OJeuxf\" tabindex=\"0\" role=\"button\" aria-label=\"Ver v\u00ednculos relacionados\" data-hveid=\"CCkQAQ\" data-ved=\"2ahUKEwjrk5zfseSNAxVbq5UCHXKULzcQ3fYKegQIKRAB\">\r\n<div class=\"niO4u\">\r\n<div class=\"kHtcsd\"><\/div>\r\n<\/div>\r\n<\/div>\r\n<\/div>\r\n<\/div>\r\n<\/div>\r\n<\/div>\r\n<\/div><\/li>\r\n \t<li class=\"K3KsMc\">\r\n<div class=\"zMgcWd dSKvsb\" data-il=\"\">\r\n<div data-crb-p=\"\">\r\n<div class=\"xFTqob\">\r\n<div class=\"Gur8Ad\"><span data-huuid=\"1454169190670057327\"><strong>Dise\u00f1o ergon\u00f3mico:<\/strong><\/span><\/div>\r\n<div class=\"vM0jzc\">\r\n\r\n<span data-huuid=\"1454169190670054806\">El dise\u00f1o del control est\u00e1 pensado para adaptarse c\u00f3modamente a la mano, reduciendo la fatiga durante largas sesiones de juego.<span class=\"pjBG2e\" data-cid=\"d5b9e8d3-8d2d-48b5-8aea-aca17c689baf\"><span class=\"UV3uM\">\u00a0<\/span><\/span><\/span>\r\n<div class=\"NPrrbc\" data-cid=\"d5b9e8d3-8d2d-48b5-8aea-aca17c689baf\" data-uuids=\"1454169190670057327,1454169190670054806\">\r\n<div class=\"BMebGe btku5b fCrZyc LwdV0e FR7ZSc OJeuxf\" tabindex=\"0\" role=\"button\" aria-label=\"Ver v\u00ednculos relacionados\" data-hveid=\"CBgQAQ\" data-ved=\"2ahUKEwjrk5zfseSNAxVbq5UCHXKULzcQ3fYKegQIGBAB\">\r\n<div class=\"niO4u\">\r\n<div class=\"kHtcsd\"><\/div>\r\n<\/div>\r\n<\/div>\r\n<\/div>\r\n<\/div>\r\n<\/div>\r\n<\/div>\r\n<\/div><\/li>\r\n \t<li class=\"K3KsMc\">\r\n<div class=\"zMgcWd dSKvsb\" data-il=\"\">\r\n<div data-crb-p=\"\">\r\n<div class=\"xFTqob\">\r\n<div class=\"Gur8Ad\"><span data-huuid=\"1454169190670053860\"><strong>Conexi\u00f3n:<\/strong><\/span><\/div>\r\n<div class=\"vM0jzc\">\r\n\r\n<span data-huuid=\"1454169190670055435\">El control puede conectarse a la consola Xbox 360 a trav\u00e9s de un cable USB, o a trav\u00e9s de un adaptador inal\u00e1mbrico.<span class=\"pjBG2e\" data-cid=\"ef2abf21-b50f-465c-a4e9-91d21c053e75\"><span class=\"UV3uM\">\u00a0<\/span><\/span><\/span>\r\n<div class=\"NPrrbc\" data-cid=\"ef2abf21-b50f-465c-a4e9-91d21c053e75\" data-uuids=\"1454169190670053860,1454169190670055435\">\r\n<div class=\"BMebGe btku5b fCrZyc LwdV0e FR7ZSc OJeuxf\" tabindex=\"0\" role=\"button\" aria-label=\"Ver v\u00ednculos relacionados\" data-hveid=\"CCwQAQ\" data-ved=\"2ahUKEwjrk5zfseSNAxVbq5UCHXKULzcQ3fYKegQILBAB\">\r\n<div class=\"niO4u\">\r\n<div class=\"kHtcsd\"><\/div>\r\n<\/div>\r\n<\/div>\r\n<\/div>\r\n<\/div>\r\n<\/div>\r\n<\/div>\r\n<\/div><\/li>\r\n \t<li class=\"K3KsMc\">\r\n<div class=\"zMgcWd dSKvsb\" data-il=\"\">\r\n<div data-crb-p=\"\">\r\n<div class=\"xFTqob\">\r\n<div class=\"Gur8Ad\"><span data-huuid=\"1454169190670054489\"><strong>Compatibilidad:<\/strong><\/span><\/div>\r\n<div class=\"vM0jzc\"><span data-huuid=\"1454169190670056064\">El control de Xbox 360 tambi\u00e9n es compatible con computadoras con Windows.<\/span><\/div>\r\n<\/div>\r\n<\/div>\r\n<\/div><\/li>\r\n<\/ul>\r\n<\/div>\r\n<\/div>","protected":false},"excerpt":{"rendered":"<span data-huuid=\"1454169190670056391\">El control de Xbox 360 cuenta con una serie de caracter\u00edsticas dise\u00f1adas para mejorar la experiencia de juego.\u00a0<\/span>Incluye botones de acci\u00f3n, gatillos, joysticks, un pad direccional, un bot\u00f3n de gu\u00eda, y la posibilidad de vibraci\u00f3n.\r\n\r\n&nbsp;\r\n\r\nImagen Ilustrativa, disponibilidad sujeta a stock.","protected":false},"featured_media":4453,"comment_status":"open","ping_status":"closed","template":"","meta":[],"_links":{"self":[{"href":"https:\/\/www.ellogo.com.uy\/web\/wp-json\/wp\/v2\/product\/4451"}],"collection":[{"href":"https:\/\/www.ellogo.com.uy\/web\/wp-json\/wp\/v2\/product"}],"about":[{"href":"https:\/\/www.ellogo.com.uy\/web\/wp-json\/wp\/v2\/types\/product"}],"replies":[{"embeddable":true,"href":"https:\/\/www.ellogo.com.uy\/web\/wp-json\/wp\/v2\/comments?post=4451"}],"wp:featuredmedia":[{"embeddable":true,"href":"https:\/\/www.ellogo.com.uy\/web\/wp-json\/wp\/v2\/media\/4453"}],"wp:attachment":[{"href":"https:\/\/www.ellogo.com.uy\/web\/wp-json\/wp\/v2\/media?parent=4451"}],"curies":[{"name":"wp","href":"https:\/\/api.w.org\/{rel}","templated":true}]}}