{"id":4456,"date":"2025-06-09T10:29:37","date_gmt":"2025-06-09T13:29:37","guid":{"rendered":"https:\/\/www.ellogo.com.uy\/web\/?post_type=product&#038;p=4456"},"modified":"2025-06-09T10:30:08","modified_gmt":"2025-06-09T13:30:08","slug":"joystick-play-2","status":"publish","type":"product","link":"https:\/\/www.ellogo.com.uy\/web\/producto\/joystick-play-2\/","title":{"rendered":"Joystick play 2"},"content":{"rendered":"Caracter\u00edsticas clave:\r\nJoysticks anal\u00f3gicos:\r\nPermiten un control m\u00e1s preciso en juegos que requieren movimientos suaves y precisos.\r\nVibraci\u00f3n:\r\nA\u00f1ade un elemento de realismo y feedback al juego.\r\nBotones anal\u00f3gicos:\r\nAlgunos botones, como los gatillos R2 y L2, pueden detectar la presi\u00f3n, lo que permite ajustar la intensidad de acciones en los juegos.\r\nErgonom\u00eda:\r\nEl dise\u00f1o del control ha sido mejorado para una mayor comodidad durante largas sesiones de juego.\r\nColores:\r\nM\u00e1s all\u00e1 del negro est\u00e1ndar, se lanzaron versiones en plata, blanco, gris, etc.\r\nRetrocompatibilidad:\r\nEl DualShock 2 es compatible con la PlayStation original y, con adaptadores de terceros, con la PlayStation 3.","protected":false},"excerpt":{"rendered":"<span data-huuid=\"15353341946382589812\">El DualShock 2, el control est\u00e1ndar de la PlayStation 2,\u00a0<\/span>introduce los joysticks anal\u00f3gicos, vibraci\u00f3n y la capacidad de leer los botones como valores anal\u00f3gicos.<span data-huuid=\"15353341946382588355\">Adem\u00e1s, tiene una ergonom\u00eda mejorada y est\u00e1 disponible en diversos colores.<span class=\"pjBG2e\" data-cid=\"75c5aa67-4604-48b3-a916-68489531628d\"><span class=\"UV3uM\">\u00a0<\/span><\/span><\/span>\r\n\r\n&nbsp;\r\n\r\nImagen Ilustrativa, disponibilidad sujeta a stock.","protected":false},"featured_media":4457,"comment_status":"open","ping_status":"closed","template":"","meta":[],"_links":{"self":[{"href":"https:\/\/www.ellogo.com.uy\/web\/wp-json\/wp\/v2\/product\/4456"}],"collection":[{"href":"https:\/\/www.ellogo.com.uy\/web\/wp-json\/wp\/v2\/product"}],"about":[{"href":"https:\/\/www.ellogo.com.uy\/web\/wp-json\/wp\/v2\/types\/product"}],"replies":[{"embeddable":true,"href":"https:\/\/www.ellogo.com.uy\/web\/wp-json\/wp\/v2\/comments?post=4456"}],"wp:featuredmedia":[{"embeddable":true,"href":"https:\/\/www.ellogo.com.uy\/web\/wp-json\/wp\/v2\/media\/4457"}],"wp:attachment":[{"href":"https:\/\/www.ellogo.com.uy\/web\/wp-json\/wp\/v2\/media?parent=4456"}],"curies":[{"name":"wp","href":"https:\/\/api.w.org\/{rel}","templated":true}]}}