{"id":4458,"date":"2025-06-09T10:32:14","date_gmt":"2025-06-09T13:32:14","guid":{"rendered":"https:\/\/www.ellogo.com.uy\/web\/?post_type=product&#038;p=4458"},"modified":"2025-06-09T10:32:40","modified_gmt":"2025-06-09T13:32:40","slug":"joystick-play-3","status":"publish","type":"product","link":"https:\/\/www.ellogo.com.uy\/web\/producto\/joystick-play-3\/","title":{"rendered":"Joystick play 3"},"content":{"rendered":"<div class=\"WaaZC\">\r\n<div class=\"RJPOee EIJn2\">\r\n<div class=\"rPeykc pyPiTc\" data-hveid=\"CAwQAQ\" data-ved=\"2ahUKEwjFxZC2ueSNAxXJGLkGHbbQL9MQo_EKegQIDBAB\"><span data-huuid=\"14788190010881118606\">Caracter\u00edsticas principales:<\/span><\/div>\r\n<\/div>\r\n<\/div>\r\n<div class=\"WaaZC\">\r\n<div class=\"RJPOee EIJn2\">\r\n<ul data-hveid=\"CDEQAQ\" data-ved=\"2ahUKEwjFxZC2ueSNAxXJGLkGHbbQL9MQm_YKegQIMRAB\">\r\n \t<li><span data-huuid=\"14788190010881121855\"><strong>Conectividad inal\u00e1mbrica:<\/strong>\u00a0<\/span><span data-huuid=\"14788190010881118842\">Se conecta a la consola mediante Bluetooth, ofreciendo mayor libertad de movimiento.<span class=\"pjBG2e\" data-cid=\"40f2bc45-8c8d-425e-9362-b7e313f4dc34\"><span class=\"UV3uM\">\u00a0<\/span><\/span><\/span>\r\n<div class=\"NPrrbc\" data-cid=\"40f2bc45-8c8d-425e-9362-b7e313f4dc34\" data-uuids=\"14788190010881121855,14788190010881118842\">\r\n<div class=\"BMebGe btku5b fCrZyc LwdV0e FR7ZSc OJeuxf\" tabindex=\"0\" role=\"button\" aria-label=\"Ver v\u00ednculos relacionados\" data-hveid=\"CCoQAQ\" data-ved=\"2ahUKEwjFxZC2ueSNAxXJGLkGHbbQL9MQ3fYKegQIKhAB\">\r\n<div class=\"niO4u\">\r\n<div class=\"kHtcsd\"><\/div>\r\n<\/div>\r\n<\/div>\r\n<\/div><\/li>\r\n \t<li><span data-huuid=\"14788190010881121008\"><strong>Dise\u00f1o ergon\u00f3mico:<\/strong>\u00a0<\/span><span data-huuid=\"14788190010881122091\">Est\u00e1 dise\u00f1ado para ser c\u00f3modo y facilitar largas sesiones de juego.<span class=\"pjBG2e\" data-cid=\"54494f24-b06c-41a4-8879-919dd35f5c79\"><span class=\"UV3uM\">\u00a0<\/span><\/span><\/span>\r\n<div class=\"NPrrbc\" data-cid=\"54494f24-b06c-41a4-8879-919dd35f5c79\" data-uuids=\"14788190010881121008,14788190010881122091\">\r\n<div class=\"BMebGe btku5b fCrZyc LwdV0e FR7ZSc OJeuxf\" tabindex=\"0\" role=\"button\" aria-label=\"Ver v\u00ednculos relacionados\" data-hveid=\"CB8QAQ\" data-ved=\"2ahUKEwjFxZC2ueSNAxXJGLkGHbbQL9MQ3fYKegQIHxAB\">\r\n<div class=\"niO4u\">\r\n<div class=\"kHtcsd\"><\/div>\r\n<\/div>\r\n<\/div>\r\n<\/div><\/li>\r\n \t<li><span data-huuid=\"14788190010881120161\"><strong>Botones sensibles a la presi\u00f3n:<\/strong>\u00a0<\/span><span data-huuid=\"14788190010881121244\">Permiten un control preciso y la respuesta a la intensidad de los movimientos.<span class=\"pjBG2e\" data-cid=\"86372fa8-06c6-49d7-a491-7a8464a5fdd4\"><span class=\"UV3uM\">\u00a0<\/span><\/span><\/span>\r\n<div class=\"NPrrbc\" data-cid=\"86372fa8-06c6-49d7-a491-7a8464a5fdd4\" data-uuids=\"14788190010881120161,14788190010881121244\">\r\n<div class=\"BMebGe btku5b fCrZyc LwdV0e FR7ZSc OJeuxf\" tabindex=\"0\" role=\"button\" aria-label=\"Ver v\u00ednculos relacionados\" data-hveid=\"CB4QAQ\" data-ved=\"2ahUKEwjFxZC2ueSNAxXJGLkGHbbQL9MQ3fYKegQIHhAB\">\r\n<div class=\"niO4u\">\r\n<div class=\"kHtcsd\"><\/div>\r\n<\/div>\r\n<\/div>\r\n<\/div><\/li>\r\n \t<li><span data-huuid=\"14788190010881119314\"><strong>Sensor de movimiento Sixaxis:<\/strong>\u00a0<\/span><span data-huuid=\"14788190010881120397\">Permite una mayor interacci\u00f3n en juegos que requieren movimientos f\u00edsicos.<span class=\"pjBG2e\" data-cid=\"3c63d24a-a429-4921-a32b-a00f80433b54\"><span class=\"UV3uM\">\u00a0<\/span><\/span><\/span>\r\n<div class=\"NPrrbc\" data-cid=\"3c63d24a-a429-4921-a32b-a00f80433b54\" data-uuids=\"14788190010881119314,14788190010881120397\">\r\n<div class=\"BMebGe btku5b fCrZyc LwdV0e FR7ZSc OJeuxf\" tabindex=\"0\" role=\"button\" aria-label=\"Ver v\u00ednculos relacionados\" data-hveid=\"CCYQAQ\" data-ved=\"2ahUKEwjFxZC2ueSNAxXJGLkGHbbQL9MQ3fYKegQIJhAB\">\r\n<div class=\"niO4u\">\r\n<div class=\"kHtcsd\"><\/div>\r\n<\/div>\r\n<\/div>\r\n<\/div><\/li>\r\n \t<li><span data-huuid=\"14788190010881118467\"><strong>Bater\u00eda recargable:<\/strong>\u00a0<\/span><span data-huuid=\"14788190010881119550\">Se recarga a trav\u00e9s de un cable USB, permitiendo jugar mientras se carga.<span class=\"pjBG2e\" data-cid=\"0327ec27-8ffa-460a-ac64-e2fa662bcc17\"><span class=\"UV3uM\">\u00a0<\/span><\/span><\/span>\r\n<div class=\"NPrrbc\" data-cid=\"0327ec27-8ffa-460a-ac64-e2fa662bcc17\" data-uuids=\"14788190010881118467,14788190010881119550\">\r\n<div class=\"BMebGe btku5b fCrZyc LwdV0e FR7ZSc OJeuxf\" tabindex=\"0\" role=\"button\" aria-label=\"Ver v\u00ednculos relacionados\" data-hveid=\"CCUQAQ\" data-ved=\"2ahUKEwjFxZC2ueSNAxXJGLkGHbbQL9MQ3fYKegQIJRAB\">\r\n<div class=\"niO4u\">\r\n<div class=\"kHtcsd\"><\/div>\r\n<\/div>\r\n<\/div>\r\n<\/div><\/li>\r\n \t<li><span data-huuid=\"14788190010881121716\"><strong>Funciones adicionales:<\/strong>\u00a0<\/span><span data-huuid=\"14788190010881118703\">Incluye botones L1, L2, R1 y R2 para acciones espec\u00edficas en el juego.<span class=\"pjBG2e\" data-cid=\"e8cdb64d-bbaf-47e9-81e8-9e87d7c278c7\"><span class=\"UV3uM\">\u00a0<\/span><\/span><\/span>\r\n<div class=\"NPrrbc\" data-cid=\"e8cdb64d-bbaf-47e9-81e8-9e87d7c278c7\" data-uuids=\"14788190010881121716,14788190010881118703\">\r\n<div class=\"BMebGe btku5b fCrZyc LwdV0e FR7ZSc OJeuxf\" tabindex=\"0\" role=\"button\" aria-label=\"Ver v\u00ednculos relacionados\" data-hveid=\"CCkQAQ\" data-ved=\"2ahUKEwjFxZC2ueSNAxXJGLkGHbbQL9MQ3fYKegQIKRAB\">\r\n<div class=\"niO4u\">\r\n<div class=\"kHtcsd\"><\/div>\r\n<\/div>\r\n<\/div>\r\n<\/div><\/li>\r\n \t<li><span data-huuid=\"14788190010881120869\"><strong>Compatibilidad:<\/strong>\u00a0<\/span><span data-huuid=\"14788190010881121952\">Funciona con la mayor\u00eda de los juegos de PlayStation 3.<span class=\"pjBG2e\" data-cid=\"6dc16a7a-1b0a-4105-a618-424c6698ad1e\"><span class=\"UV3uM\">\u00a0<\/span><\/span><\/span>\r\n<div class=\"NPrrbc\" data-cid=\"6dc16a7a-1b0a-4105-a618-424c6698ad1e\" data-uuids=\"14788190010881120869,14788190010881121952\">\r\n<div class=\"BMebGe btku5b fCrZyc LwdV0e FR7ZSc OJeuxf\" tabindex=\"0\" role=\"button\" aria-label=\"Ver v\u00ednculos relacionados\" data-hveid=\"CCcQAQ\" data-ved=\"2ahUKEwjFxZC2ueSNAxXJGLkGHbbQL9MQ3fYKegQIJxAB\">\r\n<div class=\"niO4u\">\r\n<div class=\"kHtcsd\"><\/div>\r\n<\/div>\r\n<\/div>\r\n<\/div><\/li>\r\n \t<li><span data-huuid=\"14788190010881120022\"><strong>Jugadores m\u00faltiples:<\/strong>\u00a0<\/span><span data-huuid=\"14788190010881121105\">Soporta la conexi\u00f3n de hasta 7 controles inal\u00e1mbricos simult\u00e1neamente.<span class=\"pjBG2e\" data-cid=\"c2cb6c83-aefe-4008-80a7-db8564c77b36\"><span class=\"UV3uM\">\u00a0<\/span><\/span><\/span><\/li>\r\n<\/ul>\r\n<\/div>\r\n<\/div>","protected":false},"excerpt":{"rendered":"<span data-huuid=\"17200015854545414902\">El control de PlayStation 3, tambi\u00e9n conocido como DualShock 3,\u00a0<\/span>es un mando inal\u00e1mbrico que utiliza tecnolog\u00eda Bluetooth para conectarse a la consola.Este control cuenta con botones est\u00e1ndar, joysticks anal\u00f3gicos, y la tecnolog\u00eda Sixaxis para detectar el movimiento y vibraci\u00f3n<span data-huuid=\"17200015854545412673\">.<\/span>\r\n\r\n&nbsp;\r\n\r\nImagen Ilustrativa, disponibilidad sujeta a stock.","protected":false},"featured_media":4459,"comment_status":"open","ping_status":"closed","template":"","meta":[],"_links":{"self":[{"href":"https:\/\/www.ellogo.com.uy\/web\/wp-json\/wp\/v2\/product\/4458"}],"collection":[{"href":"https:\/\/www.ellogo.com.uy\/web\/wp-json\/wp\/v2\/product"}],"about":[{"href":"https:\/\/www.ellogo.com.uy\/web\/wp-json\/wp\/v2\/types\/product"}],"replies":[{"embeddable":true,"href":"https:\/\/www.ellogo.com.uy\/web\/wp-json\/wp\/v2\/comments?post=4458"}],"wp:featuredmedia":[{"embeddable":true,"href":"https:\/\/www.ellogo.com.uy\/web\/wp-json\/wp\/v2\/media\/4459"}],"wp:attachment":[{"href":"https:\/\/www.ellogo.com.uy\/web\/wp-json\/wp\/v2\/media?parent=4458"}],"curies":[{"name":"wp","href":"https:\/\/api.w.org\/{rel}","templated":true}]}}