{"id":4460,"date":"2025-06-10T10:06:01","date_gmt":"2025-06-10T13:06:01","guid":{"rendered":"https:\/\/www.ellogo.com.uy\/web\/?post_type=product&#038;p=4460"},"modified":"2025-06-11T10:06:18","modified_gmt":"2025-06-11T13:06:18","slug":"pc-dell-optiplex","status":"publish","type":"product","link":"https:\/\/www.ellogo.com.uy\/web\/producto\/pc-dell-optiplex\/","title":{"rendered":"Pc Dell Optiplex"},"content":{"rendered":"Dell Pc de Escritorio.\r\n\r\nOptiplex XE3\r\n\r\nSmall Form Factor.\r\n\r\nProcesador: INTEL PENTIUM GOLD G5400 ,\u00a0 2 CORE 3.7 GHz.\r\n\r\nTarjeta Grafica: INTEL UHD 610.\r\n\r\nSistema Operarivo: WINDOWS 11 PRO.\r\n\r\nMemoria: 8GB.\r\n\r\nDisco Solido: 256GB.\r\n\r\nPuertos: USB 3.1 A x 4 , USB 2.0 A x 2, RJ-45 x 1, USB C 3.1 x 1, Display Port x 2.\r\n\r\nPeso: 5.26 Kg.\r\n\r\nDimensiones: 290 x 292 x 92.\r\n\r\nColor : Negro\r\n\r\nINCLUYE MOUSE Y TECLADO USB","protected":false},"excerpt":{"rendered":"<p data-start=\"77\" data-end=\"431\">El Dell Optiplex XE3 SFF es una soluci\u00f3n confiable para tareas de oficina, puntos de venta o entornos corporativos donde se requiere un equipo compacto, eficiente y duradero. Con procesador Intel Pentium Gold y disco s\u00f3lido, ofrece buena respuesta para usos cotidianos con bajo consumo energ\u00e9tico. Incluye Windows 11 Pro y perif\u00e9ricos.Ideal para quienes buscan estabilidad operativa y tama\u00f1o reducido sin renunciar a la funcionalidad.<\/p>\r\n<p data-start=\"77\" data-end=\"431\"><\/p>\r\nImagen Ilustrativa, disponibilidad sujeta a stock.","protected":false},"featured_media":4462,"comment_status":"open","ping_status":"closed","template":"","meta":[],"_links":{"self":[{"href":"https:\/\/www.ellogo.com.uy\/web\/wp-json\/wp\/v2\/product\/4460"}],"collection":[{"href":"https:\/\/www.ellogo.com.uy\/web\/wp-json\/wp\/v2\/product"}],"about":[{"href":"https:\/\/www.ellogo.com.uy\/web\/wp-json\/wp\/v2\/types\/product"}],"replies":[{"embeddable":true,"href":"https:\/\/www.ellogo.com.uy\/web\/wp-json\/wp\/v2\/comments?post=4460"}],"wp:featuredmedia":[{"embeddable":true,"href":"https:\/\/www.ellogo.com.uy\/web\/wp-json\/wp\/v2\/media\/4462"}],"wp:attachment":[{"href":"https:\/\/www.ellogo.com.uy\/web\/wp-json\/wp\/v2\/media?parent=4460"}],"curies":[{"name":"wp","href":"https:\/\/api.w.org\/{rel}","templated":true}]}}