{"id":4463,"date":"2025-06-11T09:37:13","date_gmt":"2025-06-11T12:37:13","guid":{"rendered":"https:\/\/www.ellogo.com.uy\/web\/?post_type=product&#038;p=4463"},"modified":"2025-06-11T10:27:23","modified_gmt":"2025-06-11T13:27:23","slug":"radio-toshiba-mod-ty-cwu700","status":"publish","type":"product","link":"https:\/\/www.ellogo.com.uy\/web\/producto\/radio-toshiba-mod-ty-cwu700\/","title":{"rendered":"Radio TOSHIBA Mod TY-CWU700"},"content":{"rendered":"<ul>\r\n \t<li>Transmisi\u00f3n Bluetooth para toda la compatibilidad con Apple y Android.<\/li>\r\n \t<li>Reproductor de MP3\/CD con pantalla LED integrada.<\/li>\r\n \t<li>Ideal para cualquier hogar y cualquier g\u00e9nero de m\u00fasica.<\/li>\r\n \t<li>Tiene ambas opciones, para sintonizar manualmente o auto escaneo y pre-configurar hasta 30 emisoras, para configurar tus canales favoritos para una recuperaci\u00f3n de un solo toque.<\/li>\r\n<\/ul>","protected":false},"excerpt":{"rendered":"<b>Toshiba<\/b>\u00a0presenta un sistema de altavoces de microcomponentes que est\u00e1 equipado con transmisi\u00f3n de audio inal\u00e1mbrica Bluetooth, reproducci\u00f3n USB y un reproductor de CD compatible con CD\/MP3\/CD-R\/CD-RW. Super Bass ofrecer\u00e1 un bajo profundo m\u00e1s potente que lo hace perfecto para uso en interiores.\r\n\r\n&nbsp;\r\n\r\nImagen Ilustrativa, disponibilidad sujeta a stock.","protected":false},"featured_media":4464,"comment_status":"open","ping_status":"closed","template":"","meta":[],"_links":{"self":[{"href":"https:\/\/www.ellogo.com.uy\/web\/wp-json\/wp\/v2\/product\/4463"}],"collection":[{"href":"https:\/\/www.ellogo.com.uy\/web\/wp-json\/wp\/v2\/product"}],"about":[{"href":"https:\/\/www.ellogo.com.uy\/web\/wp-json\/wp\/v2\/types\/product"}],"replies":[{"embeddable":true,"href":"https:\/\/www.ellogo.com.uy\/web\/wp-json\/wp\/v2\/comments?post=4463"}],"wp:featuredmedia":[{"embeddable":true,"href":"https:\/\/www.ellogo.com.uy\/web\/wp-json\/wp\/v2\/media\/4464"}],"wp:attachment":[{"href":"https:\/\/www.ellogo.com.uy\/web\/wp-json\/wp\/v2\/media?parent=4463"}],"curies":[{"name":"wp","href":"https:\/\/api.w.org\/{rel}","templated":true}]}}