{"id":4471,"date":"2025-06-11T10:35:45","date_gmt":"2025-06-11T13:35:45","guid":{"rendered":"https:\/\/www.ellogo.com.uy\/web\/?post_type=product&#038;p=4471"},"modified":"2025-06-11T10:36:11","modified_gmt":"2025-06-11T13:36:11","slug":"freidora-sin-aceite-xion","status":"publish","type":"product","link":"https:\/\/www.ellogo.com.uy\/web\/producto\/freidora-sin-aceite-xion\/","title":{"rendered":"Freidora sin Aceite Xion"},"content":{"rendered":"<h3>Freidora Sin Aceite<\/h3>\r\n<ul>\r\n \t<li>\u00b7 Airfrayer Premium<\/li>\r\n \t<li>\u00b7 Sistema de cocci\u00f3n por aire \u00abAir Flow\u00bb<\/li>\r\n \t<li>\u00b7 Extra capacidad 6.8 litros<\/li>\r\n \t<li>\u00b7 Panel de control digital<\/li>\r\n \t<li>\u00b7 Apagado autom\u00e1tico<\/li>\r\n \t<li>\u00b7 Termostato regulable de 40\u00b0 a 200\u00b0<\/li>\r\n \t<li>\u00b7 Timer de 60min<\/li>\r\n \t<li>\u00b7 Canasto removible con paredes antiadherentes<\/li>\r\n \t<li>\u00b7 Potencia: 1700W<\/li>\r\n \t<li>\u00b7 Paredes fr\u00edas<\/li>\r\n<\/ul>","protected":false},"excerpt":{"rendered":"Con la freidora sin aceite Xion prepar\u00e1 alimentos crujientes y deliciosos de forma saludable y r\u00e1pida. Cuenta con una gran capacidad de 6.8 litros que te permitir\u00e1 cocinar m\u00e1s en una sola vez, solo ten\u00e9s que seleccionar en el panel de control digital el programa que m\u00e1s se adapta a tu receta. Con su potencia de 1700W, timer de 60 minutos, termostato ajustable y su sistema de cocci\u00f3n por aire \u201cAir Flow\u201d ya no vas a necesitar de aceite para preparar tus pr\u00f3ximos platos.\r\n\r\n&nbsp;\r\n\r\nImagen Ilustrativa, disponibilidad sujeta a stock.","protected":false},"featured_media":4472,"comment_status":"open","ping_status":"closed","template":"","meta":[],"_links":{"self":[{"href":"https:\/\/www.ellogo.com.uy\/web\/wp-json\/wp\/v2\/product\/4471"}],"collection":[{"href":"https:\/\/www.ellogo.com.uy\/web\/wp-json\/wp\/v2\/product"}],"about":[{"href":"https:\/\/www.ellogo.com.uy\/web\/wp-json\/wp\/v2\/types\/product"}],"replies":[{"embeddable":true,"href":"https:\/\/www.ellogo.com.uy\/web\/wp-json\/wp\/v2\/comments?post=4471"}],"wp:featuredmedia":[{"embeddable":true,"href":"https:\/\/www.ellogo.com.uy\/web\/wp-json\/wp\/v2\/media\/4472"}],"wp:attachment":[{"href":"https:\/\/www.ellogo.com.uy\/web\/wp-json\/wp\/v2\/media?parent=4471"}],"curies":[{"name":"wp","href":"https:\/\/api.w.org\/{rel}","templated":true}]}}