{"id":4473,"date":"2025-06-11T10:39:12","date_gmt":"2025-06-11T13:39:12","guid":{"rendered":"https:\/\/www.ellogo.com.uy\/web\/?post_type=product&#038;p=4473"},"modified":"2025-06-11T10:39:35","modified_gmt":"2025-06-11T13:39:35","slug":"radio-de-auto-xion","status":"publish","type":"product","link":"https:\/\/www.ellogo.com.uy\/web\/producto\/radio-de-auto-xion\/","title":{"rendered":"Radio de Auto XION"},"content":{"rendered":"<ul data-hveid=\"CCsQAQ\" data-ved=\"2ahUKEwjMhNbIvumNAxU3q5UCHQHdABAQm_YKegQIKxAB\">\r\n \t<li><span data-huuid=\"3383463811149550487\"><strong>Pantalla t\u00e1ctil de 10 pulgadas:<\/strong>\u00a0<\/span><span data-huuid=\"3383463811149552812\">Permite una f\u00e1cil navegaci\u00f3n por las funciones del autoest\u00e9reo y la reproducci\u00f3n de medios.<span class=\"pjBG2e\" data-cid=\"3d14913d-2c6d-4230-98c3-a40cc914bf59\"><span class=\"UV3uM\">\u00a0<\/span><\/span><\/span>\r\n<div class=\"NPrrbc\" data-cid=\"3d14913d-2c6d-4230-98c3-a40cc914bf59\" data-uuids=\"3383463811149550487,3383463811149552812\">\r\n<div class=\"BMebGe btku5b fCrZyc LwdV0e FR7ZSc OJeuxf\" tabindex=\"0\" role=\"button\" aria-label=\"Ver v\u00ednculos relacionados\" data-hveid=\"CCYQAQ\" data-ved=\"2ahUKEwjMhNbIvumNAxU3q5UCHQHdABAQ3fYKegQIJhAB\">\r\n<div class=\"niO4u\">\r\n<div class=\"kHtcsd\"><\/div>\r\n<\/div>\r\n<\/div>\r\n<\/div><\/li>\r\n \t<li><span data-huuid=\"3383463811149553366\"><strong>Conectividad Bluetooth:<\/strong>\u00a0<\/span><span data-huuid=\"3383463811149551595\">Facilita la conexi\u00f3n inal\u00e1mbrica con dispositivos m\u00f3viles para llamadas y reproducci\u00f3n de m\u00fasica.<span class=\"pjBG2e\" data-cid=\"3d3112d5-c164-4879-9897-4126c5e308c4\"><span class=\"UV3uM\">\u00a0<\/span><\/span><\/span>\r\n<div class=\"NPrrbc\" data-cid=\"3d3112d5-c164-4879-9897-4126c5e308c4\" data-uuids=\"3383463811149553366,3383463811149551595\">\r\n<div class=\"BMebGe btku5b fCrZyc LwdV0e FR7ZSc OJeuxf\" tabindex=\"0\" role=\"button\" aria-label=\"Ver v\u00ednculos relacionados\" data-hveid=\"CBoQAQ\" data-ved=\"2ahUKEwjMhNbIvumNAxU3q5UCHQHdABAQ3fYKegQIGhAB\">\r\n<div class=\"niO4u\">\r\n<div class=\"kHtcsd\"><\/div>\r\n<\/div>\r\n<\/div>\r\n<\/div><\/li>\r\n \t<li><span data-huuid=\"3383463811149552149\"><strong>Radio AM\/FM:<\/strong>\u00a0<\/span><span data-huuid=\"3383463811149550378\">Permite sintonizar estaciones de radio locales con sintonizador digital para una recepci\u00f3n clara.<span class=\"pjBG2e\" data-cid=\"ccc39b8c-ec60-4998-86af-de67154b0623\"><span class=\"UV3uM\">\u00a0<\/span><\/span><\/span>\r\n<div class=\"NPrrbc\" data-cid=\"ccc39b8c-ec60-4998-86af-de67154b0623\" data-uuids=\"3383463811149552149,3383463811149550378\">\r\n<div class=\"BMebGe btku5b fCrZyc LwdV0e FR7ZSc OJeuxf\" tabindex=\"0\" role=\"button\" aria-label=\"Ver v\u00ednculos relacionados\" data-hveid=\"CBwQAQ\" data-ved=\"2ahUKEwjMhNbIvumNAxU3q5UCHQHdABAQ3fYKegQIHBAB\">\r\n<div class=\"niO4u\">\r\n<div class=\"kHtcsd\"><\/div>\r\n<\/div>\r\n<\/div>\r\n<\/div><\/li>\r\n \t<li><span data-huuid=\"3383463811149550932\"><strong>Reproducci\u00f3n multimedia:<\/strong>\u00a0<\/span><span data-huuid=\"3383463811149553257\">Compatible con USB, MMC y SD, permitiendo reproducir archivos MP3 y WMA.<span class=\"pjBG2e\" data-cid=\"715d2498-fc9e-4b25-a3d2-120371f9a670\"><span class=\"UV3uM\">\u00a0<\/span><\/span><\/span>\r\n<div class=\"NPrrbc\" data-cid=\"715d2498-fc9e-4b25-a3d2-120371f9a670\" data-uuids=\"3383463811149550932,3383463811149553257\">\r\n<div class=\"BMebGe btku5b fCrZyc LwdV0e FR7ZSc OJeuxf\" tabindex=\"0\" role=\"button\" aria-label=\"Ver v\u00ednculos relacionados\" data-hveid=\"CBUQAQ\" data-ved=\"2ahUKEwjMhNbIvumNAxU3q5UCHQHdABAQ3fYKegQIFRAB\">\r\n<div class=\"niO4u\">\r\n<div class=\"kHtcsd\"><\/div>\r\n<\/div>\r\n<\/div>\r\n<\/div><\/li>\r\n \t<li><span data-huuid=\"3383463811149549715\"><strong>Salida RCA:<\/strong>\u00a0<\/span><span data-huuid=\"3383463811149552040\">Brinda la opci\u00f3n de conectar otros dispositivos de audio.<span class=\"pjBG2e\" data-cid=\"89a5b82f-da0e-489d-a073-44cfec86de9d\"><span class=\"UV3uM\">\u00a0<\/span><\/span><\/span>\r\n<div class=\"NPrrbc\" data-cid=\"89a5b82f-da0e-489d-a073-44cfec86de9d\" data-uuids=\"3383463811149549715,3383463811149552040\">\r\n<div class=\"BMebGe btku5b fCrZyc LwdV0e FR7ZSc OJeuxf\" tabindex=\"0\" role=\"button\" aria-label=\"Ver v\u00ednculos relacionados\" data-hveid=\"CCQQAQ\" data-ved=\"2ahUKEwjMhNbIvumNAxU3q5UCHQHdABAQ3fYKegQIJBAB\">\r\n<div class=\"niO4u\">\r\n<div class=\"kHtcsd\"><\/div>\r\n<\/div>\r\n<\/div>\r\n<\/div><\/li>\r\n \t<li><span data-huuid=\"3383463811149552594\"><strong>Potencia de salida:<\/strong>\u00a0<\/span><span data-huuid=\"3383463811149550823\">55W x 4, para una experiencia de sonido \u00f3ptima.<span class=\"pjBG2e\" data-cid=\"12eb71ed-3d97-487f-8662-a32469e26789\"><span class=\"UV3uM\">\u00a0<\/span><\/span><\/span>\r\n<div class=\"NPrrbc\" data-cid=\"12eb71ed-3d97-487f-8662-a32469e26789\" data-uuids=\"3383463811149552594,3383463811149550823\">\r\n<div class=\"BMebGe btku5b fCrZyc LwdV0e FR7ZSc OJeuxf\" tabindex=\"0\" role=\"button\" aria-label=\"Ver v\u00ednculos relacionados\" data-hveid=\"CCIQAQ\" data-ved=\"2ahUKEwjMhNbIvumNAxU3q5UCHQHdABAQ3fYKegQIIhAB\">\r\n<div class=\"niO4u\">\r\n<div class=\"kHtcsd\"><\/div>\r\n<\/div>\r\n<\/div>\r\n<\/div><\/li>\r\n \t<li><span data-huuid=\"3383463811149551377\"><strong>Otros:<\/strong>\u00a0<\/span><span data-huuid=\"3383463811149549606\">Mirror Link, control remoto, iluminaci\u00f3n en 7 colores, y salida para subwoofer.<span class=\"pjBG2e\" data-cid=\"be192c43-4dcf-44d5-84ed-48999df18690\"><span class=\"UV3uM\">\u00a0<\/span><\/span><\/span>\r\n<div class=\"NPrrbc\" data-cid=\"be192c43-4dcf-44d5-84ed-48999df18690\" data-uuids=\"3383463811149551377,3383463811149549606\">\r\n<div class=\"BMebGe btku5b fCrZyc LwdV0e FR7ZSc OJeuxf\" tabindex=\"0\" role=\"button\" aria-label=\"Ver v\u00ednculos relacionados\" data-hveid=\"CBkQAQ\" data-ved=\"2ahUKEwjMhNbIvumNAxU3q5UCHQHdABAQ3fYKegQIGRAB\">\r\n<div class=\"niO4u\">\r\n<div class=\"kHtcsd\"><\/div>\r\n<\/div>\r\n<\/div>\r\n<\/div><\/li>\r\n \t<li><span data-huuid=\"3383463811149550160\"><strong>Tipo de instalaci\u00f3n:<\/strong>\u00a0<\/span><span data-huuid=\"3383463811149552485\">1 DIN.<span class=\"pjBG2e\" data-cid=\"734423df-55f0-4cc6-a209-6ab6408b879f\"><span class=\"UV3uM\">\u00a0<\/span><\/span><\/span><\/li>\r\n<\/ul>","protected":false},"excerpt":{"rendered":"La radio de auto XI-CS101 es un\u00a0autoest\u00e9reo multimedia con pantalla t\u00e1ctil de 10 pulgadas, que ofrece conectividad Bluetooth, radio AM\/FM y la posibilidad de reproducir archivos multimedia desde USB o MMC\/SD.<span class=\"pjBG2e\" data-cid=\"85dd077c-45ef-4fa3-9338-095ce6e8384c\"><span class=\"UV3uM\">\u00a0<\/span><\/span>\r\n\r\n&nbsp;\r\n\r\nImagen Ilustrativa, disponibilidad sujeta a stock.","protected":false},"featured_media":4474,"comment_status":"open","ping_status":"closed","template":"","meta":[],"_links":{"self":[{"href":"https:\/\/www.ellogo.com.uy\/web\/wp-json\/wp\/v2\/product\/4473"}],"collection":[{"href":"https:\/\/www.ellogo.com.uy\/web\/wp-json\/wp\/v2\/product"}],"about":[{"href":"https:\/\/www.ellogo.com.uy\/web\/wp-json\/wp\/v2\/types\/product"}],"replies":[{"embeddable":true,"href":"https:\/\/www.ellogo.com.uy\/web\/wp-json\/wp\/v2\/comments?post=4473"}],"wp:featuredmedia":[{"embeddable":true,"href":"https:\/\/www.ellogo.com.uy\/web\/wp-json\/wp\/v2\/media\/4474"}],"wp:attachment":[{"href":"https:\/\/www.ellogo.com.uy\/web\/wp-json\/wp\/v2\/media?parent=4473"}],"curies":[{"name":"wp","href":"https:\/\/api.w.org\/{rel}","templated":true}]}}