{"id":4486,"date":"2025-06-26T10:35:08","date_gmt":"2025-06-26T13:35:08","guid":{"rendered":"https:\/\/www.ellogo.com.uy\/web\/?post_type=product&#038;p=4486"},"modified":"2025-06-26T10:37:19","modified_gmt":"2025-06-26T13:37:19","slug":"microfono-gcm-pro-line-gm1","status":"publish","type":"product","link":"https:\/\/www.ellogo.com.uy\/web\/producto\/microfono-gcm-pro-line-gm1\/","title":{"rendered":"Micr\u00f3fono GCM PRO LINE GM1"},"content":{"rendered":"<div class=\"ui-pdp-container__row ui-pdp-container__row--highlighted-specs-title\">\r\n<h2 class=\"ui-vpp-text-alignment--left ui-pdp-color--BLACK ui-pdp-size--XLARGE ui-pdp-family--REGULAR highlighted-specs-title\">Caracter\u00edsticas del producto<\/h2>\r\n<\/div>\r\n<div class=\"ui-pdp-container__row ui-pdp-container__row--attributes\">\r\n<div class=\"ui-vpp-highlighted-specs__attribute-columns\">\r\n<div class=\"ui-vpp-highlighted-specs__attribute-columns__column\">\r\n<div class=\"ui-pdp-container__row ui-vpp-highlighted-specs__attribute-columns__row\">\r\n<div class=\"ui-vpp-highlighted-specs__key-value\">\r\n<div class=\"ui-vpp-highlighted-specs__key-value__labels\">\r\n<p class=\"ui-pdp-family--REGULAR ui-vpp-highlighted-specs__key-value__labels__key-value\"><span class=\"ui-pdp-color--BLACK ui-pdp-size--XSMALL ui-pdp-family--REGULAR\">Tipos de micr\u00f3fono:\u00a0<\/span><span class=\"ui-pdp-color--BLACK ui-pdp-size--XSMALL ui-pdp-family--SEMIBOLD\">Din\u00e1mico<\/span><\/p>\r\n\r\n<\/div>\r\n<\/div>\r\n<\/div>\r\n<div class=\"ui-pdp-container__row ui-vpp-highlighted-specs__attribute-columns__row\">\r\n<div class=\"ui-vpp-highlighted-specs__key-value\">\r\n<div class=\"ui-vpp-highlighted-specs__key-value__labels\">\r\n<p class=\"ui-pdp-family--REGULAR ui-vpp-highlighted-specs__key-value__labels__key-value\"><span class=\"ui-pdp-color--BLACK ui-pdp-size--XSMALL ui-pdp-family--REGULAR\">Tipos de conexiones:<\/span>\u00a0<span class=\"ui-pdp-color--BLACK ui-pdp-size--XSMALL ui-pdp-family--SEMIBOLD\">XLR<\/span><\/p>\r\n\r\n<\/div>\r\n<\/div>\r\n<\/div>\r\n<\/div>\r\n<div class=\"ui-vpp-highlighted-specs__attribute-columns__column\">\r\n<div class=\"ui-pdp-container__row ui-vpp-highlighted-specs__attribute-columns__row\">\r\n<div class=\"ui-vpp-highlighted-specs__key-value\">\r\n<div class=\"ui-vpp-highlighted-specs__key-value__labels\">\r\n<p class=\"ui-pdp-family--REGULAR ui-vpp-highlighted-specs__key-value__labels__key-value\"><span class=\"ui-pdp-color--BLACK ui-pdp-size--XSMALL ui-pdp-family--REGULAR\">Patrones polares:<\/span>\u00a0<span class=\"ui-pdp-color--BLACK ui-pdp-size--XSMALL ui-pdp-family--SEMIBOLD\">Cardioide<\/span><\/p>\r\n\r\n<\/div>\r\n<\/div>\r\n<\/div>\r\n<div class=\"ui-pdp-container__row ui-vpp-highlighted-specs__attribute-columns__row\">\r\n<div class=\"ui-vpp-highlighted-specs__key-value\">\r\n<div class=\"ui-vpp-highlighted-specs__key-value__labels\">\r\n<p class=\"ui-pdp-family--REGULAR ui-vpp-highlighted-specs__key-value__labels__key-value\"><span class=\"ui-pdp-color--BLACK ui-pdp-size--XSMALL ui-pdp-family--REGULAR\">Con parlante incorporado:<\/span>\u00a0<span class=\"ui-pdp-color--BLACK ui-pdp-size--XSMALL ui-pdp-family--SEMIBOLD\">No<\/span><\/p>\r\n\r\n<\/div>\r\n<\/div>\r\n<\/div>\r\n<\/div>\r\n<\/div>\r\n<\/div>\r\n<div class=\"ui-pdp-container__row ui-pdp-container__row--technical-specifications\">\r\n<div class=\"ui-pdp-collapsable ui-vpp-highlighted-specs__striped-collapsed__action\">\r\n<div class=\"ui-pdp-collapsable__container\">\r\n<div class=\"ui-vpp-highlighted-specs__striped-specs\">\r\n<div class=\"ui-vpp-striped-specs\">\r\n<div class=\"ui-vpp-striped-specs__table\">\r\n<h3 class=\"ui-vpp-striped-specs__header\">Caracter\u00edsticas generales<\/h3>\r\n<table class=\"andes-table\">\r\n<tbody class=\"andes-table__body\">\r\n<tr class=\"andes-table__row ui-vpp-striped-specs__row\">\r\n<th class=\"andes-table__header andes-table__header--left ui-vpp-striped-specs__row__column ui-vpp-striped-specs__row__column--id\" scope=\"row\">\r\n<div class=\"andes-table__header__container\">Marca<\/div><\/th>\r\n<td id=\":R19f5bkulqcde:\" class=\"andes-table__column andes-table__column--left andes-table__column--vertical-align-center ui-vpp-striped-specs__row__column\"><span id=\":R19f5bkulqcde:-value\" class=\"andes-table__column--value\">GCM<\/span><\/td>\r\n<\/tr>\r\n<tr class=\"andes-table__row ui-vpp-striped-specs__row\">\r\n<th class=\"andes-table__header andes-table__header--left ui-vpp-striped-specs__row__column ui-vpp-striped-specs__row__column--id\" scope=\"row\">\r\n<div class=\"andes-table__header__container\">Modelo<\/div><\/th>\r\n<td id=\":R19n5bkulqcde:\" class=\"andes-table__column andes-table__column--left andes-table__column--vertical-align-center ui-vpp-striped-specs__row__column\"><span id=\":R19n5bkulqcde:-value\" class=\"andes-table__column--value\">GM1 BETA<\/span><\/td>\r\n<\/tr>\r\n<tr class=\"andes-table__row ui-vpp-striped-specs__row\">\r\n<th class=\"andes-table__header andes-table__header--left ui-vpp-striped-specs__row__column ui-vpp-striped-specs__row__column--id\" scope=\"row\">\r\n<div class=\"andes-table__header__container\">Es gamer<\/div><\/th>\r\n<td id=\":R19v5bkulqcde:\" class=\"andes-table__column andes-table__column--left andes-table__column--vertical-align-center ui-vpp-striped-specs__row__column\"><span id=\":R19v5bkulqcde:-value\" class=\"andes-table__column--value\">No<\/span><\/td>\r\n<\/tr>\r\n<\/tbody>\r\n<\/table>\r\n<\/div>\r\n<div class=\"ui-vpp-striped-specs__table\">\r\n<h3 class=\"ui-vpp-striped-specs__header\">Otros<\/h3>\r\n<table class=\"andes-table\">\r\n<tbody class=\"andes-table__body\">\r\n<tr class=\"andes-table__row ui-vpp-striped-specs__row\">\r\n<th class=\"andes-table__header andes-table__header--left ui-vpp-striped-specs__row__column ui-vpp-striped-specs__row__column--id\" scope=\"row\">\r\n<div class=\"andes-table__header__container\">Usos recomendados del micr\u00f3fono<\/div><\/th>\r\n<td id=\":R19f9bkulqcde:\" class=\"andes-table__column andes-table__column--left andes-table__column--vertical-align-center ui-vpp-striped-specs__row__column\"><span id=\":R19f9bkulqcde:-value\" class=\"andes-table__column--value\">Profesional<\/span><\/td>\r\n<\/tr>\r\n<tr class=\"andes-table__row ui-vpp-striped-specs__row\">\r\n<th class=\"andes-table__header andes-table__header--left ui-vpp-striped-specs__row__column ui-vpp-striped-specs__row__column--id\" scope=\"row\">\r\n<div class=\"andes-table__header__container\">Con parlantes incorporados<\/div><\/th>\r\n<td id=\":R19n9bkulqcde:\" class=\"andes-table__column andes-table__column--left andes-table__column--vertical-align-center ui-vpp-striped-specs__row__column\"><span id=\":R19n9bkulqcde:-value\" class=\"andes-table__column--value\">No<\/span><\/td>\r\n<\/tr>\r\n<\/tbody>\r\n<\/table>\r\n<\/div>\r\n<div class=\"ui-vpp-striped-specs__table\">\r\n<h3 class=\"ui-vpp-striped-specs__header\">Frecuencia<\/h3>\r\n<table class=\"andes-table\">\r\n<tbody class=\"andes-table__body\">\r\n<tr class=\"andes-table__row ui-vpp-striped-specs__row\">\r\n<th class=\"andes-table__header andes-table__header--left ui-vpp-striped-specs__row__column ui-vpp-striped-specs__row__column--id\" scope=\"row\">\r\n<div class=\"andes-table__header__container\">Frecuencia m\u00ednima &#8211; Frecuencia m\u00e1xima<\/div><\/th>\r\n<td id=\":Rkvdbkulqcde:\" class=\"andes-table__column andes-table__column--left andes-table__column--vertical-align-center ui-vpp-striped-specs__row__column\"><span id=\":Rkvdbkulqcde:-value\" class=\"andes-table__column--value\">50 Hz &#8211; 16 kHz<\/span><\/td>\r\n<\/tr>\r\n<\/tbody>\r\n<\/table>\r\n<\/div>\r\n<\/div>\r\n<div class=\"ui-vpp-striped-specs\">\r\n<div class=\"ui-vpp-striped-specs__table\">\r\n<h3 class=\"ui-vpp-striped-specs__header\">Especificaciones<\/h3>\r\n<table class=\"andes-table\">\r\n<tbody class=\"andes-table__body\">\r\n<tr class=\"andes-table__row ui-vpp-striped-specs__row\">\r\n<th class=\"andes-table__header andes-table__header--left ui-vpp-striped-specs__row__column ui-vpp-striped-specs__row__column--id\" scope=\"row\">\r\n<div class=\"andes-table__header__container\">Formatos de micr\u00f3fono<\/div><\/th>\r\n<td id=\":R2if6bkulqcde:\" class=\"andes-table__column andes-table__column--left andes-table__column--vertical-align-center ui-vpp-striped-specs__row__column\"><span id=\":R2if6bkulqcde:-value\" class=\"andes-table__column--value\">De mano<\/span><\/td>\r\n<\/tr>\r\n<tr class=\"andes-table__row ui-vpp-striped-specs__row\">\r\n<th class=\"andes-table__header andes-table__header--left ui-vpp-striped-specs__row__column ui-vpp-striped-specs__row__column--id\" scope=\"row\">\r\n<div class=\"andes-table__header__container\">Tipos de micr\u00f3fono<\/div><\/th>\r\n<td id=\":R2in6bkulqcde:\" class=\"andes-table__column andes-table__column--left andes-table__column--vertical-align-center ui-vpp-striped-specs__row__column\"><span id=\":R2in6bkulqcde:-value\" class=\"andes-table__column--value\">Din\u00e1mico<\/span><\/td>\r\n<\/tr>\r\n<tr class=\"andes-table__row ui-vpp-striped-specs__row\">\r\n<th class=\"andes-table__header andes-table__header--left ui-vpp-striped-specs__row__column ui-vpp-striped-specs__row__column--id\" scope=\"row\">\r\n<div class=\"andes-table__header__container\">Patrones polares<\/div><\/th>\r\n<td id=\":R2iv6bkulqcde:\" class=\"andes-table__column andes-table__column--left andes-table__column--vertical-align-center ui-vpp-striped-specs__row__column\"><span id=\":R2iv6bkulqcde:-value\" class=\"andes-table__column--value\">Cardioide<\/span><\/td>\r\n<\/tr>\r\n<tr class=\"andes-table__row ui-vpp-striped-specs__row\">\r\n<th class=\"andes-table__header andes-table__header--left ui-vpp-striped-specs__row__column ui-vpp-striped-specs__row__column--id\" scope=\"row\">\r\n<div class=\"andes-table__header__container\">Cantidad de micr\u00f3fonos<\/div><\/th>\r\n<td id=\":R2j76bkulqcde:\" class=\"andes-table__column andes-table__column--left andes-table__column--vertical-align-center ui-vpp-striped-specs__row__column\"><span id=\":R2j76bkulqcde:-value\" class=\"andes-table__column--value\">1<\/span><\/td>\r\n<\/tr>\r\n<\/tbody>\r\n<\/table>\r\n<\/div>\r\n<div class=\"ui-vpp-striped-specs__table\">\r\n<h3 class=\"ui-vpp-striped-specs__header\">Conectividad<\/h3>\r\n<table class=\"andes-table\">\r\n<tbody class=\"andes-table__body\">\r\n<tr class=\"andes-table__row ui-vpp-striped-specs__row\">\r\n<th class=\"andes-table__header andes-table__header--left ui-vpp-striped-specs__row__column ui-vpp-striped-specs__row__column--id\" scope=\"row\">\r\n<div class=\"andes-table__header__container\">Tipos de conexiones<\/div><\/th>\r\n<td id=\":R19fabkulqcde:\" class=\"andes-table__column andes-table__column--left andes-table__column--vertical-align-center ui-vpp-striped-specs__row__column\"><span id=\":R19fabkulqcde:-value\" class=\"andes-table__column--value\">XLR<\/span><\/td>\r\n<\/tr>\r\n<tr class=\"andes-table__row ui-vpp-striped-specs__row\">\r\n<th class=\"andes-table__header andes-table__header--left ui-vpp-striped-specs__row__column ui-vpp-striped-specs__row__column--id\" scope=\"row\">\r\n<div class=\"andes-table__header__container\">Con Bluetooth<\/div><\/th>\r\n<td id=\":R19nabkulqcde:\" class=\"andes-table__column andes-table__column--left andes-table__column--vertical-align-center ui-vpp-striped-specs__row__column\"><span id=\":R19nabkulqcde:-value\" class=\"andes-table__column--value\">No<\/span><\/td>\r\n<\/tr>\r\n<\/tbody>\r\n<\/table>\r\n<\/div>\r\n<\/div>\r\n<\/div>\r\n<\/div>\r\n<\/div>\r\n<\/div>","protected":false},"excerpt":{"rendered":"Si buscas un microfono vocal dinamico de alta calidad , el GM1 BETA es el recomendado garantido y testeado por GCM PRO LINE\r\nPatr\u00f3n polar cardioide superior, ofrece audios de mayor calidad, con menor interferencias de sonidos de fondo.\r\n-.Incorporaci\u00f3n de im\u00e1n de neomidio que ofrece una elevada proporci\u00f3n entre la se\u00f1al y el ruido de salida.\r\n-.Respuesta de frecuencia mejorada, disminuye los graves, regula las distorsiones que se generan por la proximidad.\r\n-.Versi\u00f3n adaptable a todas las voces, intensificando los medios.\r\n-.Rango de frecuencias desde 50 Hz a 16 kHz.\r\n-.Mayor sensibilidad (1 kHz) de -51,5 dB\r\n\r\n&nbsp;\r\n\r\nImagen Ilustrativa, disponibilidad sujeta a stock.","protected":false},"featured_media":4487,"comment_status":"open","ping_status":"closed","template":"","meta":[],"_links":{"self":[{"href":"https:\/\/www.ellogo.com.uy\/web\/wp-json\/wp\/v2\/product\/4486"}],"collection":[{"href":"https:\/\/www.ellogo.com.uy\/web\/wp-json\/wp\/v2\/product"}],"about":[{"href":"https:\/\/www.ellogo.com.uy\/web\/wp-json\/wp\/v2\/types\/product"}],"replies":[{"embeddable":true,"href":"https:\/\/www.ellogo.com.uy\/web\/wp-json\/wp\/v2\/comments?post=4486"}],"wp:featuredmedia":[{"embeddable":true,"href":"https:\/\/www.ellogo.com.uy\/web\/wp-json\/wp\/v2\/media\/4487"}],"wp:attachment":[{"href":"https:\/\/www.ellogo.com.uy\/web\/wp-json\/wp\/v2\/media?parent=4486"}],"curies":[{"name":"wp","href":"https:\/\/api.w.org\/{rel}","templated":true}]}}