{"id":4523,"date":"2025-10-29T11:50:10","date_gmt":"2025-10-29T14:50:10","guid":{"rendered":"https:\/\/www.ellogo.com.uy\/web\/?post_type=product&#038;p=4523"},"modified":"2025-10-29T11:57:18","modified_gmt":"2025-10-29T14:57:18","slug":"webcam-xtech-xtw-720","status":"publish","type":"product","link":"https:\/\/www.ellogo.com.uy\/web\/producto\/webcam-xtech-xtw-720\/","title":{"rendered":"WebCam Xtech XTW-720"},"content":{"rendered":"<ul>\r\n \t<li><strong>Tipo:\u00a0<\/strong>Webcam USB 720P<\/li>\r\n \t<li><strong>M\u00e1xima resoluci\u00f3n soportada:\u00a0<\/strong>1280x720P<\/li>\r\n \t<li><strong>Ancho de pantalla 16:9:\u00a0<\/strong>S\u00ed<\/li>\r\n \t<li><strong>Resoluci\u00f3n en modo de video:\u00a0<\/strong>1280x720P<\/li>\r\n \t<li><strong>Resoluci\u00f3n de fotograf\u00eda:\u00a0<\/strong>1280&#215;720<\/li>\r\n \t<li><strong>Tipo de foco:\u00a0<\/strong>Foco fijo<\/li>\r\n \t<li><strong>Tipo de lente:\u00a0<\/strong>3P<\/li>\r\n \t<li><strong>Autocorrecci\u00f3n de luz:\u00a0<\/strong>S\u00ed<\/li>\r\n \t<li><strong>Micr\u00f3fono integrado:\u00a0<\/strong>S\u00ed<\/li>\r\n \t<li><strong>Parlantes integrados:\u00a0<\/strong>No<\/li>\r\n \t<li><strong>Velocidad de fotogramas:\u00a0<\/strong>30fps<\/li>\r\n \t<li><strong>Campo de visi\u00f3n:\u00a0<\/strong>60\u00b0 a 80\u00b0<\/li>\r\n \t<li><strong>Distancia de enfoque:\u00a0<\/strong>2,7m<\/li>\r\n \t<li><strong>Formato de video:\u00a0<\/strong>H.264<\/li>\r\n \t<li><strong>Formato de imagen:\u00a0<\/strong>YUY2\/MJPG<\/li>\r\n \t<li><strong>Conectividad:\u00a0<\/strong>USB 2.0<\/li>\r\n \t<li><strong>Controladores:\u00a0<\/strong>No<\/li>\r\n \t<li><strong>Compatibilidad con sistemas\u00a0operativos y streaming:\u00a0<\/strong>Windows\u00ae XP\/7\/8\/10; MacOS X 10.7-10.14; Linux hasta Ver. 2.6.24<\/li>\r\n \t<li><strong>Formato de salida:\u00a0<\/strong>Streaming de video USB<\/li>\r\n \t<li><strong>Tipo de interfaz:\u00a0<\/strong>USB<\/li>\r\n<\/ul>\r\n<strong>Informaci\u00f3n adicional<\/strong>\r\n<ul>\r\n \t<li><strong>Color:\u00a0<\/strong>Negro<\/li>\r\n \t<li><strong>Material:\u00a0<\/strong>ABS<\/li>\r\n \t<li><strong>Cables:\u00a0<\/strong>USB<\/li>\r\n \t<li><strong>Longitud del cable:\u00a0<\/strong>1,2m<\/li>\r\n \t<li><strong>Tama\u00f1o (LaxPrxAl):\u00a0<\/strong>7,8&#215;3,2x8c<\/li>\r\n<\/ul>","protected":false},"excerpt":{"rendered":"<ul>\r\n \t<li>HD Ready (1280x720P) para videollamadas, estudiar en l\u00ednea y streaming<\/li>\r\n \t<li>Micr\u00f3fono integrado que garantiza la comunicaci\u00f3n a trav\u00e9s de la c\u00e1mara<\/li>\r\n \t<li>Clip universal para usar en laptops y monitores<\/li>\r\n \t<li>30fps para ver video con movimiento completo<\/li>\r\n \t<li>Formato de video: H.264 para una variedad de software de videoconferencias<\/li>\r\n \t<li>Autocorrecci\u00f3n de luz ajusta el color de la luz y captura detalles m\u00e1s claros de la imagen<\/li>\r\n \t<li>Interfaz USB, simplemente con\u00e9ctala a la computadora con el cable USB y est\u00e1 lista para usar<\/li>\r\n<\/ul>\r\nImagen Ilustrativa, disponibilidad sujeta a stock.","protected":false},"featured_media":4524,"comment_status":"open","ping_status":"closed","template":"","meta":[],"_links":{"self":[{"href":"https:\/\/www.ellogo.com.uy\/web\/wp-json\/wp\/v2\/product\/4523"}],"collection":[{"href":"https:\/\/www.ellogo.com.uy\/web\/wp-json\/wp\/v2\/product"}],"about":[{"href":"https:\/\/www.ellogo.com.uy\/web\/wp-json\/wp\/v2\/types\/product"}],"replies":[{"embeddable":true,"href":"https:\/\/www.ellogo.com.uy\/web\/wp-json\/wp\/v2\/comments?post=4523"}],"wp:featuredmedia":[{"embeddable":true,"href":"https:\/\/www.ellogo.com.uy\/web\/wp-json\/wp\/v2\/media\/4524"}],"wp:attachment":[{"href":"https:\/\/www.ellogo.com.uy\/web\/wp-json\/wp\/v2\/media?parent=4523"}],"curies":[{"name":"wp","href":"https:\/\/api.w.org\/{rel}","templated":true}]}}