{"id":4528,"date":"2025-10-29T12:08:40","date_gmt":"2025-10-29T15:08:40","guid":{"rendered":"https:\/\/www.ellogo.com.uy\/web\/?post_type=product&#038;p=4528"},"modified":"2025-10-29T12:10:21","modified_gmt":"2025-10-29T15:10:21","slug":"soporte-c-brazo-ledstar-ltv-g43","status":"publish","type":"product","link":"https:\/\/www.ellogo.com.uy\/web\/producto\/soporte-c-brazo-ledstar-ltv-g43\/","title":{"rendered":"Soporte c\/brazo Ledstar LTV-G43"},"content":{"rendered":"<div class=\"ui-vpp-striped-specs\">\r\n<div class=\"ui-vpp-striped-specs__table\">\r\n<h3 class=\"ui-vpp-striped-specs__header\">Caracter\u00edsticas generales<\/h3>\r\n<table class=\"andes-table\">\r\n<tbody class=\"andes-table__body\">\r\n<tr class=\"andes-table__row ui-vpp-striped-specs__row\">\r\n<th class=\"andes-table__header andes-table__header--left ui-vpp-striped-specs__row__column ui-vpp-striped-specs__row__column--id\" scope=\"row\">\r\n<div class=\"andes-table__header__container\">Marca<\/div><\/th>\r\n<td id=\":Rabqlpakp7le:\" class=\"andes-table__column andes-table__column--left andes-table__column--vertical-align-center ui-vpp-striped-specs__row__column\"><span id=\":Rabqlpakp7le:-value\" class=\"andes-table__column--value\">Ledstar<\/span><\/td>\r\n<\/tr>\r\n<tr class=\"andes-table__row ui-vpp-striped-specs__row\">\r\n<th class=\"andes-table__header andes-table__header--left ui-vpp-striped-specs__row__column ui-vpp-striped-specs__row__column--id\" scope=\"row\">\r\n<div class=\"andes-table__header__container\">Modelo<\/div><\/th>\r\n<td id=\":Radqlpakp7le:\" class=\"andes-table__column andes-table__column--left andes-table__column--vertical-align-center ui-vpp-striped-specs__row__column\"><span id=\":Radqlpakp7le:-value\" class=\"andes-table__column--value\">LTV-G43<\/span><\/td>\r\n<\/tr>\r\n<tr class=\"andes-table__row ui-vpp-striped-specs__row\">\r\n<th class=\"andes-table__header andes-table__header--left ui-vpp-striped-specs__row__column ui-vpp-striped-specs__row__column--id\" scope=\"row\">\r\n<div class=\"andes-table__header__container\">Color<\/div><\/th>\r\n<td id=\":Rafqlpakp7le:\" class=\"andes-table__column andes-table__column--left andes-table__column--vertical-align-center ui-vpp-striped-specs__row__column\"><span id=\":Rafqlpakp7le:-value\" class=\"andes-table__column--value\">Negro<\/span><\/td>\r\n<\/tr>\r\n<\/tbody>\r\n<\/table>\r\n<\/div>\r\n<\/div>\r\n<div class=\"ui-vpp-striped-specs\">\r\n<div class=\"ui-vpp-striped-specs__table\">\r\n<h3 class=\"ui-vpp-striped-specs__header\">Pantalla<\/h3>\r\n<table class=\"andes-table\">\r\n<tbody class=\"andes-table__body\">\r\n<tr class=\"andes-table__row ui-vpp-striped-specs__row\">\r\n<th class=\"andes-table__header andes-table__header--left ui-vpp-striped-specs__row__column ui-vpp-striped-specs__row__column--id\" scope=\"row\">\r\n<div class=\"andes-table__header__container\">Tipos de pantallas compatibles<\/div><\/th>\r\n<td id=\":Rknj5pakp7le:\" class=\"andes-table__column andes-table__column--left andes-table__column--vertical-align-center ui-vpp-striped-specs__row__column\"><span id=\":Rknj5pakp7le:-value\" class=\"andes-table__column--value\">Todas<\/span><\/td>\r\n<\/tr>\r\n<tr class=\"andes-table__row ui-vpp-striped-specs__row\">\r\n<th class=\"andes-table__header andes-table__header--left ui-vpp-striped-specs__row__column ui-vpp-striped-specs__row__column--id\" scope=\"row\">\r\n<div class=\"andes-table__header__container\">Tama\u00f1o m\u00ednimo de la pantalla &#8211; Tama\u00f1o m\u00e1ximo de la pantalla<\/div><\/th>\r\n<td id=\":Rkrj5pakp7le:\" class=\"andes-table__column andes-table__column--left andes-table__column--vertical-align-center ui-vpp-striped-specs__row__column\"><span id=\":Rkrj5pakp7le:-value\" class=\"andes-table__column--value\">14 \u00bb &#8211; 43 \u00ab<\/span><\/td>\r\n<\/tr>\r\n<\/tbody>\r\n<\/table>\r\n<\/div>\r\n<div class=\"ui-vpp-striped-specs__table\">\r\n<h3 class=\"ui-vpp-striped-specs__header\">Especificaciones<\/h3>\r\n<table class=\"andes-table\">\r\n<tbody class=\"andes-table__body\">\r\n<tr class=\"andes-table__row ui-vpp-striped-specs__row\">\r\n<th class=\"andes-table__header andes-table__header--left ui-vpp-striped-specs__row__column ui-vpp-striped-specs__row__column--id\" scope=\"row\">\r\n<div class=\"andes-table__header__container\">Lugares de montaje<\/div><\/th>\r\n<td id=\":R197l5pakp7le:\" class=\"andes-table__column andes-table__column--left andes-table__column--vertical-align-center ui-vpp-striped-specs__row__column\"><span id=\":R197l5pakp7le:-value\" class=\"andes-table__column--value\">Pared<\/span><\/td>\r\n<\/tr>\r\n<tr class=\"andes-table__row ui-vpp-striped-specs__row\">\r\n<th class=\"andes-table__header andes-table__header--left ui-vpp-striped-specs__row__column ui-vpp-striped-specs__row__column--id\" scope=\"row\">\r\n<div class=\"andes-table__header__container\">Es inclinable<\/div><\/th>\r\n<td id=\":R19bl5pakp7le:\" class=\"andes-table__column andes-table__column--left andes-table__column--vertical-align-center ui-vpp-striped-specs__row__column\"><span id=\":R19bl5pakp7le:-value\" class=\"andes-table__column--value\">S\u00ed<\/span><\/td>\r\n<\/tr>\r\n<tr class=\"andes-table__row ui-vpp-striped-specs__row\">\r\n<th class=\"andes-table__header andes-table__header--left ui-vpp-striped-specs__row__column ui-vpp-striped-specs__row__column--id\" scope=\"row\">\r\n<div class=\"andes-table__header__container\">Es articulado<\/div><\/th>\r\n<td id=\":R19fl5pakp7le:\" class=\"andes-table__column andes-table__column--left andes-table__column--vertical-align-center ui-vpp-striped-specs__row__column\"><span id=\":R19fl5pakp7le:-value\" class=\"andes-table__column--value\">S\u00ed<\/span><\/td>\r\n<\/tr>\r\n<tr class=\"andes-table__row ui-vpp-striped-specs__row\">\r\n<th class=\"andes-table__header andes-table__header--left ui-vpp-striped-specs__row__column ui-vpp-striped-specs__row__column--id\" scope=\"row\">\r\n<div class=\"andes-table__header__container\">Es giratorio<\/div><\/th>\r\n<td id=\":R19jl5pakp7le:\" class=\"andes-table__column andes-table__column--left andes-table__column--vertical-align-center ui-vpp-striped-specs__row__column\"><span id=\":R19jl5pakp7le:-value\" class=\"andes-table__column--value\">S\u00ed<\/span><\/td>\r\n<\/tr>\r\n<tr class=\"andes-table__row ui-vpp-striped-specs__row\">\r\n<th class=\"andes-table__header andes-table__header--left ui-vpp-striped-specs__row__column ui-vpp-striped-specs__row__column--id\" scope=\"row\">\r\n<div class=\"andes-table__header__container\">Es fijo<\/div><\/th>\r\n<td id=\":R19nl5pakp7le:\" class=\"andes-table__column andes-table__column--left andes-table__column--vertical-align-center ui-vpp-striped-specs__row__column\"><span id=\":R19nl5pakp7le:-value\" class=\"andes-table__column--value\">No<\/span><\/td>\r\n<\/tr>\r\n<tr class=\"andes-table__row ui-vpp-striped-specs__row\">\r\n<th class=\"andes-table__header andes-table__header--left ui-vpp-striped-specs__row__column ui-vpp-striped-specs__row__column--id\" scope=\"row\">\r\n<div class=\"andes-table__header__container\">Es gamer<\/div><\/th>\r\n<td id=\":R19rl5pakp7le:\" class=\"andes-table__column andes-table__column--left andes-table__column--vertical-align-center ui-vpp-striped-specs__row__column\"><span id=\":R19rl5pakp7le:-value\" class=\"andes-table__column--value\">No<\/span><\/td>\r\n<\/tr>\r\n<tr class=\"andes-table__row ui-vpp-striped-specs__row\">\r\n<th class=\"andes-table__header andes-table__header--left ui-vpp-striped-specs__row__column ui-vpp-striped-specs__row__column--id\" scope=\"row\">\r\n<div class=\"andes-table__header__container\">Es motorizado<\/div><\/th>\r\n<td id=\":R19vl5pakp7le:\" class=\"andes-table__column andes-table__column--left andes-table__column--vertical-align-center ui-vpp-striped-specs__row__column\"><span id=\":R19vl5pakp7le:-value\" class=\"andes-table__column--value\">No<\/span><\/td>\r\n<\/tr>\r\n<\/tbody>\r\n<\/table>\r\n<\/div>\r\n<\/div>","protected":false},"excerpt":{"rendered":"<strong>Soporte para Tv Ledstar LTv-G43 hasta 43\u201d<\/strong>\r\n\u2013 Soporte para Tv de 14\/43\u2033 (Giratorio)\r\n\u2013 F\u00e1cil y r\u00e1pido Armado\r\n\u2013 Material hierro\r\n\r\n&nbsp;\r\n\r\nImagen Ilustrativa, disponibilidad sujeta a stock.","protected":false},"featured_media":4529,"comment_status":"open","ping_status":"closed","template":"","meta":[],"_links":{"self":[{"href":"https:\/\/www.ellogo.com.uy\/web\/wp-json\/wp\/v2\/product\/4528"}],"collection":[{"href":"https:\/\/www.ellogo.com.uy\/web\/wp-json\/wp\/v2\/product"}],"about":[{"href":"https:\/\/www.ellogo.com.uy\/web\/wp-json\/wp\/v2\/types\/product"}],"replies":[{"embeddable":true,"href":"https:\/\/www.ellogo.com.uy\/web\/wp-json\/wp\/v2\/comments?post=4528"}],"wp:featuredmedia":[{"embeddable":true,"href":"https:\/\/www.ellogo.com.uy\/web\/wp-json\/wp\/v2\/media\/4529"}],"wp:attachment":[{"href":"https:\/\/www.ellogo.com.uy\/web\/wp-json\/wp\/v2\/media?parent=4528"}],"curies":[{"name":"wp","href":"https:\/\/api.w.org\/{rel}","templated":true}]}}