{"id":4547,"date":"2026-01-21T15:44:54","date_gmt":"2026-01-21T18:44:54","guid":{"rendered":"https:\/\/www.ellogo.com.uy\/web\/?post_type=product&#038;p=4547"},"modified":"2026-01-21T16:02:16","modified_gmt":"2026-01-21T19:02:16","slug":"drone-wifi-dean666","status":"publish","type":"product","link":"https:\/\/www.ellogo.com.uy\/web\/producto\/drone-wifi-dean666\/","title":{"rendered":"Drone Wifi Dean666"},"content":{"rendered":"<div class=\"ui-pdp-container__row ui-pdp-container__row--highlighted-specs-title\">\r\n<h2 class=\"ui-vpp-text-alignment--left ui-pdp-color--BLACK ui-pdp-size--XLARGE ui-pdp-family--REGULAR highlighted-specs-title\">Caracter\u00edsticas del producto<\/h2>\r\n<\/div>\r\n<div class=\"ui-pdp-container__row ui-pdp-container__row--attributes\">\r\n<div class=\"ui-vpp-highlighted-specs__attribute-columns\">\r\n<div class=\"ui-vpp-highlighted-specs__attribute-columns__column\">\r\n<div class=\"ui-pdp-container__row ui-vpp-highlighted-specs__attribute-columns__row\">\r\n<div class=\"ui-vpp-highlighted-specs__key-value\">\r\n<div class=\"ui-pdp-background-color--GRAY_40 ui-vpp-highlighted-specs__filled-icon ui-vpp-highlighted-specs__filled-icon--ROUNDED\" aria-hidden=\"true\"><\/div>\r\n<div class=\"ui-vpp-highlighted-specs__key-value__labels\">\r\n<p class=\"ui-pdp-family--REGULAR ui-vpp-highlighted-specs__key-value__labels__key-value\"><span class=\"ui-pdp-color--BLACK ui-pdp-size--XSMALL ui-pdp-family--REGULAR\">Resoluci\u00f3n m\u00e1xima de la c\u00e1mara:<\/span>\u00a0<span class=\"ui-pdp-color--BLACK ui-pdp-size--XSMALL ui-pdp-family--SEMIBOLD\">HD<\/span><\/p>\r\n\r\n<\/div>\r\n<\/div>\r\n<\/div>\r\n<div class=\"ui-pdp-container__row ui-vpp-highlighted-specs__attribute-columns__row\">\r\n<div class=\"ui-vpp-highlighted-specs__key-value\">\r\n<div class=\"ui-pdp-background-color--GRAY_40 ui-vpp-highlighted-specs__filled-icon ui-vpp-highlighted-specs__filled-icon--ROUNDED\" aria-hidden=\"true\"><\/div>\r\n<div class=\"ui-vpp-highlighted-specs__key-value__labels\">\r\n<p class=\"ui-pdp-family--REGULAR ui-vpp-highlighted-specs__key-value__labels__key-value\"><span class=\"ui-pdp-color--BLACK ui-pdp-size--XSMALL ui-pdp-family--REGULAR\">Velocidad m\u00e1xima:<\/span>\u00a0<span class=\"ui-pdp-color--BLACK ui-pdp-size--XSMALL ui-pdp-family--SEMIBOLD\">144 km\/h<\/span><\/p>\r\n\r\n<\/div>\r\n<\/div>\r\n<\/div>\r\n<div class=\"ui-pdp-container__row ui-vpp-highlighted-specs__attribute-columns__row\">\r\n<div class=\"ui-vpp-highlighted-specs__key-value\">\r\n<div class=\"ui-pdp-background-color--GRAY_40 ui-vpp-highlighted-specs__filled-icon ui-vpp-highlighted-specs__filled-icon--ROUNDED\" aria-hidden=\"true\"><\/div>\r\n<div class=\"ui-vpp-highlighted-specs__key-value__labels\">\r\n<p class=\"ui-pdp-family--REGULAR ui-vpp-highlighted-specs__key-value__labels__key-value\"><span class=\"ui-pdp-color--BLACK ui-pdp-size--XSMALL ui-pdp-family--REGULAR\">Cantidad de bater\u00edas:<\/span>\u00a0<span class=\"ui-pdp-color--BLACK ui-pdp-size--XSMALL ui-pdp-family--SEMIBOLD\">1<\/span><\/p>\r\n\r\n<\/div>\r\n<\/div>\r\n<\/div>\r\n<\/div>\r\n<div class=\"ui-vpp-highlighted-specs__attribute-columns__column\">\r\n<div class=\"ui-pdp-container__row ui-vpp-highlighted-specs__attribute-columns__row\">\r\n<div class=\"ui-vpp-highlighted-specs__key-value\">\r\n<div class=\"ui-pdp-background-color--GRAY_40 ui-vpp-highlighted-specs__filled-icon ui-vpp-highlighted-specs__filled-icon--ROUNDED\" aria-hidden=\"true\"><\/div>\r\n<div class=\"ui-vpp-highlighted-specs__key-value__labels\">\r\n<p class=\"ui-pdp-family--REGULAR ui-vpp-highlighted-specs__key-value__labels__key-value\"><span class=\"ui-pdp-color--BLACK ui-pdp-size--XSMALL ui-pdp-family--REGULAR\">Tiempo m\u00e1ximo de vuelo:<\/span>\u00a0<span class=\"ui-pdp-color--BLACK ui-pdp-size--XSMALL ui-pdp-family--SEMIBOLD\">10 m<\/span><\/p>\r\n\r\n<\/div>\r\n<\/div>\r\n<\/div>\r\n<div class=\"ui-pdp-container__row ui-vpp-highlighted-specs__attribute-columns__row\">\r\n<div class=\"ui-vpp-highlighted-specs__key-value\">\r\n<div class=\"ui-pdp-background-color--GRAY_40 ui-vpp-highlighted-specs__filled-icon ui-vpp-highlighted-specs__filled-icon--ROUNDED\" aria-hidden=\"true\"><\/div>\r\n<div class=\"ui-vpp-highlighted-specs__key-value__labels\">\r\n<p class=\"ui-pdp-family--REGULAR ui-vpp-highlighted-specs__key-value__labels__key-value\"><span class=\"ui-pdp-color--BLACK ui-pdp-size--XSMALL ui-pdp-family--REGULAR\">Cantidad de motores:<\/span>\u00a0<span class=\"ui-pdp-color--BLACK ui-pdp-size--XSMALL ui-pdp-family--SEMIBOLD\">4<\/span><\/p>\r\n\r\n<\/div>\r\n<\/div>\r\n<\/div>\r\n<\/div>\r\n<\/div>\r\n<\/div>\r\n<div class=\"ui-pdp-container__row ui-pdp-container__row--technical-specifications\">\r\n<div class=\"ui-pdp-collapsable ui-vpp-highlighted-specs__striped-collapsed__action\">\r\n<div class=\"ui-pdp-collapsable__container\">\r\n<div class=\"ui-vpp-highlighted-specs__striped-specs\">\r\n<div class=\"ui-vpp-striped-specs\">\r\n<div class=\"ui-vpp-striped-specs__table\">\r\n<h3 class=\"ui-vpp-striped-specs__header\">Caracter\u00edsticas generales<\/h3>\r\n<table class=\"andes-table\">\r\n<tbody class=\"andes-table__body\">\r\n<tr class=\"andes-table__row ui-vpp-striped-specs__row\">\r\n<th class=\"andes-table__header andes-table__header--left ui-vpp-striped-specs__row__column ui-vpp-striped-specs__row__column--id\" scope=\"row\">\r\n<div class=\"andes-table__header__container\">Marca<\/div><\/th>\r\n<td id=\":R197ilpakp7de:\" class=\"andes-table__column andes-table__column--left andes-table__column--vertical-align-center ui-vpp-striped-specs__row__column\"><span id=\":R197ilpakp7de:-value\" class=\"andes-table__column--value\">Syma<\/span><\/td>\r\n<\/tr>\r\n<tr class=\"andes-table__row ui-vpp-striped-specs__row\">\r\n<th class=\"andes-table__header andes-table__header--left ui-vpp-striped-specs__row__column ui-vpp-striped-specs__row__column--id\" scope=\"row\">\r\n<div class=\"andes-table__header__container\">Modelo<\/div><\/th>\r\n<td id=\":R19bilpakp7de:\" class=\"andes-table__column andes-table__column--left andes-table__column--vertical-align-center ui-vpp-striped-specs__row__column\"><span id=\":R19bilpakp7de:-value\" class=\"andes-table__column--value\">Explorers<\/span><\/td>\r\n<\/tr>\r\n<tr class=\"andes-table__row ui-vpp-striped-specs__row\">\r\n<th class=\"andes-table__header andes-table__header--left ui-vpp-striped-specs__row__column ui-vpp-striped-specs__row__column--id\" scope=\"row\">\r\n<div class=\"andes-table__header__container\">Modelo alfanum\u00e9rico<\/div><\/th>\r\n<td id=\":R19filpakp7de:\" class=\"andes-table__column andes-table__column--left andes-table__column--vertical-align-center ui-vpp-striped-specs__row__column\"><span id=\":R19filpakp7de:-value\" class=\"andes-table__column--value\">X5C-1<\/span><\/td>\r\n<\/tr>\r\n<tr class=\"andes-table__row ui-vpp-striped-specs__row\">\r\n<th class=\"andes-table__header andes-table__header--left ui-vpp-striped-specs__row__column ui-vpp-striped-specs__row__column--id\" scope=\"row\">\r\n<div class=\"andes-table__header__container\">Color<\/div><\/th>\r\n<td id=\":R19jilpakp7de:\" class=\"andes-table__column andes-table__column--left andes-table__column--vertical-align-center ui-vpp-striped-specs__row__column\"><span id=\":R19jilpakp7de:-value\" class=\"andes-table__column--value\">Blanco<\/span><\/td>\r\n<\/tr>\r\n<tr class=\"andes-table__row ui-vpp-striped-specs__row\">\r\n<th class=\"andes-table__header andes-table__header--left ui-vpp-striped-specs__row__column ui-vpp-striped-specs__row__column--id\" scope=\"row\">\r\n<div class=\"andes-table__header__container\">Ambientes de uso<\/div><\/th>\r\n<td id=\":R19nilpakp7de:\" class=\"andes-table__column andes-table__column--left andes-table__column--vertical-align-center ui-vpp-striped-specs__row__column\"><span id=\":R19nilpakp7de:-value\" class=\"andes-table__column--value\">Exterior<\/span><\/td>\r\n<\/tr>\r\n<\/tbody>\r\n<\/table>\r\n<\/div>\r\n<div class=\"ui-vpp-striped-specs__table\">\r\n<h3 class=\"ui-vpp-striped-specs__header\">Especificaciones<\/h3>\r\n<table class=\"andes-table\">\r\n<tbody class=\"andes-table__body\">\r\n<tr class=\"andes-table__row ui-vpp-striped-specs__row\">\r\n<th class=\"andes-table__header andes-table__header--left ui-vpp-striped-specs__row__column ui-vpp-striped-specs__row__column--id\" scope=\"row\">\r\n<div class=\"andes-table__header__container\">Tipos de drone<\/div><\/th>\r\n<td id=\":R197klpakp7de:\" class=\"andes-table__column andes-table__column--left andes-table__column--vertical-align-center ui-vpp-striped-specs__row__column\"><span id=\":R197klpakp7de:-value\" class=\"andes-table__column--value\">A\u00e9reo<\/span><\/td>\r\n<\/tr>\r\n<tr class=\"andes-table__row ui-vpp-striped-specs__row\">\r\n<th class=\"andes-table__header andes-table__header--left ui-vpp-striped-specs__row__column ui-vpp-striped-specs__row__column--id\" scope=\"row\">\r\n<div class=\"andes-table__header__container\">Es mini<\/div><\/th>\r\n<td id=\":R19bklpakp7de:\" class=\"andes-table__column andes-table__column--left andes-table__column--vertical-align-center ui-vpp-striped-specs__row__column\"><span id=\":R19bklpakp7de:-value\" class=\"andes-table__column--value\">No<\/span><\/td>\r\n<\/tr>\r\n<tr class=\"andes-table__row ui-vpp-striped-specs__row\">\r\n<th class=\"andes-table__header andes-table__header--left ui-vpp-striped-specs__row__column ui-vpp-striped-specs__row__column--id\" scope=\"row\">\r\n<div class=\"andes-table__header__container\">Tiempo m\u00e1ximo de vuelo<\/div><\/th>\r\n<td id=\":R19fklpakp7de:\" class=\"andes-table__column andes-table__column--left andes-table__column--vertical-align-center ui-vpp-striped-specs__row__column\"><span id=\":R19fklpakp7de:-value\" class=\"andes-table__column--value\">10 m<\/span><\/td>\r\n<\/tr>\r\n<tr class=\"andes-table__row ui-vpp-striped-specs__row\">\r\n<th class=\"andes-table__header andes-table__header--left ui-vpp-striped-specs__row__column ui-vpp-striped-specs__row__column--id\" scope=\"row\">\r\n<div class=\"andes-table__header__container\">Es plegable<\/div><\/th>\r\n<td id=\":R19jklpakp7de:\" class=\"andes-table__column andes-table__column--left andes-table__column--vertical-align-center ui-vpp-striped-specs__row__column\"><span id=\":R19jklpakp7de:-value\" class=\"andes-table__column--value\">No<\/span><\/td>\r\n<\/tr>\r\n<tr class=\"andes-table__row ui-vpp-striped-specs__row\">\r\n<th class=\"andes-table__header andes-table__header--left ui-vpp-striped-specs__row__column ui-vpp-striped-specs__row__column--id\" scope=\"row\">\r\n<div class=\"andes-table__header__container\">Velocidad m\u00e1xima<\/div><\/th>\r\n<td id=\":R19nklpakp7de:\" class=\"andes-table__column andes-table__column--left andes-table__column--vertical-align-center ui-vpp-striped-specs__row__column\"><span id=\":R19nklpakp7de:-value\" class=\"andes-table__column--value\">144 km\/h<\/span><\/td>\r\n<\/tr>\r\n<tr class=\"andes-table__row ui-vpp-striped-specs__row\">\r\n<th class=\"andes-table__header andes-table__header--left ui-vpp-striped-specs__row__column ui-vpp-striped-specs__row__column--id\" scope=\"row\">\r\n<div class=\"andes-table__header__container\">Cantidad de motores<\/div><\/th>\r\n<td id=\":R19rklpakp7de:\" class=\"andes-table__column andes-table__column--left andes-table__column--vertical-align-center ui-vpp-striped-specs__row__column\"><span id=\":R19rklpakp7de:-value\" class=\"andes-table__column--value\">4<\/span><\/td>\r\n<\/tr>\r\n<\/tbody>\r\n<\/table>\r\n<\/div>\r\n<div class=\"ui-vpp-striped-specs__table\">\r\n<h3 class=\"ui-vpp-striped-specs__header\">Otros<\/h3>\r\n<table class=\"andes-table\">\r\n<tbody class=\"andes-table__body\">\r\n<tr class=\"andes-table__row ui-vpp-striped-specs__row\">\r\n<th class=\"andes-table__header andes-table__header--left ui-vpp-striped-specs__row__column ui-vpp-striped-specs__row__column--id\" scope=\"row\">\r\n<div class=\"andes-table__header__container\">Es FPV<\/div><\/th>\r\n<td id=\":Rknmlpakp7de:\" class=\"andes-table__column andes-table__column--left andes-table__column--vertical-align-center ui-vpp-striped-specs__row__column\"><span id=\":Rknmlpakp7de:-value\" class=\"andes-table__column--value\">No<\/span><\/td>\r\n<\/tr>\r\n<tr class=\"andes-table__row ui-vpp-striped-specs__row\">\r\n<th class=\"andes-table__header andes-table__header--left ui-vpp-striped-specs__row__column ui-vpp-striped-specs__row__column--id\" scope=\"row\">\r\n<div class=\"andes-table__header__container\">Accesorios incluidos<\/div><\/th>\r\n<td id=\":Rkrmlpakp7de:\" class=\"andes-table__column andes-table__column--left andes-table__column--vertical-align-center ui-vpp-striped-specs__row__column\"><span id=\":Rkrmlpakp7de:-value\" class=\"andes-table__column--value\">1 cable USB, 4 tornillos, Destornillador, H\u00e9lices principales, Manual<\/span><\/td>\r\n<\/tr>\r\n<\/tbody>\r\n<\/table>\r\n<\/div>\r\n<\/div>\r\n<div class=\"ui-vpp-striped-specs\">\r\n<div class=\"ui-vpp-striped-specs__table\">\r\n<h3 class=\"ui-vpp-striped-specs__header\">Conectividad<\/h3>\r\n<table class=\"andes-table\">\r\n<tbody class=\"andes-table__body\">\r\n<tr class=\"andes-table__row ui-vpp-striped-specs__row\">\r\n<th class=\"andes-table__header andes-table__header--left ui-vpp-striped-specs__row__column ui-vpp-striped-specs__row__column--id\" scope=\"row\">\r\n<div class=\"andes-table__header__container\">Con Wi-Fi<\/div><\/th>\r\n<td id=\":R19f35pakp7de:\" class=\"andes-table__column andes-table__column--left andes-table__column--vertical-align-center ui-vpp-striped-specs__row__column\"><span id=\":R19f35pakp7de:-value\" class=\"andes-table__column--value\">No<\/span><\/td>\r\n<\/tr>\r\n<tr class=\"andes-table__row ui-vpp-striped-specs__row\">\r\n<th class=\"andes-table__header andes-table__header--left ui-vpp-striped-specs__row__column ui-vpp-striped-specs__row__column--id\" scope=\"row\">\r\n<div class=\"andes-table__header__container\">Con GPS<\/div><\/th>\r\n<td id=\":R19n35pakp7de:\" class=\"andes-table__column andes-table__column--left andes-table__column--vertical-align-center ui-vpp-striped-specs__row__column\"><span id=\":R19n35pakp7de:-value\" class=\"andes-table__column--value\">No<\/span><\/td>\r\n<\/tr>\r\n<\/tbody>\r\n<\/table>\r\n<\/div>\r\n<div class=\"ui-vpp-striped-specs__table\">\r\n<h3 class=\"ui-vpp-striped-specs__header\">Bater\u00eda<\/h3>\r\n<table class=\"andes-table\">\r\n<tbody class=\"andes-table__body\">\r\n<tr class=\"andes-table__row ui-vpp-striped-specs__row\">\r\n<th class=\"andes-table__header andes-table__header--left ui-vpp-striped-specs__row__column ui-vpp-striped-specs__row__column--id\" scope=\"row\">\r\n<div class=\"andes-table__header__container\">Cantidad de bater\u00edas incluidas<\/div><\/th>\r\n<td id=\":Rkv55pakp7de:\" class=\"andes-table__column andes-table__column--left andes-table__column--vertical-align-center ui-vpp-striped-specs__row__column\"><span id=\":Rkv55pakp7de:-value\" class=\"andes-table__column--value\">1<\/span><\/td>\r\n<\/tr>\r\n<\/tbody>\r\n<\/table>\r\n<\/div>\r\n<div class=\"ui-vpp-striped-specs__table\">\r\n<h3 class=\"ui-vpp-striped-specs__header\">C\u00e1mara<\/h3>\r\n<table class=\"andes-table\">\r\n<tbody class=\"andes-table__body\">\r\n<tr class=\"andes-table__row ui-vpp-striped-specs__row\">\r\n<th class=\"andes-table__header andes-table__header--left ui-vpp-striped-specs__row__column ui-vpp-striped-specs__row__column--id\" scope=\"row\">\r\n<div class=\"andes-table__header__container\">Resoluci\u00f3n m\u00e1xima de la c\u00e1mara<\/div><\/th>\r\n<td id=\":R19f75pakp7de:\" class=\"andes-table__column andes-table__column--left andes-table__column--vertical-align-center ui-vpp-striped-specs__row__column\"><span id=\":R19f75pakp7de:-value\" class=\"andes-table__column--value\">HD<\/span><\/td>\r\n<\/tr>\r\n<tr class=\"andes-table__row ui-vpp-striped-specs__row\">\r\n<th class=\"andes-table__header andes-table__header--left ui-vpp-striped-specs__row__column ui-vpp-striped-specs__row__column--id\" scope=\"row\">\r\n<div class=\"andes-table__header__container\">Con c\u00e1mara<\/div><\/th>\r\n<td id=\":R19n75pakp7de:\" class=\"andes-table__column andes-table__column--left andes-table__column--vertical-align-center ui-vpp-striped-specs__row__column\"><span id=\":R19n75pakp7de:-value\" class=\"andes-table__column--value\">S\u00ed<\/span><\/td>\r\n<\/tr>\r\n<tr class=\"andes-table__row ui-vpp-striped-specs__row\">\r\n<th class=\"andes-table__header andes-table__header--left ui-vpp-striped-specs__row__column ui-vpp-striped-specs__row__column--id\" scope=\"row\">\r\n<div class=\"andes-table__header__container\">Con c\u00e1mara dual<\/div><\/th>\r\n<td id=\":R19v75pakp7de:\" class=\"andes-table__column andes-table__column--left andes-table__column--vertical-align-center ui-vpp-striped-specs__row__column\"><span id=\":R19v75pakp7de:-value\" class=\"andes-table__column--value\">No<\/span><\/td>\r\n<\/tr>\r\n<\/tbody>\r\n<\/table>\r\n<\/div>\r\n<div class=\"ui-vpp-striped-specs__table\">\r\n<h3 class=\"ui-vpp-striped-specs__header\">Control remoto<\/h3>\r\n<table class=\"andes-table\">\r\n<tbody class=\"andes-table__body\">\r\n<tr class=\"andes-table__row ui-vpp-striped-specs__row\">\r\n<th class=\"andes-table__header andes-table__header--left ui-vpp-striped-specs__row__column ui-vpp-striped-specs__row__column--id\" scope=\"row\">\r\n<div class=\"andes-table__header__container\">Con control remoto<\/div><\/th>\r\n<td id=\":R19f95pakp7de:\" class=\"andes-table__column andes-table__column--left andes-table__column--vertical-align-center ui-vpp-striped-specs__row__column\"><span id=\":R19f95pakp7de:-value\" class=\"andes-table__column--value\">S\u00ed<\/span><\/td>\r\n<\/tr>\r\n<tr class=\"andes-table__row ui-vpp-striped-specs__row\">\r\n<th class=\"andes-table__header andes-table__header--left ui-vpp-striped-specs__row__column ui-vpp-striped-specs__row__column--id\" scope=\"row\">\r\n<div class=\"andes-table__header__container\">Es controlado por smartphone<\/div><\/th>\r\n<td id=\":R19n95pakp7de:\" class=\"andes-table__column andes-table__column--left andes-table__column--vertical-align-center ui-vpp-striped-specs__row__column\"><span id=\":R19n95pakp7de:-value\" class=\"andes-table__column--value\">No<\/span><\/td>\r\n<\/tr>\r\n<tr class=\"andes-table__row ui-vpp-striped-specs__row\">\r\n<th class=\"andes-table__header andes-table__header--left ui-vpp-striped-specs__row__column ui-vpp-striped-specs__row__column--id\" scope=\"row\">\r\n<div class=\"andes-table__header__container\">Con control remoto t\u00e1ctil<\/div><\/th>\r\n<td id=\":R19v95pakp7de:\" class=\"andes-table__column andes-table__column--left andes-table__column--vertical-align-center ui-vpp-striped-specs__row__column\"><span id=\":R19v95pakp7de:-value\" class=\"andes-table__column--value\">No<\/span><\/td>\r\n<\/tr>\r\n<\/tbody>\r\n<\/table>\r\n<\/div>\r\n<div class=\"ui-vpp-striped-specs__table\">\r\n<h3 class=\"ui-vpp-striped-specs__header\">Accesorios<\/h3>\r\n<table class=\"andes-table\">\r\n<tbody class=\"andes-table__body\">\r\n<tr class=\"andes-table__row ui-vpp-striped-specs__row\">\r\n<th class=\"andes-table__header andes-table__header--left ui-vpp-striped-specs__row__column ui-vpp-striped-specs__row__column--id\" scope=\"row\">\r\n<div class=\"andes-table__header__container\">Con protector de h\u00e9lices<\/div><\/th>\r\n<td id=\":Rkvb5pakp7de:\" class=\"andes-table__column andes-table__column--left andes-table__column--vertical-align-center ui-vpp-striped-specs__row__column\"><span id=\":Rkvb5pakp7de:-value\" class=\"andes-table__column--value\">S\u00ed<\/span><\/td>\r\n<\/tr>\r\n<\/tbody>\r\n<\/table>\r\n<\/div>\r\n<div class=\"ui-vpp-striped-specs__table\">\r\n<h3 class=\"ui-vpp-striped-specs__header\">Funciones<\/h3>\r\n<table class=\"andes-table\">\r\n<tbody class=\"andes-table__body\">\r\n<tr class=\"andes-table__row ui-vpp-striped-specs__row\">\r\n<th class=\"andes-table__header andes-table__header--left ui-vpp-striped-specs__row__column ui-vpp-striped-specs__row__column--id\" scope=\"row\">\r\n<div class=\"andes-table__header__container\">Con funci\u00f3n de auto retorno<\/div><\/th>\r\n<td id=\":R2ifd5pakp7de:\" class=\"andes-table__column andes-table__column--left andes-table__column--vertical-align-center ui-vpp-striped-specs__row__column\"><span id=\":R2ifd5pakp7de:-value\" class=\"andes-table__column--value\">No<\/span><\/td>\r\n<\/tr>\r\n<tr class=\"andes-table__row ui-vpp-striped-specs__row\">\r\n<th class=\"andes-table__header andes-table__header--left ui-vpp-striped-specs__row__column ui-vpp-striped-specs__row__column--id\" scope=\"row\">\r\n<div class=\"andes-table__header__container\">Con giro 360<\/div><\/th>\r\n<td id=\":R2ind5pakp7de:\" class=\"andes-table__column andes-table__column--left andes-table__column--vertical-align-center ui-vpp-striped-specs__row__column\"><span id=\":R2ind5pakp7de:-value\" class=\"andes-table__column--value\">S\u00ed<\/span><\/td>\r\n<\/tr>\r\n<tr class=\"andes-table__row ui-vpp-striped-specs__row\">\r\n<th class=\"andes-table__header andes-table__header--left ui-vpp-striped-specs__row__column ui-vpp-striped-specs__row__column--id\" scope=\"row\">\r\n<div class=\"andes-table__header__container\">Con retenci\u00f3n de altitud<\/div><\/th>\r\n<td id=\":R2ivd5pakp7de:\" class=\"andes-table__column andes-table__column--left andes-table__column--vertical-align-center ui-vpp-striped-specs__row__column\"><span id=\":R2ivd5pakp7de:-value\" class=\"andes-table__column--value\">S\u00ed<\/span><\/td>\r\n<\/tr>\r\n<tr class=\"andes-table__row ui-vpp-striped-specs__row\">\r\n<th class=\"andes-table__header andes-table__header--left ui-vpp-striped-specs__row__column ui-vpp-striped-specs__row__column--id\" scope=\"row\">\r\n<div class=\"andes-table__header__container\">Con funci\u00f3n de seguimiento<\/div><\/th>\r\n<td id=\":R2j7d5pakp7de:\" class=\"andes-table__column andes-table__column--left andes-table__column--vertical-align-center ui-vpp-striped-specs__row__column\"><span id=\":R2j7d5pakp7de:-value\" class=\"andes-table__column--value\">No<\/span><\/td>\r\n<\/tr>\r\n<tr class=\"andes-table__row ui-vpp-striped-specs__row\">\r\n<th class=\"andes-table__header andes-table__header--left ui-vpp-striped-specs__row__column ui-vpp-striped-specs__row__column--id\" scope=\"row\">\r\n<div class=\"andes-table__header__container\">Con modo sin cabeza<\/div><\/th>\r\n<td id=\":R2jfd5pakp7de:\" class=\"andes-table__column andes-table__column--left andes-table__column--vertical-align-center ui-vpp-striped-specs__row__column\"><span id=\":R2jfd5pakp7de:-value\" class=\"andes-table__column--value\">S\u00ed<\/span><\/td>\r\n<\/tr>\r\n<\/tbody>\r\n<\/table>\r\n<\/div>\r\n<\/div>\r\n<\/div>\r\n<\/div>\r\n<\/div>\r\n<\/div>\r\n&nbsp;","protected":false},"excerpt":{"rendered":"<ul class=\"ui-vpp-highlighted-specs__features-list\">\r\n \t<li class=\"ui-vpp-highlighted-specs__features-list-item ui-pdp-color--BLACK ui-pdp-size--XSMALL ui-pdp-family--REGULAR\">Tipo de drone: a\u00e9reo.<\/li>\r\n \t<li class=\"ui-vpp-highlighted-specs__features-list-item ui-pdp-color--BLACK ui-pdp-size--XSMALL ui-pdp-family--REGULAR\">Alcanza una velocidad m\u00e1xima de 144km\/h.<\/li>\r\n \t<li class=\"ui-vpp-highlighted-specs__features-list-item ui-pdp-color--BLACK ui-pdp-size--XSMALL ui-pdp-family--REGULAR\">Posee 4 motores.<\/li>\r\n \t<li class=\"ui-vpp-highlighted-specs__features-list-item ui-pdp-color--BLACK ui-pdp-size--XSMALL ui-pdp-family--REGULAR\">Resoluci\u00f3n m\u00e1xima de la c\u00e1mara: HD.<\/li>\r\n \t<li class=\"ui-vpp-highlighted-specs__features-list-item ui-pdp-color--BLACK ui-pdp-size--XSMALL ui-pdp-family--REGULAR\">Tiempo m\u00e1ximo de vuelo: 10m.<\/li>\r\n \t<li class=\"ui-vpp-highlighted-specs__features-list-item ui-pdp-color--BLACK ui-pdp-size--XSMALL ui-pdp-family--REGULAR\">Incluye 1 bater\u00eda.<\/li>\r\n \t<li class=\"ui-vpp-highlighted-specs__features-list-item ui-pdp-color--BLACK ui-pdp-size--XSMALL ui-pdp-family--REGULAR\">Con giro 360.<\/li>\r\n \t<li class=\"ui-vpp-highlighted-specs__features-list-item ui-pdp-color--BLACK ui-pdp-size--XSMALL ui-pdp-family--REGULAR\">Viene con modo retenci\u00f3n de altitud para vuelos estables.<\/li>\r\n \t<li class=\"ui-vpp-highlighted-specs__features-list-item ui-pdp-color--BLACK ui-pdp-size--XSMALL ui-pdp-family--REGULAR\">Con modo sin cabeza para volar sin necesidad de ajustar la posici\u00f3n.<\/li>\r\n \t<li class=\"ui-vpp-highlighted-specs__features-list-item ui-pdp-color--BLACK ui-pdp-size--XSMALL ui-pdp-family--REGULAR\">Incluye control remoto.<\/li>\r\n \t<li class=\"ui-vpp-highlighted-specs__features-list-item ui-pdp-color--BLACK ui-pdp-size--XSMALL ui-pdp-family--REGULAR\">Con accesorios incluidos.<\/li>\r\n \t<li class=\"ui-vpp-highlighted-specs__features-list-item ui-pdp-color--BLACK ui-pdp-size--XSMALL ui-pdp-family--REGULAR\">La duraci\u00f3n de la bater\u00eda depende del uso que se le d\u00e9 al producto.<\/li>\r\n<\/ul>\r\nImagen Ilustrativa, disponibilidad sujeta a stock.","protected":false},"featured_media":4548,"comment_status":"open","ping_status":"closed","template":"","meta":[],"_links":{"self":[{"href":"https:\/\/www.ellogo.com.uy\/web\/wp-json\/wp\/v2\/product\/4547"}],"collection":[{"href":"https:\/\/www.ellogo.com.uy\/web\/wp-json\/wp\/v2\/product"}],"about":[{"href":"https:\/\/www.ellogo.com.uy\/web\/wp-json\/wp\/v2\/types\/product"}],"replies":[{"embeddable":true,"href":"https:\/\/www.ellogo.com.uy\/web\/wp-json\/wp\/v2\/comments?post=4547"}],"wp:featuredmedia":[{"embeddable":true,"href":"https:\/\/www.ellogo.com.uy\/web\/wp-json\/wp\/v2\/media\/4548"}],"wp:attachment":[{"href":"https:\/\/www.ellogo.com.uy\/web\/wp-json\/wp\/v2\/media?parent=4547"}],"curies":[{"name":"wp","href":"https:\/\/api.w.org\/{rel}","templated":true}]}}